{"id":29965,"date":"2024-10-31T14:04:37","date_gmt":"2024-10-31T13:04:37","guid":{"rendered":"https:\/\/testshop.igel.wovodo.de\/product\/profi-airbrush-set-carry-iv-tc-pink-mit-torten-deco-airbrush-set\/"},"modified":"2025-01-27T12:28:01","modified_gmt":"2025-01-27T11:28:01","slug":"profi-airbrush-set-carry-iv-tc-pink-mit-torten-deco-airbrush-set","status":"publish","type":"product","link":"https:\/\/testshop.igel.wovodo.de\/cs\/product\/profi-airbrush-set-carry-iv-tc-pink-mit-torten-deco-airbrush-set\/","title":{"rendered":"Profi-AirBrush Set Carry IV-TC pink mit TORTEN-DECO-Airbrush Set"},"content":{"rendered":"<div class=\"sale_description\">\n<p>Der \u00f6l- und wartungsfreie <b>Mini-Airbrush-Kompressor Carry IV-TC<\/b> ist mit einer innovativen <b>Sensor-Touch-Control-Technologie<\/b> a <b>5 Power-Stufen ausgestattet<\/b>. Carry IV ist f\u00fcr alle Arbeiten mit handels\u00fcblichen Airbrush Farben geeignet. Mit nur 47dB erm\u00f6glicht der Mini-Kompressor angenehmes Arbeiten auch in kleineren, geschlossenen R\u00e4umen (bitte f\u00fcr eine Farbnebelabsaugung sorgen). Sein kompaktes Design, geringes Gewicht und die mitgelieferte Universal-Airbrush-Pistole erleichtern den mobilen Einsatz. Dieser kompakte Kompressor ist perfekt geeignet, um kleinere Arbeiten unterwegs zu erledigen. M\u00f6gliche Anwendungsgebiete neben Nail-Art: Kosmetik &amp; Beauty (Makeup, Haart\u00f6nung, Haarpflege, Spray Tanning), K\u00f6rper-Kunst (Body-Painting, Tattoo, Maskengestaltung), Hobby (Blumen\/ Gestecke, Modellbau, Keramik\/ Tonwaren, Textilien), kleinere Kfz-Designs (Tankdeckel\/ Helme), technische Illustrationen\/ Fotonachbesserungen und die Dekoration von Lebensmitteln (Torten\/ Cupcakes). Es stehen Ihnen praktisch unbegrenzte M\u00f6glichkeiten f\u00fcr Airbrushing zur Verf\u00fcgung.<\/p>\n<p>Dieses <b>Airbrush-Set f\u00fcr Torten<\/b> ist f\u00fcr den Betrieb mit allen g&auml;ngigen Airbrush-Kompressoren konzipiert. Es ist f&uuml;r sehr viele dickfl&uuml;ssige Farben und Werkstoffe einschlie\u00dflich Lebensmittel bestens geeignet. Die Hauptverwendung des Airpush-Deco-Pen ist f\u00fcr die Gestaltung und die Dekoration von Torten, Cupcakes, Kuchen, Desserts mit z\u00e4hfl\u00fcssigen Airbrush Lebensmittelfarben (Glasuren, Cremes usw.) vorgesehen. Er erm\u00f6glicht ein optimales Arbeiten und ist einfach in der Anwendung.<\/p>\n<p>Das mehrteilige Patisserie-Set erm&ouml;glicht <b>einfaches, m&uuml;heloses einh\u00e4ndiges Dekorieren<\/b>. Der Push-Button-Pen l&auml;sst sich mit dem mitgelieferten Druckschlauch leicht an alle g\u00e4ngige Airbrush-Kompressoren anschlie&szlig;en (z.B. an einen Mini-Airbrush-Kompressor). Mit den ICING PIPING-D&uuml;sen gelingen unglaublich sch\u00f6ne Dekorationen spielend leicht. Lassen Sie sich selbst \u00fcberraschen! Ihre Lieben werden begeistert sein!<\/p>\n<p>Mit <b>drei Farb-Beh\u00e4ltern<\/b> mit <b>je 16 ml<\/b> Fassungsverm\u00f6gen geht der Farbwechsel und das Verzieren gr\u00f6\u00dferer Fl\u00e4chen leicht von der Hand. Das Set wird mit Airbrush-Pistolen-Aufs\u00e4tzen in drei Gr\u00f6\u00dfen geliefert. Diese Glasurspitzen sind farblich leicht voneinander unterscheidbar, sodas man sich w\u00e4hrend der kreativen Airbrush-Dekoration voll und ganz auf das Verzieren und Versch\u00f6nern seines Backkunstwerks konzentrieren kann.<\/p>\n<p>Mit den <b>neun Glasurspitzen in drei verschiedenen St\u00e4rken<\/b> (3 x small 1,35 mm\/ 3 x middle 1,55 mm\/ 3 x large 1,80 mm) stehen Ihnen vielf\u00e4ltige Gestaltungsm\u00f6glichkeiten offen: Es lassen sich feine, filigrane Linien ziehen oder kleinere Fl&auml;chen einf&auml;rben. Mit Motiven, Schriftz\u00fcgen und Zahlen verleihen Sie mit diesem Airbrush-Torten-Deko-Set nach Anlass und Geschmack eine pers\u00f6nliche Note. Mit der <b>Einhand-Garnierspritze<\/b> und mit dem passenden Airpush-Aufsatz geht die Lebensmitteldekoration z\u00fcgig und m&uuml;helos von der Hand und macht jedes Backwerk garantiert zu einem Hingucker.<\/p>\n<p>Mit dem Airbrush-Set f\u00fcr Torten-Deko macht das Backen, Dekorieren und Verzieren noch mehr Spa\u00df.<\/p>\n<p>Mit diesem Kuchen- und Tortendecor-Set wird jeder Hobby-B&auml;cker zum Profi-B&auml;cker! Optimal f\u00fcr eine <b>stressfreie Weihnachtsb&auml;ckerei<\/b>, f&uuml;r die <b>beeindruckendensten Geburtstagstorten<\/b> oder f&uuml;r die <b>h&uuml;bschesten Cupcakes<\/b>.<\/p>\n<\/div>\n<h3>Mnoho dobr\u00fdch d\u016fvod\u016f, pro\u010d byste si m\u011bli koupit tento produkt:<\/h3>\n<div class=\"sale_motive\">\n<ul>\n<li>Komplett-Set mit Airbrush-Kompressor &amp; Icing-Pen<\/li>\n<li>Airbrush-Kompressor mit Sensor-Touch-Technologie und 5-Power-Stufen<\/li>\n<li>Airbrush-Torten-Deko-Set mit umfangreichem Zubeh\u00f6r<\/li>\n<li>Icing-Pen mit 3 Farbbeh\u00e4ltern f\u00fcr einen schnellen Farbwechsel<\/li>\n<li>Icing-Pen mit 3 verschiedenen Nadelst\u00e4rken f\u00fcr kreative Gestaltung<\/li>\n<li>Sofort einsatzbereites Komplett-Set f\u00fcr eine stressfreie Weihnachtsb\u00e4ckerei, f\u00fcr die beeindruckendensten Geburtstagstorten oder f\u00fcr die h\u00fcbschesten Cupcakes<\/li>\n<\/ul>\n<\/div>","protected":false},"excerpt":{"rendered":"<p>Airbrush-Set zum Backen<br \/>\n  Airbrushkompressor mit Torten-Deco-Pistole<\/p>","protected":false},"featured_media":31042,"comment_status":"open","ping_status":"closed","template":"","meta":[],"product_brand":[],"product_cat":[230,185],"product_tag":[],"class_list":{"0":"post-29965","1":"product","2":"type-product","3":"status-publish","4":"has-post-thumbnail","6":"product_cat-torten-deco","7":"product_cat-airbrush-sets","9":"first","10":"outofstock","11":"taxable","12":"shipping-taxable","13":"purchasable","14":"product-type-simple"},"_links":{"self":[{"href":"https:\/\/testshop.igel.wovodo.de\/cs\/wp-json\/wp\/v2\/product\/29965","targetHints":{"allow":["GET"]}}],"collection":[{"href":"https:\/\/testshop.igel.wovodo.de\/cs\/wp-json\/wp\/v2\/product"}],"about":[{"href":"https:\/\/testshop.igel.wovodo.de\/cs\/wp-json\/wp\/v2\/types\/product"}],"replies":[{"embeddable":true,"href":"https:\/\/testshop.igel.wovodo.de\/cs\/wp-json\/wp\/v2\/comments?post=29965"}],"version-history":[{"count":1,"href":"https:\/\/testshop.igel.wovodo.de\/cs\/wp-json\/wp\/v2\/product\/29965\/revisions"}],"predecessor-version":[{"id":34587,"href":"https:\/\/testshop.igel.wovodo.de\/cs\/wp-json\/wp\/v2\/product\/29965\/revisions\/34587"}],"wp:featuredmedia":[{"embeddable":true,"href":"https:\/\/testshop.igel.wovodo.de\/cs\/wp-json\/wp\/v2\/media\/31042"}],"wp:attachment":[{"href":"https:\/\/testshop.igel.wovodo.de\/cs\/wp-json\/wp\/v2\/media?parent=29965"}],"wp:term":[{"taxonomy":"product_brand","embeddable":true,"href":"https:\/\/testshop.igel.wovodo.de\/cs\/wp-json\/wp\/v2\/product_brand?post=29965"},{"taxonomy":"product_cat","embeddable":true,"href":"https:\/\/testshop.igel.wovodo.de\/cs\/wp-json\/wp\/v2\/product_cat?post=29965"},{"taxonomy":"product_tag","embeddable":true,"href":"https:\/\/testshop.igel.wovodo.de\/cs\/wp-json\/wp\/v2\/product_tag?post=29965"}],"curies":[{"name":"wp","href":"https:\/\/api.w.org\/{rel}","templated":true}]}}