{"id":29988,"date":"2024-10-31T14:04:53","date_gmt":"2024-10-31T13:04:53","guid":{"rendered":"https:\/\/testshop.igel.wovodo.de\/product\/profi-airbrush-kompressor-compact-ii\/"},"modified":"2025-01-27T12:28:09","modified_gmt":"2025-01-27T11:28:09","slug":"profi-airbrush-kompressor-compact-ii","status":"publish","type":"product","link":"https:\/\/testshop.igel.wovodo.de\/cs\/product\/profi-airbrush-kompressor-compact-ii\/","title":{"rendered":"Profi AirBrush Kompressor Compact II"},"content":{"rendered":"<div class=\"sale_application\">\n<b><\/p>\n<p>Ide\u00e1ln\u00ed pro kosmetiku a kr\u00e1su (airbrush nail art, make-up, barven\u00ed vlas\u016f, p\u00e9\u010de o vlasy, opalov\u00e1n\u00ed ve spreji), body art (malov\u00e1n\u00ed na t\u011blo, tetov\u00e1n\u00ed, n\u00e1vrhy masek), hobby (kv\u011btiny\/ kv\u011btinov\u00e9 vazby, model\u00e1\u0159stv\u00ed, keramika\/ keramika, textil), mal\u00e9 n\u00e1vrhy aut (benzinov\u00e9 v\u00ed\u010dka\/ helmy), technick\u00e9 ilustrace\/ retu\u0161ov\u00e1n\u00ed fotografi\u00ed a zdoben\u00ed potravin (dorty\/ cupcakes). Mo\u017enosti airbrushe jsou prakticky neomezen\u00e9.<\/p>\n<p><\/b> <\/div>\n<div class=\"sale_description\">\n<p>Tento bezolejov\u00fd a bez\u00fadr\u017ebov\u00fd <span class=\"high\">Airbrush kompresor<\/span> ist f\u00fcr Arbeiten mit allen handels\u00fcblichen Airbrush Farben geeignet. Mit nur 47dB erm\u00f6glicht er angenehmes Arbeiten auch in kleineren, geschlossenen R\u00e4umen. Sein kompaktes Design und der integrierte Tragegriff erleichtern den mobilen Einsatz. Die <b>Abschaltautomatik<\/b> erm\u00f6glicht einen stromsparenden und ger\u00e4teschonenden Betrieb.<\/p>\n<p>Der Airbrush-Kompressor ist mit einer Top-Technik ausgestattet: Es handelt sich um einen energieeffizienten Einzel-Zylinder-Kolbenkompressor f\u00fcr Airbrush. Integriert sind folgende Komponenten: <b>Durchfluss- und Druckregler, Manometer und Wasserabschneider<\/b>. Der Airbrushkompressor ist thermisch gesch\u00fctzt. Der maximale Arbeitsdruck des Airbrush-Kompressors betr\u00e4gt 6,5 bar. Die maximale Luftabgabemenge pro Minute liegt bei 30 bis 35 Litern. Der Airbrush-Kompressor ist leicht zu bedienen und eignet sich f\u00fcr Anf\u00e4nger und f\u00fcr Profis.<\/p>\n<p>Die Anwendungsgebiete gehen \u00fcber Nagel Design, Dekoration von Torten, Blumen und Gestecken, Makeup, Kosmetik, Body-Painting, Body Art, Spray Tanning, Nagelgestaltung, Tattoos, Haart\u00f6nung, Haarpflege, Maskengestaltung, Bemalung von Hobbyartikeln, Modelherstellung, Gestaltung von Keramik\/Tonwaren, Helm-Design, Textilen aller Art, T-shirt-, Koffer-, Taschen-, Jeans-, Motorrad, Kfz-, Tankdeckel-&#8230; Gestaltungen und h\u00f6ren bei technischen Illustrationen und Fotonachbesserung nicht auf. Es stehen Ihnen praktisch unbegrenzte M\u00f6glichkeiten f\u00fcr Airbrushing zur Verf\u00fcgung.<\/p>\n<p>\n<\/div>\n<h3>Mnoho dobr\u00fdch d\u016fvod\u016f, pro\u010d byste si m\u011bli koupit tento produkt:<\/h3>\n<div class=\"sale_motive\">\n<ul>\n<li>energieeffizienter Einzel-Zylinder Kolbenkompressor<\/li>\n<li>vielf\u00e4ltige Einsatzgebiete<\/li>\n<li>P\u0159enosn\u00e9 a rychle p\u0159ipraven\u00e9 k pou\u017eit\u00ed<\/li>\n<li>Ideal f\u00fcr Pistolen mit geringem Luftdurchlass<\/li>\n<li>kompaktes und sch\u00f6nes Design<\/li>\n<li>Autostop Automatik (4bar-Stop | 3bar-Start)<\/li>\n<li>Olej a bez\u00fadr\u017ebov\u00fd provoz<\/li>\n<li>Perfektn\u00ed pr\u00e1ce d\u00edky st\u00e1l\u00e9mu pracovn\u00edmu tlaku<\/li>\n<li>P\u0159ipojen\u00ed: 0,3cm (1\/8\u2033) z\u00e1vit pro v\u0161echny b\u011b\u017en\u00e9 airbrush pistole<\/li>\n<li>Ide\u00e1ln\u00ed pro mobiln\u00ed pou\u017eit\u00ed<\/li>\n<li>Tepeln\u011b chr\u00e1n\u011bn\u00e9<\/li>\n<li>integrierter Durchfluss- und Druckregler, Manometer, Wasserabscheider<\/li>\n<li>Sicherheitsventil<\/li>\n<li>fl\u00fcsterleiser Betrieb ca. 47dB (Zum Vergleich: ein normales Gespr\u00e4che in 1 m Abstand = 60dB)<\/li>\n<\/ul>\n<\/div>","protected":false},"excerpt":{"rendered":"<p>Kleiner, robuster Airbrushkompressor mit max. Druck: 4bar (Start\/Stop 3bar\/4bar) \/ max. Luftabgabemenge: 20-25l\/min \/ 125 Watt<\/p>\n<p>Ideal f\u00fcr Einsteiger und Fortgeschrittene der Airbrush Technik!<\/p>","protected":false},"featured_media":37586,"comment_status":"open","ping_status":"closed","template":"","meta":[],"product_brand":[],"product_cat":[271,270,189],"product_tag":[],"class_list":{"0":"post-29988","1":"product","2":"type-product","3":"status-publish","4":"has-post-thumbnail","6":"product_cat-profi-kompressor","7":"product_cat-airbrushkompressor","8":"product_cat-airbrush-kompressor","10":"first","11":"instock","12":"taxable","13":"shipping-taxable","14":"purchasable","15":"product-type-simple"},"_links":{"self":[{"href":"https:\/\/testshop.igel.wovodo.de\/cs\/wp-json\/wp\/v2\/product\/29988","targetHints":{"allow":["GET"]}}],"collection":[{"href":"https:\/\/testshop.igel.wovodo.de\/cs\/wp-json\/wp\/v2\/product"}],"about":[{"href":"https:\/\/testshop.igel.wovodo.de\/cs\/wp-json\/wp\/v2\/types\/product"}],"replies":[{"embeddable":true,"href":"https:\/\/testshop.igel.wovodo.de\/cs\/wp-json\/wp\/v2\/comments?post=29988"}],"version-history":[{"count":1,"href":"https:\/\/testshop.igel.wovodo.de\/cs\/wp-json\/wp\/v2\/product\/29988\/revisions"}],"predecessor-version":[{"id":34610,"href":"https:\/\/testshop.igel.wovodo.de\/cs\/wp-json\/wp\/v2\/product\/29988\/revisions\/34610"}],"wp:featuredmedia":[{"embeddable":true,"href":"https:\/\/testshop.igel.wovodo.de\/cs\/wp-json\/wp\/v2\/media\/37586"}],"wp:attachment":[{"href":"https:\/\/testshop.igel.wovodo.de\/cs\/wp-json\/wp\/v2\/media?parent=29988"}],"wp:term":[{"taxonomy":"product_brand","embeddable":true,"href":"https:\/\/testshop.igel.wovodo.de\/cs\/wp-json\/wp\/v2\/product_brand?post=29988"},{"taxonomy":"product_cat","embeddable":true,"href":"https:\/\/testshop.igel.wovodo.de\/cs\/wp-json\/wp\/v2\/product_cat?post=29988"},{"taxonomy":"product_tag","embeddable":true,"href":"https:\/\/testshop.igel.wovodo.de\/cs\/wp-json\/wp\/v2\/product_tag?post=29988"}],"curies":[{"name":"wp","href":"https:\/\/api.w.org\/{rel}","templated":true}]}}