{"id":30011,"date":"2024-10-31T14:05:11","date_gmt":"2024-10-31T13:05:11","guid":{"rendered":"https:\/\/testshop.igel.wovodo.de\/product\/gehaeuse-fuer-filtereinsatz-dieselfilter-gl-4-y\/"},"modified":"2025-01-27T12:29:10","modified_gmt":"2025-01-27T11:29:10","slug":"gehaeuse-fuer-filtereinsatz-dieselfilter-gl-4-y","status":"publish","type":"product","link":"https:\/\/testshop.igel.wovodo.de\/cs\/product\/gehaeuse-fuer-filtereinsatz-dieselfilter-gl-4-y\/","title":{"rendered":"Geh\u00e4use f\u00fcr Filtereinsatz, Dieselfilter GL-4-Y"},"content":{"rendered":"<div class=\"sale_description\">\n<ul>\n<li>Das Filterkopfteil passt zu unserem Diesel-Filter GL-4-Y, welcher Schmutzpartikel und Wasser aus dem Kraftstoff der Dieselpumpe filtert und so den Tank und die Ger\u00e4te sch\u00fctzt.<\/li>\n<\/ul>\n<p>Das Kopfteil l\u00e4sst sich von dem Filterteil abschrauben (wie bei PKW-Filtern \u00fcblich). Dann kann der alte Filter gegen einen neuen Filtereinsatz getauscht und der alter Filtereinsatz entsorgt werden. Das Kopfteil bleibt in der Dieselleitung fest montiert.<\/p>\n<p>Ein Diesel-Filter hilft, auf lange Sicht Kosten einzusparen: Der Diesel-Filter sch\u00fctzt den Motor, indem er den Kraftstoff von Partikeln befreit. So wird die Lebensdauer verl\u00e4ngert und die Leistungsf\u00e4higkeit bleibt erhalten.<\/p>\n<p>Bei der Verwendung eines Diesel-Filters bleibt au\u00dferdem der Kraftstoff-Tank (oder andere Umf\u00fcllbeh\u00e4lter f\u00fcr Diesel\/ Heiz\u00f6l\/ Krafstoff) frei von Ablagerungen.<\/p>\n<p>Mit einem Diesel-Filter ersparen Sie sich Wartungsarbeiten und Wartungskosten<\/p>\n<p>Der Filter-Einsatz der Diesel-Filters ist austauschbar. Passende Ersatzfilter sind in unserem Shop erh\u00e4ltlich.<\/p>\n<\/div>","protected":false},"excerpt":{"rendered":"<p>Das Filterkopfteil passt zu unserem Diesel-Filter GL-4-Y, welcher Schmutzpartikel und Wasser aus dem Kraftstoff der Dieselpumpe filtert und so den<\/p>","protected":false},"featured_media":31235,"comment_status":"open","ping_status":"closed","template":"","meta":[],"product_brand":[],"product_cat":[195],"product_tag":[],"class_list":{"0":"post-30011","1":"product","2":"type-product","3":"status-publish","4":"has-post-thumbnail","6":"product_cat-diesel-zubehoer","8":"first","9":"instock","10":"taxable","11":"shipping-taxable","12":"purchasable","13":"product-type-simple"},"_links":{"self":[{"href":"https:\/\/testshop.igel.wovodo.de\/cs\/wp-json\/wp\/v2\/product\/30011","targetHints":{"allow":["GET"]}}],"collection":[{"href":"https:\/\/testshop.igel.wovodo.de\/cs\/wp-json\/wp\/v2\/product"}],"about":[{"href":"https:\/\/testshop.igel.wovodo.de\/cs\/wp-json\/wp\/v2\/types\/product"}],"replies":[{"embeddable":true,"href":"https:\/\/testshop.igel.wovodo.de\/cs\/wp-json\/wp\/v2\/comments?post=30011"}],"version-history":[{"count":1,"href":"https:\/\/testshop.igel.wovodo.de\/cs\/wp-json\/wp\/v2\/product\/30011\/revisions"}],"predecessor-version":[{"id":34824,"href":"https:\/\/testshop.igel.wovodo.de\/cs\/wp-json\/wp\/v2\/product\/30011\/revisions\/34824"}],"wp:featuredmedia":[{"embeddable":true,"href":"https:\/\/testshop.igel.wovodo.de\/cs\/wp-json\/wp\/v2\/media\/31235"}],"wp:attachment":[{"href":"https:\/\/testshop.igel.wovodo.de\/cs\/wp-json\/wp\/v2\/media?parent=30011"}],"wp:term":[{"taxonomy":"product_brand","embeddable":true,"href":"https:\/\/testshop.igel.wovodo.de\/cs\/wp-json\/wp\/v2\/product_brand?post=30011"},{"taxonomy":"product_cat","embeddable":true,"href":"https:\/\/testshop.igel.wovodo.de\/cs\/wp-json\/wp\/v2\/product_cat?post=30011"},{"taxonomy":"product_tag","embeddable":true,"href":"https:\/\/testshop.igel.wovodo.de\/cs\/wp-json\/wp\/v2\/product_tag?post=30011"}],"curies":[{"name":"wp","href":"https:\/\/api.w.org\/{rel}","templated":true}]}}