{"id":30051,"date":"2024-10-31T14:05:37","date_gmt":"2024-10-31T13:05:37","guid":{"rendered":"https:\/\/testshop.igel.wovodo.de\/product\/profi-airbrush-duo-power-set-i\/"},"modified":"2025-01-27T12:28:25","modified_gmt":"2025-01-27T11:28:25","slug":"profi-airbrush-duo-power-set-i","status":"publish","type":"product","link":"https:\/\/testshop.igel.wovodo.de\/cs\/product\/profi-airbrush-duo-power-set-i\/","title":{"rendered":"Profi-AirBrush Duo-Power Set I"},"content":{"rendered":"<div class=\"sale_application\">\n<b><\/p>\n<p>Ide\u00e1ln\u00ed pro kosmetiku a kr\u00e1su (airbrush nail art, make-up, barven\u00ed vlas\u016f, p\u00e9\u010de o vlasy, opalov\u00e1n\u00ed ve spreji), body art (malov\u00e1n\u00ed na t\u011blo, tetov\u00e1n\u00ed, n\u00e1vrhy masek), hobby (kv\u011btiny\/ kv\u011btinov\u00e9 vazby, model\u00e1\u0159stv\u00ed, keramika\/ keramika, textil), mal\u00e9 n\u00e1vrhy aut (benzinov\u00e9 v\u00ed\u010dka\/ helmy), technick\u00e9 ilustrace\/ retu\u0161ov\u00e1n\u00ed fotografi\u00ed a zdoben\u00ed potravin (dorty\/ cupcakes). Mo\u017enosti airbrushe jsou prakticky neomezen\u00e9.<\/p>\n<p><\/b> <\/div>\n<div class=\"sale_description\">\n<p>Dieser Dieser \u00f6l- und wartungsfreie <strong>Airbrush Kompressor DUO-POWER II<\/strong> ist ein Zwei-Zylinder-Kolben-Kompressor mit Lufttank und einer Druckluftreserve von 3,5 Litern. Der Airbrush Kompressor ist f\u00fcr Arbeiten mit allen handels\u00fcblichen Airbrush-Pistolen und Airbrush-Farben geeignet. Mit nur 50 dB erm\u00f6glicht er angenehmes, leises Arbeiten auch in kleineren, geschlossenen R\u00e4umen.<\/p>\n<p>Ausgestattet ist der Airbrush Kompressor mit einem <b>Tragegriff<\/b>, einer <b>Auto-Stop-Automatik<\/b>, einem <b>Manometer<\/b>, einem <b>Wasserabschneider<\/b>, einem integrierten Durchfluss- und Druckregler und einem Luftdrucktank mit einer Druckluftreserve von 3,5 Litern.<\/p>\n<p>Sein kompaktes Design und der integrierte Tragegriff erleichtern den mobilen Einsatz. Die Abschaltautomatik erm\u00f6glicht einen stromsparenden und ger\u00e4teschonenden Betrieb. Durch den integrierten Lufttank ist ein perfektes Arbeiten durch gleichbleibenden Luftdruckm\u00f6glich.<\/p>\n<p>Der Autostop bei Schalterstellung I erfolgt bei einem Druck von 4bar und bei 3bar wird der Kompressor wieder gestartet. Bei Schalterstellung II schaltet das Ger\u00e4t nicht automatisch aus und erlaubt ein kontinuierliches Weiterarbeiten am Objekt.<\/p>\n<p>Der gewebeummantelte <strong>Gummischlauch<\/strong> verbindet die AirBrush-Pistole mit dem Kompressor. Durch eine textile Ummantelung ist der Schlauch sehr haltbar und strapazierf\u00e4hig. Die L\u00e4nge von 1,8m gibt ausreichend Bewegungsfreiheit.<\/p>\n<p><b>Die UNIVERSAL-Airbrush-Pistole <strong>&#8220;Double-Action-Gun 134s&#8221;<\/strong> ist einzigartig und einmalig f\u00fcr diese Preisklasse!<\/b><\/p>\n<p>Die Airbrush-Pistole &#8220;Double-Action-Gun 134s&#8221; mit 0,2mm \/ 0,3mm \/ 0,5mm NADEL\/D\u00dcSE Kombination und 2 verschiedenen Farbbeh\u00e4ltern (7ml und 22ml) ist besonders f\u00fcr den Beginner zum Kennenlernen der einzelnen Techniken und f\u00fcr ein z\u00fcgiges Arbeiten optimal geeignet. Damit lassen sich sowohl feine Linien ziehen, als auch gr\u00f6\u00dfere Fl\u00e4chen airbrushen. F\u00fcr gr\u00f6\u00dfere Farbmengen wird der 22ml-Glasbeh\u00e4lter und f\u00fcr kleinere Farbmengen der 7ccl Metallaufsatz verwendet. Mit der UNIVERSAL AIRBRUSH-PISTOLE DOUBLE-ACTION 134s macht das Hobby richtig Spa\u00df!<\/p>\n<\/div>\n<h3>Mnoho dobr\u00fdch d\u016fvod\u016f, pro\u010d byste si m\u011bli koupit tento produkt:<\/h3>\n<div class=\"sale_motive\">\n<ul>\n<li><strong>energieeffizienter Doppelzylinder Kolbenkompressor mit 190 Watt<\/strong><\/li>\n<li><strong>2 Schalterpositionen<\/strong>\n<ul>\n<li>Position 1: Automatik Modus<\/li>\n<li>Position 2: Manueller Modus<\/li>\n<\/ul>\n<\/li>\n<li><strong>inkl. Airbrushpistole und viel Zubeh\u00f6r<\/strong><\/li>\n<li>P\u0159enosn\u00e9 a rychle p\u0159ipraven\u00e9 k pou\u017eit\u00ed<\/li>\n<li><strong>Autostop Automatik (4bar-Stop | 3bar-Start)<\/strong><\/li>\n<li>Olej a bez\u00fadr\u017ebov\u00fd provoz<\/li>\n<li>Perfektn\u00ed pr\u00e1ce d\u00edky st\u00e1l\u00e9mu pracovn\u00edmu tlaku<\/li>\n<li>P\u0159ipojen\u00ed: 0,3cm (1\/8\u2033) z\u00e1vit pro v\u0161echny b\u011b\u017en\u00e9 airbrush pistole<\/li>\n<li>Ide\u00e1ln\u00ed pro mobiln\u00ed pou\u017eit\u00ed<\/li>\n<li>Tepeln\u011b chr\u00e1n\u011bn\u00e9<\/li>\n<li><strong>integrierter Durchfluss- und Druckregler, Manometer, Wasserabscheider<\/strong><\/li>\n<li><strong>fl\u00fcsterleiser Betrieb ca. 49dB<\/strong> (Zum Vergleich: ein normales Gespr\u00e4ch in 1 m Abstand = 60dB)<\/li>\n<\/ul>\n<\/div>","protected":false},"excerpt":{"rendered":"<p>Leistungsstarker, robuster <strong>Airbrush kompresor<\/strong> mit 3,5L Druckkessel \/ max. Druck: 6bar \/ max. Luftabgabemenge: 35-40 l\/min \/ 190 Watt<\/p>\n<p><strong>Ideal f\u00fcr Profis in der Airbrush Technik!<\/strong><\/p>","protected":false},"featured_media":31554,"comment_status":"open","ping_status":"closed","template":"","meta":[],"product_brand":[],"product_cat":[217,185,188],"product_tag":[],"class_list":{"0":"post-30051","1":"product","2":"type-product","3":"status-publish","4":"has-post-thumbnail","6":"product_cat-profi-set-mit-kompressor","7":"product_cat-airbrush-sets","8":"product_cat-airbrush-set","10":"first","11":"instock","12":"taxable","13":"shipping-taxable","14":"purchasable","15":"product-type-simple"},"_links":{"self":[{"href":"https:\/\/testshop.igel.wovodo.de\/cs\/wp-json\/wp\/v2\/product\/30051","targetHints":{"allow":["GET"]}}],"collection":[{"href":"https:\/\/testshop.igel.wovodo.de\/cs\/wp-json\/wp\/v2\/product"}],"about":[{"href":"https:\/\/testshop.igel.wovodo.de\/cs\/wp-json\/wp\/v2\/types\/product"}],"replies":[{"embeddable":true,"href":"https:\/\/testshop.igel.wovodo.de\/cs\/wp-json\/wp\/v2\/comments?post=30051"}],"version-history":[{"count":1,"href":"https:\/\/testshop.igel.wovodo.de\/cs\/wp-json\/wp\/v2\/product\/30051\/revisions"}],"predecessor-version":[{"id":34671,"href":"https:\/\/testshop.igel.wovodo.de\/cs\/wp-json\/wp\/v2\/product\/30051\/revisions\/34671"}],"wp:featuredmedia":[{"embeddable":true,"href":"https:\/\/testshop.igel.wovodo.de\/cs\/wp-json\/wp\/v2\/media\/31554"}],"wp:attachment":[{"href":"https:\/\/testshop.igel.wovodo.de\/cs\/wp-json\/wp\/v2\/media?parent=30051"}],"wp:term":[{"taxonomy":"product_brand","embeddable":true,"href":"https:\/\/testshop.igel.wovodo.de\/cs\/wp-json\/wp\/v2\/product_brand?post=30051"},{"taxonomy":"product_cat","embeddable":true,"href":"https:\/\/testshop.igel.wovodo.de\/cs\/wp-json\/wp\/v2\/product_cat?post=30051"},{"taxonomy":"product_tag","embeddable":true,"href":"https:\/\/testshop.igel.wovodo.de\/cs\/wp-json\/wp\/v2\/product_tag?post=30051"}],"curies":[{"name":"wp","href":"https:\/\/api.w.org\/{rel}","templated":true}]}}