{"id":30071,"date":"2024-10-31T14:05:51","date_gmt":"2024-10-31T13:05:51","guid":{"rendered":"https:\/\/testshop.igel.wovodo.de\/product\/profi-airbrush-set-beauty-maxx\/"},"modified":"2025-01-27T12:28:33","modified_gmt":"2025-01-27T11:28:33","slug":"profi-airbrush-set-beauty-maxx","status":"publish","type":"product","link":"https:\/\/testshop.igel.wovodo.de\/cs\/product\/profi-airbrush-set-beauty-maxx\/","title":{"rendered":"Profi-AirBrush Set Beauty Maxx"},"content":{"rendered":"<div class=\"sale_application\">\n<b><\/p>\n<p>Ide\u00e1ln\u00ed pro kosmetiku a kr\u00e1su (airbrush nail art, make-up, barven\u00ed vlas\u016f, p\u00e9\u010de o vlasy, opalov\u00e1n\u00ed ve spreji), body art (malov\u00e1n\u00ed na t\u011blo, tetov\u00e1n\u00ed, n\u00e1vrhy masek), hobby (kv\u011btiny\/ kv\u011btinov\u00e9 vazby, model\u00e1\u0159stv\u00ed, keramika\/ keramika, textil), mal\u00e9 n\u00e1vrhy aut (benzinov\u00e9 v\u00ed\u010dka\/ helmy), technick\u00e9 ilustrace\/ retu\u0161ov\u00e1n\u00ed fotografi\u00ed a zdoben\u00ed potravin (dorty\/ cupcakes). Mo\u017enosti airbrushe jsou prakticky neomezen\u00e9.<\/p>\n<p><\/b> <\/div>\n<div class=\"sale_description\">\n<p>Dieses Komplett-Set ist f\u00fcr <strong>ALLE BEAUTY-Anwendungen geeignet<\/strong> und l\u00e4sst kaum noch W\u00fcnsche offen! Die vielseitigen kreativen M\u00f6glichkeiten, die sich mit den beiden im Set enthaltenen Pistolen er\u00f6ffnen, wird Sie \u00fcberraschen. Kaufen Sie noch eine zus\u00e4tzliche Pistole aus diesem Angebot oder unserem Shop dazu und schlie\u00dfen diese gleichzeitig an den Kompressor an. So macht die Arbeit und das Hobby richtig Spa\u00df! Mit dem beiliegenden 10-teiligen Adapterset und dem &#8220;Profi-Airbrush 3-Wege-Verteiler Multiswitch I&#8221; haben Sie unendliche Anschlussm\u00f6glichkeiten und immer die richtige L\u00f6sung zur Hand.<\/p>\n<p>Der Airbrush Kompressor Beauty MAXX ist f\u00fcr Arbeiten mit allen handels\u00fcblichen Airbrush Farben geeignet. Mit nur 48dB erm\u00f6glicht er angenehmes Arbeiten auch in kleineren, geschlossenen R\u00e4umen.<\/p>\n<p>Mit der Airbrush-Pistole <strong>&#8220;Double-Action-Gun 134s&#8221;<\/strong> haben Sie eine genauere Kontrolle \u00fcber die Spr\u00fchweite, Farbausgabe und -dichte. Double Action Pistolen bieten Ihnen generell eine feinere Spr\u00fchung. \u00dcber den Abzug steuern Sie hierbei gleichzeitig die Farbausgabe und Luftzufuhr. Die 3 austauschbaren D\u00fcse\/Nadel-S\u00e4tze sowie die unterschiedlichen Arbeitsm\u00f6glichkeiten ( &#8220;angesaugten&#8221; Farbgebung oder eine &#8220;hineinlaufenden&#8221; Farbgebung\/&#8221;Gravity&#8221; ) bieten Ihnen die kreative Gestaltungsfreiheit! Unterschiede der verschiedenen Pistolen liegen hierbei an der D\u00fcsengr\u00f6\u00dfe und den mitgelieferten Farbbeh\u00e4ltern.<\/p>\n<p>Die Airbrush-Pistole<strong>&#8220;Single-Action Gun 138&#8221;<\/strong> ist ein Zweistoff-Zerst\u00e4uber, der nach dem Prinzip einer Strahlpumpe arbeitet, wobei Druckluft als Treibmittel verwendet wird. In Abh\u00e4ngigkeit von der St\u00e4rke des Luftstroms und der Menge der Farbe, kann man mit einer Airbushpistole feinste Linien aber auch gro\u00dfe Fl\u00e4chen malen. Man kann Farbe deckend aufspr\u00fchen, aber auch einen transparenten Farbfilm airbrushen.<\/p>\n<\/div>\n<h3>Mnoho dobr\u00fdch d\u016fvod\u016f, pro\u010d byste si m\u011bli koupit tento produkt:<\/h3>\n<div class=\"sale_motive\">\n<ul>\n<li>energieeffizienter Einzel-Zylinder Kolbenkompressor<\/li>\n<li>Pflegeleichtes Geh\u00e4use mit Hitzeschutz\n  <\/li>\n<li>optimal f\u00fcr den mobilen Einsatz (kompakt und schnell einsatzbereit)<\/li>\n<li>MAXXi-VIEL Zubeh\u00f6r inkl. 2 Pistolen &amp; zus\u00e4tzlichen Auswahlm\u00f6glichkeiten<\/li>\n<li>Perfektes Arbeiten durch gleich bleibenden Arbeitsdruck (integr. Druckbeh\u00e4lter)<\/li>\n<li>G\u00e4ngiger Anschluss: 0,3cm (1\/8&#8243;) Gewinde f\u00fcr alle Airbrush Pistolen &#8211; inkl. 10er Adapterset, damit &#8220;alles passt&#8221;<\/li>\n<li>\u00d6l- und wartungsfrei, thermisch gesch\u00fctzt<\/li>\n<li>fl\u00fcsterleiser Betrieb ca. 48dB (Zum Vergleich: eine normale Sprache in 1m Abstand = 60dB)<\/li>\n<\/ul>\n<\/div>","protected":false},"excerpt":{"rendered":"<p><b>Das MAXXi-PAKET mit Super-Zubeh\u00f6r!<\/b><\/p>","protected":false},"featured_media":31632,"comment_status":"open","ping_status":"closed","template":"","meta":[],"product_brand":[],"product_cat":[342,185],"product_tag":[],"class_list":{"0":"post-30071","1":"product","2":"type-product","3":"status-publish","4":"has-post-thumbnail","6":"product_cat-starter-set","7":"product_cat-airbrush-sets","9":"first","10":"instock","11":"taxable","12":"shipping-taxable","13":"purchasable","14":"product-type-simple"},"_links":{"self":[{"href":"https:\/\/testshop.igel.wovodo.de\/cs\/wp-json\/wp\/v2\/product\/30071","targetHints":{"allow":["GET"]}}],"collection":[{"href":"https:\/\/testshop.igel.wovodo.de\/cs\/wp-json\/wp\/v2\/product"}],"about":[{"href":"https:\/\/testshop.igel.wovodo.de\/cs\/wp-json\/wp\/v2\/types\/product"}],"replies":[{"embeddable":true,"href":"https:\/\/testshop.igel.wovodo.de\/cs\/wp-json\/wp\/v2\/comments?post=30071"}],"version-history":[{"count":1,"href":"https:\/\/testshop.igel.wovodo.de\/cs\/wp-json\/wp\/v2\/product\/30071\/revisions"}],"predecessor-version":[{"id":34690,"href":"https:\/\/testshop.igel.wovodo.de\/cs\/wp-json\/wp\/v2\/product\/30071\/revisions\/34690"}],"wp:featuredmedia":[{"embeddable":true,"href":"https:\/\/testshop.igel.wovodo.de\/cs\/wp-json\/wp\/v2\/media\/31632"}],"wp:attachment":[{"href":"https:\/\/testshop.igel.wovodo.de\/cs\/wp-json\/wp\/v2\/media?parent=30071"}],"wp:term":[{"taxonomy":"product_brand","embeddable":true,"href":"https:\/\/testshop.igel.wovodo.de\/cs\/wp-json\/wp\/v2\/product_brand?post=30071"},{"taxonomy":"product_cat","embeddable":true,"href":"https:\/\/testshop.igel.wovodo.de\/cs\/wp-json\/wp\/v2\/product_cat?post=30071"},{"taxonomy":"product_tag","embeddable":true,"href":"https:\/\/testshop.igel.wovodo.de\/cs\/wp-json\/wp\/v2\/product_tag?post=30071"}],"curies":[{"name":"wp","href":"https:\/\/api.w.org\/{rel}","templated":true}]}}