{"id":30111,"date":"2024-10-31T14:06:17","date_gmt":"2024-10-31T13:06:17","guid":{"rendered":"https:\/\/testshop.igel.wovodo.de\/product\/profi-airbrush-kompressor-duo-power-ii-c-set-i\/"},"modified":"2025-01-27T12:28:44","modified_gmt":"2025-01-27T11:28:44","slug":"profi-airbrush-kompressor-duo-power-ii-c-set-i","status":"publish","type":"product","link":"https:\/\/testshop.igel.wovodo.de\/cs\/product\/profi-airbrush-kompressor-duo-power-ii-c-set-i\/","title":{"rendered":"Profesion\u00e1ln\u00ed kompresor AirBrush DUO-Power II-C Set I"},"content":{"rendered":"<div class=\"sale_application\">\n<b><\/p>\n<p>Ide\u00e1ln\u00ed pro kosmetiku a kr\u00e1su (airbrush nail art, make-up, barven\u00ed vlas\u016f, p\u00e9\u010de o vlasy, opalov\u00e1n\u00ed ve spreji), body art (malov\u00e1n\u00ed na t\u011blo, tetov\u00e1n\u00ed, n\u00e1vrhy masek), hobby (kv\u011btiny\/ kv\u011btinov\u00e9 vazby, model\u00e1\u0159stv\u00ed, keramika\/ keramika, textil), mal\u00e9 n\u00e1vrhy aut (benzinov\u00e9 v\u00ed\u010dka\/ helmy), technick\u00e9 ilustrace\/ retu\u0161ov\u00e1n\u00ed fotografi\u00ed a zdoben\u00ed potravin (dorty\/ cupcakes). Mo\u017enosti airbrushe jsou prakticky neomezen\u00e9.<\/p>\n<p><\/b> <\/div>\n<div class=\"sale_description\">\n<p>Dieser &ouml;l- und wartungsfreie Airbrush <b>Kompressor DUO-Power II-C mit Schutzgeh&auml;use<\/b> ist f\u00fcr Arbeiten mit allen handels&uuml;blichen Airbrush-Farben geeignet. Mit nur 49 dB erm&ouml;glicht er angenehmes Arbeiten auch in kleineren, geschlossenen R&auml;umen. Sein kompaktes Design und der <b>integrierte Tragegriff<\/b> erleichtern den mobilen Einsatz.<\/p>\n<p>Der Airbrushkompressor verf&uuml;gt \u00fcber einen Lufttank. Durch den <b>integrierten 3,5l-Lufttank<\/b> ist ein perfektes Arbeiten durch gleichbleibenden Luftdruck m&ouml;glich. Der Airbrush-Kompressor ist mit einer <b>Auto-Stop-Automatik<\/b> ausgestattet. Der Autostop erfolgt bei einem Druck von 4bar und bei 3bar wird der Kompressor wieder gestartet. Der Airbrush-Kompressor <b>mit Lufttank<\/b> gew&auml;hrleistet einen kr&auml;ftigen und hohen Luftdurchsatz. Die Abschaltautomatik erm&ouml;glicht einen stromsparenden und ger&auml;teschonenden Betrieb. <\/p>\n<p>Der Airbrush-Kompressor ist ein <b>energieeffizienter Zwei-Zylinder-Kolben-Kompressor<\/b>. Er hat neben einem integrierten Lufttank auch einen <b>integrierten Manometer, Luftfilter sowie Druck- und Durchflussregler<\/b>. Im Lieferumfang des Airbrushkompressors mit Netzschalter ist au&szlig;erdem ein Sicherheits- und R&uuml;ckschlagventil enthalten.<\/p>\n<p>Die UNIVERSAL-Airbrush-Pistole <b>&#8220;Double-Action-Gun 134s&#8221;<\/b> ist einzigartig und einmalig f\u00fcr diese Preisklasse!<\/p>\n<p>Ausgestattet mit 0,2mm \/ 0,3mm \/ 0,5mm NADEL\/D\u00dcSE Kombination und 2 verschiedenen Farbbeh\u00e4ltern (7ml und 22ml) ist die Airbrush-Pistole &#8220;Double-Action-Gun 134s&#8221; besonders f\u00fcr den Beginner zum Kennenlernen der einzelnen Techniken und f\u00fcr ein z\u00fcgiges Arbeiten optimal geeignet. Damit lassen sich sowohl feine Linien ziehen, als auch gr\u00f6\u00dfere Fl\u00e4chen airbrushen. F\u00fcr gr\u00f6\u00dfere Farbmengen wird der 22ml-Glasbeh\u00e4lter und f\u00fcr kleinere Farbmengen der 7ml Metallaufsatz verwendet.<\/p>\n<p><b>Mit der UNIVERSAL-Airbrush-Pistole &#8220;Double-Action-Gun 134s&#8221; macht das Hobby richtig Spa\u00df!<\/b><\/p>\n<\/div>\n<h3>Mnoho dobr\u00fdch d\u016fvod\u016f, pro\u010d byste si m\u011bli koupit tento produkt:<\/h3>\n<div class=\"sale_motive\">\n<ul>\n<li>Airbrush-Pistole mit 0,2mm \/ 0,3mm \/ 0,5mm NADEL\/D\u00dcSE<\/li>\n<ul>\n<li>Kompressor mit <b>2-Zylindertechnik <\/b>mit bis zu <b>35-40 l\/min<\/b> bei konstantem Druck<\/li>\n<li>energieeffizienter Zwei-Zylinder Kolbenkompressor mit Schutzgeh\u00e4use<\/li>\n<li>vielf\u00e4ltige Einsatzgebiete\n  <\/li>\n<li>P\u0159enosn\u00e9 a rychle p\u0159ipraven\u00e9 k pou\u017eit\u00ed<\/li>\n<li>Ideal f\u00fcr Pistolen mit geringem Luftdurchlass<\/li>\n<li>kompaktes und sch\u00f6nes Design<\/li>\n<li><b>Autostop Automatik (4bar-Stop | 3bar-Start)<\/b><\/li>\n<li>Olej a bez\u00fadr\u017ebov\u00fd provoz<\/li>\n<li>Perfektn\u00ed pr\u00e1ce d\u00edky st\u00e1l\u00e9mu pracovn\u00edmu tlaku<\/li>\n<li>Anschluss: 0,3 cm (1\/8&#8243;) Gewinde f\u00fcr alle g\u00e4ngigen Airbrush Pistolen<\/li>\n<li>Ide\u00e1ln\u00ed pro mobiln\u00ed pou\u017eit\u00ed<\/li>\n<li>Tepeln\u011b chr\u00e1n\u011bn\u00e9<\/li>\n<li>integrierter Durchfluss- und Druckregler, Manometer, Wasserabscheider<\/li>\n<li>integrierter Luft-Tank mit Druckluftreserve  3,5l<\/li>\n<li><b>Sicherheits- und R\u00fcckschlagventil<\/b><\/li>\n<li>fl\u00fcsterleiser Betrieb ca. 49 dB (Zum Vergleich: eine normale Sprache in 1 m Abstand = 60 dB)<\/li>\n<\/ul>\n<\/ul>\n<\/div>","protected":false},"excerpt":{"rendered":"<p>Leistungsstarker, robuster <strong>Airbrush kompresor<\/strong> mit Schutzgeh\u00e4use | mit 3,5L Druckkessel  | max. Druck: 6bar | max. Luftabgabemenge: 30-35 l\/min | 190 Watt<\/p>\n<p><strong>Ideal f\u00fcr Profis in der Airbrush Technik!<\/strong><\/p>","protected":false},"featured_media":31792,"comment_status":"open","ping_status":"closed","template":"","meta":[],"product_brand":[],"product_cat":[361,217,185,188],"product_tag":[],"class_list":{"0":"post-30111","1":"product","2":"type-product","3":"status-publish","4":"has-post-thumbnail","6":"product_cat-airbrush-fuer-fahrzeuge","7":"product_cat-profi-set-mit-kompressor","8":"product_cat-airbrush-sets","9":"product_cat-airbrush-set","11":"first","12":"instock","13":"taxable","14":"shipping-taxable","15":"purchasable","16":"product-type-simple"},"_links":{"self":[{"href":"https:\/\/testshop.igel.wovodo.de\/cs\/wp-json\/wp\/v2\/product\/30111","targetHints":{"allow":["GET"]}}],"collection":[{"href":"https:\/\/testshop.igel.wovodo.de\/cs\/wp-json\/wp\/v2\/product"}],"about":[{"href":"https:\/\/testshop.igel.wovodo.de\/cs\/wp-json\/wp\/v2\/types\/product"}],"replies":[{"embeddable":true,"href":"https:\/\/testshop.igel.wovodo.de\/cs\/wp-json\/wp\/v2\/comments?post=30111"}],"version-history":[{"count":1,"href":"https:\/\/testshop.igel.wovodo.de\/cs\/wp-json\/wp\/v2\/product\/30111\/revisions"}],"predecessor-version":[{"id":34729,"href":"https:\/\/testshop.igel.wovodo.de\/cs\/wp-json\/wp\/v2\/product\/30111\/revisions\/34729"}],"wp:featuredmedia":[{"embeddable":true,"href":"https:\/\/testshop.igel.wovodo.de\/cs\/wp-json\/wp\/v2\/media\/31792"}],"wp:attachment":[{"href":"https:\/\/testshop.igel.wovodo.de\/cs\/wp-json\/wp\/v2\/media?parent=30111"}],"wp:term":[{"taxonomy":"product_brand","embeddable":true,"href":"https:\/\/testshop.igel.wovodo.de\/cs\/wp-json\/wp\/v2\/product_brand?post=30111"},{"taxonomy":"product_cat","embeddable":true,"href":"https:\/\/testshop.igel.wovodo.de\/cs\/wp-json\/wp\/v2\/product_cat?post=30111"},{"taxonomy":"product_tag","embeddable":true,"href":"https:\/\/testshop.igel.wovodo.de\/cs\/wp-json\/wp\/v2\/product_tag?post=30111"}],"curies":[{"name":"wp","href":"https:\/\/api.w.org\/{rel}","templated":true}]}}