{"id":30112,"date":"2024-10-31T14:06:18","date_gmt":"2024-10-31T13:06:18","guid":{"rendered":"https:\/\/testshop.igel.wovodo.de\/product\/profi-airbrush-kompressor-universal-ii-c-set-i\/"},"modified":"2025-01-27T12:28:44","modified_gmt":"2025-01-27T11:28:44","slug":"profi-airbrush-kompressor-universal-ii-c-set-i","status":"publish","type":"product","link":"https:\/\/testshop.igel.wovodo.de\/cs\/product\/profi-airbrush-kompressor-universal-ii-c-set-i\/","title":{"rendered":"Profi-AirBrush Kompressor Universal II-C Set I"},"content":{"rendered":"<div class=\"sale_application\">\n<b><\/p>\n<p>Ide\u00e1ln\u00ed pro kosmetiku a kr\u00e1su (airbrush nail art, make-up, barven\u00ed vlas\u016f, p\u00e9\u010de o vlasy, opalov\u00e1n\u00ed ve spreji), body art (malov\u00e1n\u00ed na t\u011blo, tetov\u00e1n\u00ed, n\u00e1vrhy masek), hobby (kv\u011btiny\/ kv\u011btinov\u00e9 vazby, model\u00e1\u0159stv\u00ed, keramika\/ keramika, textil), mal\u00e9 n\u00e1vrhy aut (benzinov\u00e9 v\u00ed\u010dka\/ helmy), technick\u00e9 ilustrace\/ retu\u0161ov\u00e1n\u00ed fotografi\u00ed a zdoben\u00ed potravin (dorty\/ cupcakes). Mo\u017enosti airbrushe jsou prakticky neomezen\u00e9.<\/p>\n<p><\/b> <\/div>\n<div class=\"sale_description\">\n<p>Profi-AirBrush <b>Kompressor Universal II-C mit Schutzgeh\u00e4use <\/b> ist ein sehr leiser Profi-AirBrush Komressor, der sich f\u00fcr hohe Anforderung von Airbrushing eignet. Durch die Abschaltautomatik (4bar-Stop \/ 3bar-Start) ist der Airbrush-Kompressor sehr energiesparsam. Die Abschaltautomatik wirkt sich auch ger\u00e4teschonend auf den Airbrush-Kompressor aus.<\/p>\n<p>Der energieeffiziente Einzel-Zylinder-Kompressor mit Schutzgeh\u00e4use ist mit einem integrierten 3-Liter-Lufttank, einem Wasserabschneider, einem integrierten Durchfluss- und Druckregler und einem Manometer ausgestattet. Die Druckluftreserve des Tanks erm\u00f6glicht perfektes Airbrushing bei gleichbleibendem Arbeitsdruck.<\/p>\n<p>Den Kompressor  Universal II-C  kann man genauso als Luftquelle in Chemieindustrie,  Laboratorien, medizinischen Bereichen,  oder im Umweltschutz,  Lebensmittelindustrie  und so weiter einsetzen. Der Airbrush-Kompressor mit Drucklufttank ist \u00f6l- und wartungsfrei.<\/p>\n<p>Die UNIVERSAL-Airbrush-Pistole <b>&#8220;Double-Action-Gun 134s&#8221;<\/b> ist einzigartig und einmalig f\u00fcr diese Preisklasse!<\/p>\n<p>Ausgestattet mit 0,2mm \/ 0,3mm \/ 0,5mm NADEL\/D\u00dcSE Kombination und 2 verschiedenen Farbbeh\u00e4ltern (7ml und 22ml) ist die Airbrush-Pistole &#8220;Double-Action-Gun 134s&#8221; besonders f\u00fcr den Beginner zum Kennenlernen der einzelnen Techniken und f\u00fcr ein z\u00fcgiges Arbeiten optimal geeignet. Damit lassen sich sowohl feine Linien ziehen, als auch gr\u00f6\u00dfere Fl\u00e4chen airbrushen. F\u00fcr gr\u00f6\u00dfere Farbmengen wird der 22ml-Glasbeh\u00e4lter und f\u00fcr kleinere Farbmengen der 7ml Metallaufsatz verwendet.<\/p>\n<p><b>Mit der UNIVERSAL-Airbrush-Pistole &#8220;Double-Action-Gun 134s&#8221; macht das Hobby richtig Spa\u00df!<\/b><\/p>\n<\/div>\n<h3>Mnoho dobr\u00fdch d\u016fvod\u016f, pro\u010d byste si m\u011bli koupit tento produkt:<\/h3>\n<div class=\"sale_motive\">\n<ul>\n<li>Airbrush-Pistole mit 0,2mm \/ 0,3mm \/ 0,5mm NADEL\/D\u00dcSE<\/li>\n<ul>\n<li><strong>energieeffizienter Einzel-Zylinder Kolbenkompressor mit Schutzgeh\u00e4use <\/strong><\/li>\n<li>P\u0159enosn\u00e9 a rychle p\u0159ipraven\u00e9 k pou\u017eit\u00ed<\/li>\n<li>Ideal f\u00fcr Pistolen mit geringem Luftdurchlass<\/li>\n<li>kompaktes und sch\u00f6nes Design<\/li>\n<li><strong>Autostop Automatik (4 bar-Stop | 3 bar-Start)<\/strong><\/li>\n<li>Olej a bez\u00fadr\u017ebov\u00fd provoz<\/li>\n<li>Perfektn\u00ed pr\u00e1ce d\u00edky st\u00e1l\u00e9mu pracovn\u00edmu tlaku<\/li>\n<li>P\u0159ipojen\u00ed: 0,3cm (1\/8\u2033) z\u00e1vit pro v\u0161echny b\u011b\u017en\u00e9 airbrush pistole<\/li>\n<li>Ide\u00e1ln\u00ed pro mobiln\u00ed pou\u017eit\u00ed<\/li>\n<li>Tepeln\u011b chr\u00e1n\u011bn\u00e9<\/li>\n<li><strong>integrierter Durchfluss- und Druckregler, Manometer, Wasserabscheider<\/strong><\/li>\n<li>integrierter Luft-Tank mit Druckluftreserve 3L<\/li>\n<li>Sicherheitsventil<\/li>\n<li><strong>fl\u00fcsterleiser Betrieb ca. 47dB<\/strong> (Zum Vergleich: eine normale Sprache in 1 m Abstand = 60dB)<\/li>\n<\/ul><\/div>","protected":false},"excerpt":{"rendered":"<p>Robuster Airbrushkompressor mit Druckkessel \/ max. Druck: 6bar \/ max. Luftabgabemenge: 20-25l\/min \/ 125 Watt<\/p>\n<p>Universell einsetzbar, auch in der Airbrush Technik!<\/p>","protected":false},"featured_media":31798,"comment_status":"open","ping_status":"closed","template":"","meta":[],"product_brand":[],"product_cat":[361,217,185],"product_tag":[],"class_list":{"0":"post-30112","1":"product","2":"type-product","3":"status-publish","4":"has-post-thumbnail","6":"product_cat-airbrush-fuer-fahrzeuge","7":"product_cat-profi-set-mit-kompressor","8":"product_cat-airbrush-sets","10":"first","11":"instock","12":"taxable","13":"shipping-taxable","14":"purchasable","15":"product-type-simple"},"_links":{"self":[{"href":"https:\/\/testshop.igel.wovodo.de\/cs\/wp-json\/wp\/v2\/product\/30112","targetHints":{"allow":["GET"]}}],"collection":[{"href":"https:\/\/testshop.igel.wovodo.de\/cs\/wp-json\/wp\/v2\/product"}],"about":[{"href":"https:\/\/testshop.igel.wovodo.de\/cs\/wp-json\/wp\/v2\/types\/product"}],"replies":[{"embeddable":true,"href":"https:\/\/testshop.igel.wovodo.de\/cs\/wp-json\/wp\/v2\/comments?post=30112"}],"version-history":[{"count":1,"href":"https:\/\/testshop.igel.wovodo.de\/cs\/wp-json\/wp\/v2\/product\/30112\/revisions"}],"predecessor-version":[{"id":34730,"href":"https:\/\/testshop.igel.wovodo.de\/cs\/wp-json\/wp\/v2\/product\/30112\/revisions\/34730"}],"wp:featuredmedia":[{"embeddable":true,"href":"https:\/\/testshop.igel.wovodo.de\/cs\/wp-json\/wp\/v2\/media\/31798"}],"wp:attachment":[{"href":"https:\/\/testshop.igel.wovodo.de\/cs\/wp-json\/wp\/v2\/media?parent=30112"}],"wp:term":[{"taxonomy":"product_brand","embeddable":true,"href":"https:\/\/testshop.igel.wovodo.de\/cs\/wp-json\/wp\/v2\/product_brand?post=30112"},{"taxonomy":"product_cat","embeddable":true,"href":"https:\/\/testshop.igel.wovodo.de\/cs\/wp-json\/wp\/v2\/product_cat?post=30112"},{"taxonomy":"product_tag","embeddable":true,"href":"https:\/\/testshop.igel.wovodo.de\/cs\/wp-json\/wp\/v2\/product_tag?post=30112"}],"curies":[{"name":"wp","href":"https:\/\/api.w.org\/{rel}","templated":true}]}}