{"id":30141,"date":"2024-10-31T14:06:35","date_gmt":"2024-10-31T13:06:35","guid":{"rendered":"https:\/\/testshop.igel.wovodo.de\/product\/regenfass-mit-pflanzschale-amphore-maja-300l-terrakotta-zzgl-fallrohrfilter-t33-auswahl\/"},"modified":"2025-01-27T12:28:52","modified_gmt":"2025-01-27T11:28:52","slug":"regenfass-mit-pflanzschale-amphore-maja-300l-terrakotta-zzgl-fallrohrfilter-t33-auswahl","status":"publish","type":"product","link":"https:\/\/testshop.igel.wovodo.de\/cs\/product\/regenfass-mit-pflanzschale-amphore-maja-300l-terrakotta-zzgl-fallrohrfilter-t33-auswahl\/","title":{"rendered":"Regenfass mit Pflanzschale &#8211; Amphore Maja 300l terrakotta &#8211; zzgl. Fallrohrfilter T33 &#8211; Auswahl"},"content":{"rendered":"<div class=\"sale_application\">\n<p>Das wundersch\u00f6ne Regenfass &#8220;Amphore Maja&#8221; verleiht ihrem Garten mediterranes Flair. Die Farbe terrakotta passt sehr gut zu modernen Fassadenanstrichen in warmen T\u00f6nen. Die intergrierte Pflanzschale bietet Raum f\u00fcr eine individuelle Gestaltung der Regentonne. Das Fassungsverm\u00f6gen der Regenwassertonne in terrakotta betr\u00e4gt 300 Liter.<\/p>\n<\/p><\/div>\n<div class=\"sale_description\">\n<h2>Material und Herstellung<\/h2>\n<p>Die Regentonnen werden aus Polyethylen (PE-Kunststoff) hergestellt.<\/p>\n<p>Das innovative Herstellungsverfahren der Rotations-Inter-Technik und das Herstellungsmaterial macht unsere Regenwasserf\u00e4sser zu echten LONG-LIFE-Regentonnen. Bei der Rotations-Inter-Fertigungstechnik wird jedes Regenfass in einem St\u00fcck hergestellt ? ohne Schweissn\u00e4hte.<br \/>\n  Das Herstellungsverfahren und die Materialauswahl verleihen unseren Regentonnen eine Top-Qualit\u00e4t und viele gute Eigenschaften: <b>Die Regentonnen sind frostfest, dauerelastisch, bruch- und schlagfest, UV- und witterungsbest\u00e4ndig sowie dauerhaft dicht, stabil und langlebig.<\/b><\/p>\n<p>Dezent angeformte flache Stellen sind f\u00fcr Wasserzulauf und -ablauf vorgesehen. Im Bedarfsfall k\u00f6nnen diese bauseitig aufgebohrt werden. Einmal richtig installiert und angeschlossen &#8211; und Sie haben sehr, sehr lange Freude daran! Kein Billigm\u00fcll, der nach 2-3 Jahren auf dem Bauhof landet und die M\u00fcllhalden f\u00fcllt. Die Tonnen sind nicht billig, aber in jedem Fall das Geld wert!<br \/>\n  Jede Regentonne ist ein &#8220;Unikat!&#8221; Sie werden viel Spass und Freude an diesem Produkt haben!<\/p>\n<h2>Integrierte Pflanzschale, F\u00fcllstandanzeige &amp; Fallrohr-Filter T33<\/h2>\n<p>Zum Zubeh\u00f6r der Regentonne geh\u00f6ren ein passender Deckel sowie ein Auslaufhahn aus PE-Kunststoff in schwarz. Der Deckel der hochwertigen Regentonne ist mit einer <b>integrierten Pflanzschale<\/b> ausgestattet. Mit der intergrierten Pflanzschale k\u00f6nnen Sie die in zwei Farben (terra-kotta, beige-gelb) und zwei Gr\u00f6\u00dfen (300l, 500l) erh\u00e4ltliche Regentonne individuell gestalten. Der Auslaufhahn f\u00fcr Regentonnen hat einen 3\/4-Zoll-Anschluss. Er kann optimal an den dezent vorgeformten Stellen am Regenfass f\u00fcr den Wasser-Zu- und Ablauf angebracht werden. Zur hochwertigen Regentonne erhalten Sie au\u00dferdem einen <b>F\u00fcllstandschlauch inklusive Befestigungsmaterial<\/b>.<\/p>\n<p>Der Filter T33 bef\u00fcllt Ihre Regentonne automatisch mit sauberem Wasser, auch wenn Sie nicht zu Hause sind!<br \/>\n  Der Regenfilter T33 wird in das Fallrohr der Regenrinne eingebaut. Dort filtert er Bl\u00e4tter, Insekten, Sandk\u00f6rner und andere Partikel aus dem Regenwasser. So wird die Regentonne stets mit sauberem Wasser randvoll bef\u00fcllt, ohne \u00fcberzulaufen.<\/p>\n<p>Der Filter ist mit einer <b>&#8220;F\u00fcll-Stopp-Automatik&#8221;<\/b> ausgestattet. In der entsprechenden H\u00f6he in das Fallrohr eingebaut (Montageanleitung beachten) sorgt der Filter automatisch daf\u00fcr, dass die Regentonne nicht \u00fcberl\u00e4uft. Dadurch werden teuere Wassersch\u00e4den an Haus und Kellerwand zuverl\u00e4ssig vermieden.<\/p>\n<p>Na str\u00e1nk\u00e1ch <b>Wirkungsgrad<\/b> ist, im Vergleich zu anderen Filtern, mit <b>\u00fcber 90%<\/b>, sehr hoch. Ausserdem verf\u00fcgt der Filter \u00fcber sehr gute Selbstreinigungs-Eigenschaften. Somit wird Ihr Wartungsaufwand auf ein Minimum reduziert. Dabei sp\u00fclt ein sehr geringer Teil des Regenwassers den Schmutz von der Siebfl\u00e4che in den Kanal, so dass der grsste Wasseranteil gereinigt in die Regentonne fliessen kann.<\/p>\n<p style=\"font-size:11px;\"><b> Pozn\u00e1mka: <\/b> Leider kommen beim Transport und Handling von Tanks sowie Regentonnen leichte Kratzer sowie Scheuerstellen vor. Diese sind unvermeidbar. Sie stellen keinen Reklamationsgrund dar und berechtigen nicht zu Abz\u00fcgen oder zur Rechnungsminderung. * Bitte pr\u00fcfen Sie die Sendung sofort! Ein von au\u00dfen erkennbarer Schaden wird von der Versicherung nicht mehr anerkannt, wenn Sie den Empfang der unbesch\u00e4digten Sendung durch Unterschrift best\u00e4tigen. Also: wenn die Sendung bei der \u00dcbergabe von au\u00dfen schon besch\u00e4digt ist, bitte das vom \u00dcberbringer schriftlich best\u00e4tigen lassen. Schreiben Sie den Namen und ggf. Kfz-Kennzeichen des \u00dcberbringers auf und teilen uns das SOFORT schriftlich mit. * Melden Sie sich bitte bei von au\u00dfen nicht erkennbaren Sch\u00e4den unverz\u00fcglich (innerhalb von 5 Werktagen) mit Hilfe des Service-Bogens bei uns!<\/p>\n<p style=\"font-size:11px;\"><b>Pr\u00e1vn\u00ed upozorn\u011bn\u00ed:<\/b> Na\u0161e v\u00fdrobky jsou barveny ru\u010dn\u011b, tak\u017ee se nelze vyhnout barevn\u00fdm odchylk\u00e1m. Krom\u011b toho se m\u016f\u017ee st\u00e1t, \u017ee v d\u016fsledku sv\u011bteln\u00fdch podm\u00ednek p\u0159i fotografov\u00e1n\u00ed v\u00fdrobku a r\u016fzn\u00fdch nastaven\u00ed obrazovky nebude barva v\u00fdrobku reprodukov\u00e1na autenticky, a proto nen\u00ed d\u016fvodem k reklamaci.<\/p>\n<\/div>\n<h3>Mnoho dobr\u00fdch d\u016fvod\u016f, pro\u010d byste si m\u011bli koupit tento produkt:<\/h3>\n<div class=\"sale_motive\">\n<ul>\n<li>Dauerhaft dichte Long-Life-Regentonne<\/li>\n<li>Zaubert mediterranes Flair in Ihr Zuhause<\/li>\n<li>Hochwertiges Herstellungsverfahren<\/li>\n<li>Jede Regentonne ist ein &#8220;Unikat&#8221;!<\/li>\n<li>Unsere Produktvorteile = Ihr Nutzen<\/li>\n<li>frostfest, UV- und witterungsbest\u00e4ndig<\/li>\n<li>stabil, schlag- und bruchfest<\/li>\n<li>Inkl. Deckel mit integrierter Pflanzschale zur individuellen Gestaltung<\/li>\n<li>Inkl. F\u00fcllstand-Anzeige und Auslaufhahn<\/li>\n<\/ul>\n<\/div>","protected":false},"excerpt":{"rendered":"<p>Mediterranes Flair in Ihrem Garten: Regentonne mit integrierter Pflanzschale!<br \/>\n  inkl. F\u00fcllstandsanzeige &amp; Auslaufhahn<\/p>\n<p>Volumen: 300L |  Farbe: 300L | H\u00f6he: 114cm<\/p>","protected":false},"featured_media":31900,"comment_status":"open","ping_status":"closed","template":"","meta":[],"product_brand":[],"product_cat":[382,383],"product_tag":[],"class_list":{"0":"post-30141","1":"product","2":"type-product","3":"status-publish","4":"has-post-thumbnail","6":"product_cat-regentonne-amphore-maja","7":"product_cat-maja","9":"first","10":"instock","11":"taxable","12":"shipping-taxable","13":"purchasable","14":"product-type-simple"},"_links":{"self":[{"href":"https:\/\/testshop.igel.wovodo.de\/cs\/wp-json\/wp\/v2\/product\/30141","targetHints":{"allow":["GET"]}}],"collection":[{"href":"https:\/\/testshop.igel.wovodo.de\/cs\/wp-json\/wp\/v2\/product"}],"about":[{"href":"https:\/\/testshop.igel.wovodo.de\/cs\/wp-json\/wp\/v2\/types\/product"}],"replies":[{"embeddable":true,"href":"https:\/\/testshop.igel.wovodo.de\/cs\/wp-json\/wp\/v2\/comments?post=30141"}],"version-history":[{"count":1,"href":"https:\/\/testshop.igel.wovodo.de\/cs\/wp-json\/wp\/v2\/product\/30141\/revisions"}],"predecessor-version":[{"id":34759,"href":"https:\/\/testshop.igel.wovodo.de\/cs\/wp-json\/wp\/v2\/product\/30141\/revisions\/34759"}],"wp:featuredmedia":[{"embeddable":true,"href":"https:\/\/testshop.igel.wovodo.de\/cs\/wp-json\/wp\/v2\/media\/31900"}],"wp:attachment":[{"href":"https:\/\/testshop.igel.wovodo.de\/cs\/wp-json\/wp\/v2\/media?parent=30141"}],"wp:term":[{"taxonomy":"product_brand","embeddable":true,"href":"https:\/\/testshop.igel.wovodo.de\/cs\/wp-json\/wp\/v2\/product_brand?post=30141"},{"taxonomy":"product_cat","embeddable":true,"href":"https:\/\/testshop.igel.wovodo.de\/cs\/wp-json\/wp\/v2\/product_cat?post=30141"},{"taxonomy":"product_tag","embeddable":true,"href":"https:\/\/testshop.igel.wovodo.de\/cs\/wp-json\/wp\/v2\/product_tag?post=30141"}],"curies":[{"name":"wp","href":"https:\/\/api.w.org\/{rel}","templated":true}]}}