{"id":30163,"date":"2024-10-31T14:06:47","date_gmt":"2024-10-31T13:06:47","guid":{"rendered":"https:\/\/testshop.igel.wovodo.de\/product\/profi-airbrush-koffer-set-compact-mobil\/"},"modified":"2025-01-27T12:28:59","modified_gmt":"2025-01-27T11:28:59","slug":"profi-airbrush-koffer-set-compact-mobil","status":"publish","type":"product","link":"https:\/\/testshop.igel.wovodo.de\/cs\/product\/profi-airbrush-koffer-set-compact-mobil\/","title":{"rendered":"Profi-AirBrush Koffer Set Compact Mobil"},"content":{"rendered":"<div class=\"sale_application\">\n<b><\/p>\n<p>Ide\u00e1ln\u00ed pro kosmetiku a kr\u00e1su (airbrush nail art, make-up, barven\u00ed vlas\u016f, p\u00e9\u010de o vlasy, opalov\u00e1n\u00ed ve spreji), body art (malov\u00e1n\u00ed na t\u011blo, tetov\u00e1n\u00ed, n\u00e1vrhy masek), hobby (kv\u011btiny\/ kv\u011btinov\u00e9 vazby, model\u00e1\u0159stv\u00ed, keramika\/ keramika, textil), mal\u00e9 n\u00e1vrhy aut (benzinov\u00e9 v\u00ed\u010dka\/ helmy), technick\u00e9 ilustrace\/ retu\u0161ov\u00e1n\u00ed fotografi\u00ed a zdoben\u00ed potravin (dorty\/ cupcakes). Mo\u017enosti airbrushe jsou prakticky neomezen\u00e9.<\/p>\n<p><\/b> <\/div>\n<div class=\"sale_description\">\n<p>Das \u00f6l- und wartungsfreie <strong>Airbrush Kompressor Set Compact Mobil<\/strong> ist f\u00fcr Arbeiten mit allen handels\u00fcblichen Airbrush Farben geeignet. Mit nur 47dB erm\u00f6glicht der Kompressor angenehmes Arbeiten auch in kleineren, geschlossenen R\u00e4umen. Sein kompaktes Design und der integrierte Tragegriff erleichtern den mobilen Einsatz. Die Abschaltautomatik erm\u00f6glicht einen stromsparenden Betrieb.<\/p>\n<p><b>Wir achten auf Qualit\u00e4t! Der Vorfilter hat ein Metallgeh\u00e4use. Kein Plastik! Das ist besonders wichtig, da schon bei leichter \u00dcberbeanspruchung, das Plastik-Gewinde besch\u00e4digt werden kann. Dann brauchen Sie gleich einen neuen Vorfilter, den Sie teuer bezahlen m\u00fcssen.<\/b><\/p>\n<\/p>\n<p>Die Airbrush-Pistole <strong>Dvojit\u00e1 akce<\/strong> ist ein Zweistoff-Zerst\u00e4uber, der nach dem Prinzip einer Strahlpumpe arbeitet, wobei Druckluft als Treibmittel verwendet wird. In Abh\u00e4ngigkeit von der St\u00e4rke des Luftstroms und der Menge der Farbe k\u00f6nnen mit einer Airbrushpistole feinste Linien, aber auch gro\u00dfe Fl\u00e4chen bemalt werden. Man kann Farbe deckend aufspr\u00fchen aber auch einen transparenten Farbfilm airbrushen. Bei einer Double-Action Airbrush werden Luft und Farbmenge mit einem Hebel gesteuert.<\/p>\n<p>Die Airbrush-Pistole <b>&#8220;Double-Action-Gun 130 D 0,3&#8221;<\/b> ist ein Zweistoff-Zerst\u00e4uber, der nach dem Prinzip einer Strahlpumpe arbeitet, wobei Druckluft als Treibmittel verwendet wird. In Abh\u00e4ngigkeit von der St\u00e4rke des Luftstroms und der Menge der Farbe, kann man mit einer Airbushpistole feinste Linien aber auch gro\u00dfe Fl\u00e4chen malen. Man kann Farbe deckend aufspr\u00fchen aber auch einen transparenten Farbfilm airbrushen.<\/p>\n<p>Spr\u00fchpistolen, bei denen die Farbzuf\u00fchrung von oben erfolgt, nennt man auch &#8220;Gravity&#8221;. Bauartbedingt haben diese Spritzpistolen meist einen festen oder gar keinen Farbbeh\u00e4lter oder eine (Farbmulde) von geringer Gr\u00f6\u00dfe. Die Farbe gelangt hier direkt in den Nadelschaft und in die D\u00fcse. Die 0,3mm D\u00fcse gestattet Arbeiten bis auf Haarliniengenauigkeit aber auch groberpixelige Eins\u00e4tze.<\/p>\n<\/p><\/div>\n<h3>Mnoho dobr\u00fdch d\u016fvod\u016f, pro\u010d byste si m\u011bli koupit tento produkt:<\/h3>\n<div class=\"sale_motive\">\n<ul>\n<li>energieeffizienter Einzel-Zylinder Kolbenkompressor<\/li>\n<li><b>vielf\u00e4ltige Einsatzgebiete<\/b><\/li>\n<li>P\u0159enosn\u00e9 a rychle p\u0159ipraven\u00e9 k pou\u017eit\u00ed<\/li>\n<li>Olej a bez\u00fadr\u017ebov\u00fd provoz<\/li>\n<li>Snadn\u00e1 manipulace<\/li>\n<li>Perfektn\u00ed pr\u00e1ce d\u00edky st\u00e1l\u00e9mu pracovn\u00edmu tlaku<\/li>\n<li>P\u0159ipojen\u00ed: 0,3cm (1\/8\u2033) z\u00e1vit pro v\u0161echny b\u011b\u017en\u00e9 airbrush pistole<\/li>\n<li>Ide\u00e1ln\u00ed pro mobiln\u00ed pou\u017eit\u00ed<\/li>\n<li>Tepeln\u011b chr\u00e1n\u011bn\u00e9<\/li>\n<li><b>integrierter Durchfluss- und Druckregler, Manometer, Wasserabscheider<\/b><\/li>\n<li><b>fl\u00fcsterleiser Betrieb ca. 47dB <\/b>(Zum Vergleich: eine normale Sprache in 1 m Abstand = 60dB)<\/li>\n<\/ul>\n<ul>\n<li><strong>Rozs\u00e1hl\u00e9 p\u0159\u00edslu\u0161enstv\u00ed<\/strong><\/li>\n<\/div>","protected":false},"excerpt":{"rendered":"<p>Robuster Airbrushkompressor vom Typ Einzel-Zylinder Kolbenkompressor\n<\/p>\n<p>mit max. Druck: 4bar | max. Luftabgabemenge: 20-25 l\/min | 125 Watt\n<\/p>\n<p>inklusive Profi-AirBrush Pistole &#8220;Gravity-Dual-Action&#8221; 130D und 1,8m Schlauch<\/p>\n<p>Ideal f\u00fcr Einsteiger und Fortgeschrittene der Airbrush Technik!<\/p>","protected":false},"featured_media":31963,"comment_status":"open","ping_status":"closed","template":"","meta":[],"product_brand":[],"product_cat":[217,185],"product_tag":[],"class_list":{"0":"post-30163","1":"product","2":"type-product","3":"status-publish","4":"has-post-thumbnail","6":"product_cat-profi-set-mit-kompressor","7":"product_cat-airbrush-sets","9":"first","10":"instock","11":"taxable","12":"shipping-taxable","13":"purchasable","14":"product-type-simple"},"_links":{"self":[{"href":"https:\/\/testshop.igel.wovodo.de\/cs\/wp-json\/wp\/v2\/product\/30163","targetHints":{"allow":["GET"]}}],"collection":[{"href":"https:\/\/testshop.igel.wovodo.de\/cs\/wp-json\/wp\/v2\/product"}],"about":[{"href":"https:\/\/testshop.igel.wovodo.de\/cs\/wp-json\/wp\/v2\/types\/product"}],"replies":[{"embeddable":true,"href":"https:\/\/testshop.igel.wovodo.de\/cs\/wp-json\/wp\/v2\/comments?post=30163"}],"version-history":[{"count":1,"href":"https:\/\/testshop.igel.wovodo.de\/cs\/wp-json\/wp\/v2\/product\/30163\/revisions"}],"predecessor-version":[{"id":34781,"href":"https:\/\/testshop.igel.wovodo.de\/cs\/wp-json\/wp\/v2\/product\/30163\/revisions\/34781"}],"wp:featuredmedia":[{"embeddable":true,"href":"https:\/\/testshop.igel.wovodo.de\/cs\/wp-json\/wp\/v2\/media\/31963"}],"wp:attachment":[{"href":"https:\/\/testshop.igel.wovodo.de\/cs\/wp-json\/wp\/v2\/media?parent=30163"}],"wp:term":[{"taxonomy":"product_brand","embeddable":true,"href":"https:\/\/testshop.igel.wovodo.de\/cs\/wp-json\/wp\/v2\/product_brand?post=30163"},{"taxonomy":"product_cat","embeddable":true,"href":"https:\/\/testshop.igel.wovodo.de\/cs\/wp-json\/wp\/v2\/product_cat?post=30163"},{"taxonomy":"product_tag","embeddable":true,"href":"https:\/\/testshop.igel.wovodo.de\/cs\/wp-json\/wp\/v2\/product_tag?post=30163"}],"curies":[{"name":"wp","href":"https:\/\/api.w.org\/{rel}","templated":true}]}}