{"id":30187,"date":"2024-10-31T14:07:01","date_gmt":"2024-10-31T13:07:01","guid":{"rendered":"https:\/\/testshop.igel.wovodo.de\/product\/profi-airbrush-kompressor-universal-set-i\/"},"modified":"2025-01-27T12:29:05","modified_gmt":"2025-01-27T11:29:05","slug":"profi-airbrush-kompressor-universal-set-i","status":"publish","type":"product","link":"https:\/\/testshop.igel.wovodo.de\/cs\/product\/profi-airbrush-kompressor-universal-set-i\/","title":{"rendered":"Profi-AirBrush Kompressor Universal Set I"},"content":{"rendered":"<div class=\"sale_application\"><b>Ide\u00e1ln\u00ed pro kosmetiku a kr\u00e1su (airbrush nail art, make-up, barven\u00ed vlas\u016f, p\u00e9\u010de o vlasy, opalov\u00e1n\u00ed ve spreji), body art (malov\u00e1n\u00ed na t\u011blo, tetov\u00e1n\u00ed, n\u00e1vrhy masek), hobby (kv\u011btiny\/ kv\u011btinov\u00e9 vazby, model\u00e1\u0159stv\u00ed, keramika\/ keramika, textil), mal\u00e9 n\u00e1vrhy aut (benzinov\u00e9 v\u00ed\u010dka\/ helmy), technick\u00e9 ilustrace\/ retu\u0161ov\u00e1n\u00ed fotografi\u00ed a zdoben\u00ed potravin (dorty\/ cupcakes). Mo\u017enosti airbrushe jsou prakticky neomezen\u00e9.<\/b> <\/div>\n<div class=\"sale_description\">\n<p>Dieser \u00f6l- und wartungsfreie Airbrush Kompressor ist f\u00fcr Arbeiten mit allen handels\u00fcblichen Airbrush Farben geeignet. Mit nur 47dB erm\u00f6glicht der Kompressor f\u00fcr Airbrush angenehmes Arbeiten auch in kleineren, geschlossenen R\u00e4umen. Sein kompaktes Design und der integrierte Tragegriff erleichtern den mobilen Einsatz. Die <b>Abschaltautomatik<\/b> erm\u00f6glicht einen stromsparenden und ger\u00e4tesch\u00fctzenden Betrieb.<\/p>\n<p>Der Airbrush-Kompressor ist mit einem <b>3-Liter Lufttank<\/b> ausgestattet. Durch den integrierten 3l-Lufttank ist ein perfektes Arbeiten durch gleichbleibenden Luftdruck m\u00f6glich. Integriert sind auch <b>Durchfluss- und Druckregler, Manometer und Wasserabschneider<\/b>. Der maximale Arbeitsdruck betr\u00e4gt 6 bar. Der thermisch gesch\u00fctzte Airbrush-Kompressor hat einen Netzschalter und ein Sicherheitsventil.<\/p>\n<p>Der 150-Watt Einzel-Zylinder-Airbrush-Kompressor ist ideal f\u00fcr Airbrush-Pistolen mit geringem Luftdurchlass. Der Anschluss des Airbrush-Kompressors mit einem 1\/8-Zoll-Gewinde ist f\u00fcr alle g\u00e4ngigen Airbrush-Pistolen geeignet.<\/p>\n<p><b>Der Airbrush-Kompressor ist ideal f\u00fcr alle Airbrush-Anwendungen &#8211; f\u00fcr Hobby und Beruf, f\u00fcr Airbrush-Einsteiger und Airbrush-Profis.<\/b><\/p>\n<p><strong>Die UNIVERSAL-Airbrush-Pistole &#8220;Double-Action-Gun 134s&#8221; ist einzigartig und einmalig f\u00fcr diese Preisklasse!<\/strong><\/p>\n<p>Die Airbrush-Pistole &#8220;Double-Action-Gun 134s&#8221; mit 0,2mm \/ 0,3mm \/ 0,5mm NADEL\/D\u00dcSE Kombination und 2 verschiedenen Farbbeh\u00e4ltern (7ccl und 22ml) ist besonders f\u00fcr den Beginner zum Kennenlernen der einzelnen Techniken und f\u00fcr ein z\u00fcgiges Arbeiten optimal geeignet. Damit lassen sich sowohl feine Linien ziehen, als auch gr\u00f6\u00dfere Fl\u00e4chen airbrushen. F\u00fcr gr\u00f6\u00dfere Farbmengen wird der 22ml-Glasbeh\u00e4lter und f\u00fcr kleinere Farbmengen der 7ccl Metallaufsatz verwendet. Mit der UNIVERSAL AIRBRUSH-PISTOLE DOUBLE-ACTION 134s macht das Hobby richtig Spa\u00df!<\/p>\n<p>Der 1,8m lange Luftschlauch gibt ausreichend Bewegungsspielraum.<\/p>\n<\/div>\n<h3>Mnoho dobr\u00fdch d\u016fvod\u016f, pro\u010d byste si m\u011bli koupit tento produkt:<\/h3>\n<div class=\"sale_motive\">\n<ul>\n<li>energieeffizienter Einzel-Zylinder Kolbenkompressor<\/li>\n<li>vielf\u00e4ltige Einsatzgebiete<\/li>\n<li>P\u0159enosn\u00e9 a rychle p\u0159ipraven\u00e9 k pou\u017eit\u00ed<\/li>\n<li>Ideal f\u00fcr Pistolen mit geringem Luftdurchlass<\/li>\n<li>kompaktes und sch\u00f6nes Design<\/li>\n<li>Autostop Automatik (4bar-Stop | 3bar-Start)<\/li>\n<li>Olej a bez\u00fadr\u017ebov\u00fd provoz<\/li>\n<li>Perfektn\u00ed pr\u00e1ce d\u00edky st\u00e1l\u00e9mu pracovn\u00edmu tlaku<\/li>\n<li>P\u0159ipojen\u00ed: 0,3cm (1\/8\u2033) z\u00e1vit pro v\u0161echny b\u011b\u017en\u00e9 airbrush pistole<\/li>\n<li>Ide\u00e1ln\u00ed pro mobiln\u00ed pou\u017eit\u00ed<\/li>\n<li>Tepeln\u011b chr\u00e1n\u011bn\u00e9<\/li>\n<li>integrierter Durchfluss- und Druckregler, Manometer, Wasserabscheider<\/li>\n<li>integrierter Luft-Tank mit Druckluftreserve 3L<\/li>\n<li>Sicherheitsventil<\/li>\n<li>fl\u00fcsterleiser Betrieb ca. 47dB (Zum Vergleich: ein normales Gespr\u00e4che in 1 m Abstand = 60dB)<\/li>\n<li>Vielseitige Airbrush-Pistole mit 3er Nadel-\/D\u00fcsen-Set &amp; 2 Farbbeh\u00e4ltern<\/li>\n<\/ul>\n<\/div>","protected":false},"excerpt":{"rendered":"<p>Profi-AirBrush Kompressor Universal Set I<br \/>\n  mit Profi-AirBrush-Pistole Double-Action-Gun 134s<\/p>","protected":false},"featured_media":32049,"comment_status":"open","ping_status":"closed","template":"","meta":[],"product_brand":[],"product_cat":[185,188],"product_tag":[],"class_list":{"0":"post-30187","1":"product","2":"type-product","3":"status-publish","4":"has-post-thumbnail","6":"product_cat-airbrush-sets","7":"product_cat-airbrush-set","9":"first","10":"instock","11":"taxable","12":"shipping-taxable","13":"purchasable","14":"product-type-simple"},"_links":{"self":[{"href":"https:\/\/testshop.igel.wovodo.de\/cs\/wp-json\/wp\/v2\/product\/30187","targetHints":{"allow":["GET"]}}],"collection":[{"href":"https:\/\/testshop.igel.wovodo.de\/cs\/wp-json\/wp\/v2\/product"}],"about":[{"href":"https:\/\/testshop.igel.wovodo.de\/cs\/wp-json\/wp\/v2\/types\/product"}],"replies":[{"embeddable":true,"href":"https:\/\/testshop.igel.wovodo.de\/cs\/wp-json\/wp\/v2\/comments?post=30187"}],"version-history":[{"count":1,"href":"https:\/\/testshop.igel.wovodo.de\/cs\/wp-json\/wp\/v2\/product\/30187\/revisions"}],"predecessor-version":[{"id":34805,"href":"https:\/\/testshop.igel.wovodo.de\/cs\/wp-json\/wp\/v2\/product\/30187\/revisions\/34805"}],"wp:featuredmedia":[{"embeddable":true,"href":"https:\/\/testshop.igel.wovodo.de\/cs\/wp-json\/wp\/v2\/media\/32049"}],"wp:attachment":[{"href":"https:\/\/testshop.igel.wovodo.de\/cs\/wp-json\/wp\/v2\/media?parent=30187"}],"wp:term":[{"taxonomy":"product_brand","embeddable":true,"href":"https:\/\/testshop.igel.wovodo.de\/cs\/wp-json\/wp\/v2\/product_brand?post=30187"},{"taxonomy":"product_cat","embeddable":true,"href":"https:\/\/testshop.igel.wovodo.de\/cs\/wp-json\/wp\/v2\/product_cat?post=30187"},{"taxonomy":"product_tag","embeddable":true,"href":"https:\/\/testshop.igel.wovodo.de\/cs\/wp-json\/wp\/v2\/product_tag?post=30187"}],"curies":[{"name":"wp","href":"https:\/\/api.w.org\/{rel}","templated":true}]}}