{"id":30189,"date":"2024-10-31T14:07:02","date_gmt":"2024-10-31T13:07:02","guid":{"rendered":"https:\/\/testshop.igel.wovodo.de\/product\/solar-gartenbrunnen-wasserspiel-granitschalen-kaskade-4-mit-led-licht-und-li-ion-akku\/"},"modified":"2025-01-27T12:29:05","modified_gmt":"2025-01-27T11:29:05","slug":"solar-gartenbrunnen-wasserspiel-granitschalen-kaskade-4-mit-led-licht-und-li-ion-akku","status":"publish","type":"product","link":"https:\/\/testshop.igel.wovodo.de\/cs\/product\/solar-gartenbrunnen-wasserspiel-granitschalen-kaskade-4-mit-led-licht-und-li-ion-akku\/","title":{"rendered":"Solar &#8211; Gartenbrunnen &amp; Wasserspiel &#8220;GRANITSCHALEN-KASKADE-4&#8221; mit LED-Licht und Li-Ion-Akku"},"content":{"rendered":"<div class=\"sale_application\">\n<p>Solarbetriebener Garten-Brunnen mit Li-Ion Akku und LED-Lichter<\/p>\n<\/p><\/div>\n<div class=\"sale_description\">\n<p>Na str\u00e1nk\u00e1ch <b>&#8220;GRANITSCHALEN-KASKADE-4&#8221;<\/b> wird f\u00fcr noch mehr Wohlgef\u00fchl in Ihrem Garten sorgen. Die Kraft der Sonne wird umgesetzt in flie\u00dfendes Wasser. Hochwertige Komponenten bringen das Wasser in Bewegung, sobald das Sonnenlicht die Solarfl\u00e4che erreicht. Je st\u00e4rker die Sonne, umso intensiver wird das Wasserspiel! Das beruhigende Rauschen des Wassers gibt jedem Garten eine besondere Note und das im Sonnenlicht funkelnde Wasser ist stets der perfekte Blickfang. Das flie\u00dfende Wasser sorgt au\u00dferdem f\u00fcr ein angenehmes Mikroklima an hei\u00dfen Sommertagen.<\/p>\n<h2>&#8220;GRANITSCHALEN-KASKADE-4&#8221; &#8211; Der perfekte Blickfang im Garten!<\/h2>\n<p>Das innovative Solar-Pumpensystem garantiert Ihnen jahrelange Freude. Es hat eine Lebensdauer \u00fcber 60.000 Stunden, in denen Sie die sch\u00f6nen Wasserl\u00e4ufe bewundern k\u00f6nnen, ohne an die stetig wachsenden Strompreise denken zu m\u00fcssen.<\/p>\n<h2>Individuelle Platzierung<\/h2>\n<p>Platzieren Sie diesen Solarbrunnen einfach an einer beliebigen Stelle in Ihrem Garten. Durch das einfache Steckprinzip und dem Solarpanel ist er schnell aufgebaut. Ein weiterer Vorteil ist, dass Sie an keine Steckdose gebunden sind und das l\u00e4stige Verlegen des 230V-Kabels entf\u00e4llt. Kein \u00c4rger mehr mit den durch Nagetiere besch\u00e4digten Kabeln und dadurch verursachten Stromausf\u00e4llen. Au\u00dferdem k\u00f6nnen Sie das Solarsystem nach Ihrem Geschmack effektvoll positionieren. Der Gebrauch des Solarpanels ist auch die sichere Alternative zu der 230V Steckdose. Bitte bedenken Sie, dass das Solarpanel stets im vollen Sonnenlicht zu platzieren und auszurichten ist, da sonst keine Pumpenfunktion garantiert werden kann.<\/p>\n<p><strong>Produkt-Info zum Li-Ion-Akku:<\/strong><\/p>\n<p>Die innovativen Li-Ion-Akkus haben keinen Memory-Effekt. Das ist besonders bei h\u00e4ufigen Auf- und Entladevorg\u00e4ngen wie bei Solarteichpumpen enorm wichtig, um langfristig die <strong>optimale Akku-Kapazit\u00e4t<\/strong> zu erreichen. Die Li-Ion-Akkus sind wesentlich besser bez\u00fcglich Temperaturschwankungen als herk\u00f6mmliche Akkus. Es erwartet Sie ein l\u00e4nger andauerndes und lebendigeres Wasserspiel. Die Funktion des Solar-Brunnens startet bereits bei minimaler Aufladung &#8211; automatisch! Als <strong>Schutz vor Tiefentladung<\/strong> erfolgt eine automatische Abschaltung bei Erreichen des Mindest-Endladezustands. <strong>Kein Akku-Wechsel erforderlich!<\/strong> <b><font color=\"#048610\">Insgesamt haben die Li-Ion-Akkus im Vergleich zu herk\u00f6mmlichen Akkus eine 3 mal l\u00e4ngere Laufzeit und eine bis zu 10-FACHE Lebensdauer beim Betrieb mit Solarteichpumpen!<br \/><\/font><\/b><\/p>\n<p><b>Akku im Solarpanel nicht gen\u00fcgend aufgeladen ist, da dieses bei Auslieferung nur bis zu 30% Kapazit\u00e4t hat.<br \/>\nBitte lassen Sie das Solarpanel erst einmal 2 Tage aufladen, bevor Sie es benutzen.<\/b><\/p>\n<p style=\"font-size:11px;\"><b>Pr\u00e1vn\u00ed upozorn\u011bn\u00ed:<\/b> Na\u0161e v\u00fdrobky jsou barveny ru\u010dn\u011b, tak\u017ee se nelze vyhnout barevn\u00fdm odchylk\u00e1m. Krom\u011b toho se m\u016f\u017ee st\u00e1t, \u017ee v d\u016fsledku sv\u011bteln\u00fdch podm\u00ednek p\u0159i fotografov\u00e1n\u00ed v\u00fdrobku a r\u016fzn\u00fdch nastaven\u00ed obrazovky nebude barva v\u00fdrobku reprodukov\u00e1na autenticky, a proto nen\u00ed d\u016fvodem k reklamaci.<\/p>\n<p><p><b>Pozn\u00e1mka:<\/b> Frost kann zu Sch\u00e4den am Gartenbrunnen und der Pumpe f\u00fchren. Bei Frostgefahr muss der <b>Gartenbrunnen und die Pumpe entleert werden<\/b>, mit klarem Wasser gesp\u00fclt und trocken eingelagert werden. Dann haben Sie sehr lange Freude daran!<\/p>\n<\/p>\n<\/div>\n<h3>Mnoho dobr\u00fdch d\u016fvod\u016f, pro\u010d byste si m\u011bli koupit tento produkt:<\/h3>\n<div class=\"sale_motive\">\n<ul>\n<li>Steckfertiges Solarpumpensystem &#8211; <strong>sofort einsatzbereit<\/strong><\/li>\n<li>2 Jahre Garantie*, Lebensdauer \u00fcber 60.000 Betriebsstunden<\/li>\n<li><strong>Tag- und Nachtbetrieb<\/strong> durch Solar- und Akku-Betrieb<\/li>\n<li>Mit LED-Licht f\u00fcr den Nachtbetrieb<\/li>\n<li>Geeignet f\u00fcr <strong>Garten<\/strong>, <strong>Balkon<\/strong> a <strong>Terrasse<\/strong><\/li>\n<li>Hochwertiges Solarpanel mit einer Leistung von 3 Watt<\/li>\n<li>Es wird kein zus\u00e4tzlicher Strom verbraucht &#8211; Betrieb ohne Folgekosten<\/li>\n<li>Das Verlegen von 230V-Kabeln im Garten entf\u00e4llt<\/li>\n<li>Integrierter Filter sch\u00fctzt die Pumpe (l\u00e4sst sich leicht reinigen)<\/li>\n<li><strong>Sch\u00f6nes Design &#8211; der perfekte Blickfang!<\/strong><\/li>\n<\/ul>\n<p>*Garantie gilt nur f\u00fcr die Teichpumpe, nicht f\u00fcr das Solarpanel, Figure oder die Kabel.<\/p>\n<\/div>","protected":false},"excerpt":{"rendered":"<p>Hochwertiges, solarbetriebenes Pumpensystem f\u00fcr den Au\u00dfenbereich &#8211; mit LED-Beleuchtung.<br \/>\nDer perfekte Blickfang im Garten!<br \/>Tag- und Nachtbetrieb!<\/p>","protected":false},"featured_media":37618,"comment_status":"open","ping_status":"closed","template":"","meta":[],"product_brand":[],"product_cat":[318,278,319],"product_tag":[],"class_list":{"0":"post-30189","1":"product","2":"type-product","3":"status-publish","4":"has-post-thumbnail","6":"product_cat-gartenbrunnen","7":"product_cat-brunnen-mit-solar-betrieb","8":"product_cat-zimmerbrunnen","10":"first","11":"instock","12":"taxable","13":"shipping-taxable","14":"purchasable","15":"product-type-simple"},"_links":{"self":[{"href":"https:\/\/testshop.igel.wovodo.de\/cs\/wp-json\/wp\/v2\/product\/30189","targetHints":{"allow":["GET"]}}],"collection":[{"href":"https:\/\/testshop.igel.wovodo.de\/cs\/wp-json\/wp\/v2\/product"}],"about":[{"href":"https:\/\/testshop.igel.wovodo.de\/cs\/wp-json\/wp\/v2\/types\/product"}],"replies":[{"embeddable":true,"href":"https:\/\/testshop.igel.wovodo.de\/cs\/wp-json\/wp\/v2\/comments?post=30189"}],"version-history":[{"count":2,"href":"https:\/\/testshop.igel.wovodo.de\/cs\/wp-json\/wp\/v2\/product\/30189\/revisions"}],"predecessor-version":[{"id":38668,"href":"https:\/\/testshop.igel.wovodo.de\/cs\/wp-json\/wp\/v2\/product\/30189\/revisions\/38668"}],"wp:featuredmedia":[{"embeddable":true,"href":"https:\/\/testshop.igel.wovodo.de\/cs\/wp-json\/wp\/v2\/media\/37618"}],"wp:attachment":[{"href":"https:\/\/testshop.igel.wovodo.de\/cs\/wp-json\/wp\/v2\/media?parent=30189"}],"wp:term":[{"taxonomy":"product_brand","embeddable":true,"href":"https:\/\/testshop.igel.wovodo.de\/cs\/wp-json\/wp\/v2\/product_brand?post=30189"},{"taxonomy":"product_cat","embeddable":true,"href":"https:\/\/testshop.igel.wovodo.de\/cs\/wp-json\/wp\/v2\/product_cat?post=30189"},{"taxonomy":"product_tag","embeddable":true,"href":"https:\/\/testshop.igel.wovodo.de\/cs\/wp-json\/wp\/v2\/product_tag?post=30189"}],"curies":[{"name":"wp","href":"https:\/\/api.w.org\/{rel}","templated":true}]}}