{"id":30244,"date":"2024-10-31T14:07:37","date_gmt":"2024-10-31T13:07:37","guid":{"rendered":"https:\/\/testshop.igel.wovodo.de\/product\/airbrushpistole-basic-airbrush-body-art-mit-5-farbbehaeltern\/"},"modified":"2025-01-27T12:29:18","modified_gmt":"2025-01-27T11:29:18","slug":"airbrushpistole-basic-airbrush-body-art-mit-5-farbbehaeltern","status":"publish","type":"product","link":"https:\/\/testshop.igel.wovodo.de\/cs\/product\/airbrushpistole-basic-airbrush-body-art-mit-5-farbbehaeltern\/","title":{"rendered":"Airbrushpistole &#8220;Basic Airbrush Body Art&#8221; mit 5 Farbbeh\u00e4ltern"},"content":{"rendered":"<div class=\"sale_application\">\n<b><\/p>\n<p>Ide\u00e1ln\u00ed pro kosmetiku a kr\u00e1su (airbrush nail art, make-up, barven\u00ed vlas\u016f, p\u00e9\u010de o vlasy, opalov\u00e1n\u00ed ve spreji), body art (malov\u00e1n\u00ed na t\u011blo, tetov\u00e1n\u00ed, n\u00e1vrhy masek), hobby (kv\u011btiny\/ kv\u011btinov\u00e9 vazby, model\u00e1\u0159stv\u00ed, keramika\/ keramika, textil), mal\u00e9 n\u00e1vrhy aut (benzinov\u00e9 v\u00ed\u010dka\/ helmy), technick\u00e9 ilustrace\/ retu\u0161ov\u00e1n\u00ed fotografi\u00ed a zdoben\u00ed potravin (dorty\/ cupcakes). Mo\u017enosti airbrushe jsou prakticky neomezen\u00e9.<\/p>\n<p><\/b> <\/div>\n<div class=\"sale_description\">\n<p>Die genial einfache Airbrushpistole <b>&#8220;Basic Airbrush Body Art&#8221;<\/b> mit <b>5 Farb-Beh\u00e4ltern<\/b> reduziert Airbrush-Arbeiten auf das Wesentliche. Bestens geeignet f\u00fcr Anf\u00e4nger und alle Basisarbeiten im Kosmetikbereich, make up, bodypainting, sunless tanning, nail design, Tattoo, Modellbau, grafischen Anwendungen, Kfz-Bereich und vieles mehr. Damit arbeiten Sie schnell und z\u00fcgig mit bis zu 5 verschiedenen Farben ohne Pistolenreinigung. Mit dem &#8220;EASY-QUICK-CHANGE&#8221; erfolgt der Farbenwechsel in Sekundenschnelle.<\/p>\n<p>Die Airbrushpistole hat einen Arbeitdruck von 15-50 ps. Die D\u00fcsengr\u00f6\u00dfe (Stahld\u00fcse!) betr\u00e4gt 0,50 mm.<\/p>\n<p>Die Farbbeh\u00e4lter haben ein Fassungsverm\u00f6gen von 22 ml.<\/p>\n<p>Mit diesem Airbrushpistolen-Set erhalten Sie neben 5 Farbbeh\u00e4ltern au\u00dferdem folgendes <b>P\u0159\u00edslu\u0161enstv\u00ed<\/b>: 1,5 m Luftschlauch, Adapter (vgl. Lieferumfang) und eine praktische Aufbewahrungsbox.<\/p>\n<\/div>\n<h3>Mnoho dobr\u00fdch d\u016fvod\u016f, pro\u010d byste si m\u011bli koupit tento produkt:<\/h3>\n<div class=\"sale_motive\">\n<ul>\n<li>Genial einfache Airbrush-Pistole mit 5 Farbbeh\u00e4ltern<\/li>\n<li>Keine Reinigung der Pistole notwendig, auch nicht nach Farbwechsel<\/li>\n<li>Einfache Bedienung, bestens geeignet f\u00fcr Anf\u00e4nger und Fortgeschrittene<\/li>\n<li>D\u00fcsengr\u00f6\u00dfe 0,5 mm &#8211; optimal f\u00fcr die meisten Standardanwendungen<\/li>\n<li>Sekundenschneller Farbwechsel (EASY-QUICK-CHANGE)<\/li>\n<li>Gur regulierbarer Farbenstrahl<\/li>\n<li>Leichtgewicht f\u00fcr erm\u00fcdungsfreies Arbeiten<\/li>\n<li>Zuverl\u00e4ssig, langlebig, wartungsfrei<\/li>\n<\/ul>\n<\/div>","protected":false},"excerpt":{"rendered":"<p>praktische Airbrushpistole-Spr\u00fchpistole mit 0,50ml D\u00fcse \/ Beh\u00e4lter-Volumen: 5x22ml \/ Arbeitsdruck: 15 &#8211; 50ps \/ Aufbewahrungsbox<\/p>","protected":false},"featured_media":32228,"comment_status":"open","ping_status":"closed","template":"","meta":[],"product_brand":[],"product_cat":[397,409,209],"product_tag":[],"class_list":{"0":"post-30244","1":"product","2":"type-product","3":"status-publish","4":"has-post-thumbnail","6":"product_cat-airbrushpistolen","7":"product_cat-single-action","8":"product_cat-airbrush-pistolen-set","10":"first","11":"instock","12":"sale","13":"taxable","14":"shipping-taxable","15":"purchasable","16":"product-type-simple"},"_links":{"self":[{"href":"https:\/\/testshop.igel.wovodo.de\/cs\/wp-json\/wp\/v2\/product\/30244","targetHints":{"allow":["GET"]}}],"collection":[{"href":"https:\/\/testshop.igel.wovodo.de\/cs\/wp-json\/wp\/v2\/product"}],"about":[{"href":"https:\/\/testshop.igel.wovodo.de\/cs\/wp-json\/wp\/v2\/types\/product"}],"replies":[{"embeddable":true,"href":"https:\/\/testshop.igel.wovodo.de\/cs\/wp-json\/wp\/v2\/comments?post=30244"}],"version-history":[{"count":1,"href":"https:\/\/testshop.igel.wovodo.de\/cs\/wp-json\/wp\/v2\/product\/30244\/revisions"}],"predecessor-version":[{"id":34860,"href":"https:\/\/testshop.igel.wovodo.de\/cs\/wp-json\/wp\/v2\/product\/30244\/revisions\/34860"}],"wp:featuredmedia":[{"embeddable":true,"href":"https:\/\/testshop.igel.wovodo.de\/cs\/wp-json\/wp\/v2\/media\/32228"}],"wp:attachment":[{"href":"https:\/\/testshop.igel.wovodo.de\/cs\/wp-json\/wp\/v2\/media?parent=30244"}],"wp:term":[{"taxonomy":"product_brand","embeddable":true,"href":"https:\/\/testshop.igel.wovodo.de\/cs\/wp-json\/wp\/v2\/product_brand?post=30244"},{"taxonomy":"product_cat","embeddable":true,"href":"https:\/\/testshop.igel.wovodo.de\/cs\/wp-json\/wp\/v2\/product_cat?post=30244"},{"taxonomy":"product_tag","embeddable":true,"href":"https:\/\/testshop.igel.wovodo.de\/cs\/wp-json\/wp\/v2\/product_tag?post=30244"}],"curies":[{"name":"wp","href":"https:\/\/api.w.org\/{rel}","templated":true}]}}