{"id":30297,"date":"2024-10-31T14:08:09","date_gmt":"2024-10-31T13:08:09","guid":{"rendered":"https:\/\/testshop.igel.wovodo.de\/product\/regenfass-mit-pflanzschale-amphore-maja-300l-beige-gelb\/"},"modified":"2025-01-27T12:29:41","modified_gmt":"2025-01-27T11:29:41","slug":"regenfass-mit-pflanzschale-amphore-maja-300l-beige-gelb","status":"publish","type":"product","link":"https:\/\/testshop.igel.wovodo.de\/cs\/product\/regenfass-mit-pflanzschale-amphore-maja-300l-beige-gelb\/","title":{"rendered":"Regenfass mit Pflanzschale &#8211; Amphore Maja 300l beige-gelb"},"content":{"rendered":"<div class=\"sale_description\">\n<p>Das wundersch\u00f6ne Regenfass &#8220;Amphore Maja&#8221; verleiht ihrem Garten mediterranes Flair. Die Farbe beige-gelb passt sehr gut zu modernen Fassadenanstrichen &#8211; sowohl zu hellen, als auch dunklen Farbt\u00f6nen. Die intergrierte Pflanzschale bietet Raum f\u00fcr eine individuelle Gestaltung der Regentonne. Das Fassungsverm\u00f6gen der Regenwassertonne betr\u00e4gt 300 Liter.<\/p>\n<h3>Material und Herstellung<\/h3>\n<p>Die Regentonnen werden aus Polyethylen (PE-Kunststoff) hergestellt. Das innovative Herstellungsverfahren der <b>Rotations-Inter-Technik<\/b> und das Herstellungsmaterial macht unsere Regenwasserf\u00e4sser zu echten <b>LONG-LIFE-Regentonnen<\/b>. Bei der Rotations-Inter-Fertigungstechnik wird jedes Regenfass <b>in einem St\u00fcck hergestellt \u2013 ohne Schweissn\u00e4hte<\/b>. <\/p>\n<p>Das Herstellungsverfahren und die Materialauswahl verleihen unseren Regentonnen eine Top-Qualit\u00e4t und viele gute Eigenschaften: Die Regentonnen sind <b>frostfest, dauerelastisch, bruch- und schlagfest, UV- und witterungsbest\u00e4ndig sowie dauerhaft dicht, stabil und langlebig.<\/b> <\/p>\n<p>Dezent angeformte flache Stellen sind f\u00fcr Wasserzulauf und -ablauf vorgesehen. Im Bedarfsfall k\u00f6nnen diese bauseitig aufgebohrt werden. Ein 3\/4&#8243;-Anschluss f\u00fcr einen Wasserhahn befindet sich ca. 40 cm \u00fcber dem Boden der Regenwassertonne, ein weiterer Anschluss 1,9 cm (3\/4 Zoll) befindet sich 5cm \u00fcber dem Boden des Regenwasserbeh\u00e4lters. &#8211; Einmal richtig installiert und angeschlossen &#8211; und Sie haben sehr, sehr lange Freude an dem 300-Liter Regenfass &#8220;Amphore Maja&#8221;! Kein Billigm\u00fcll, der nach 2-3 Jahren auf dem Bauhof landet und die M\u00fcllhalden f\u00fcllt. Diese Regentonnen sind nicht billig, aber in jedem Fall das Geld wert!<\/p>\n<p>Jede Regentonne ist ein &#8220;Unikat!&#8221; Sie werden viel Spass und Freude an diesem Produkt haben!<\/p>\n<h3>Integrierte Pflanzschale&nbsp;&amp; F\u00fcllstandanzeige<\/h3>\n<p>Zum Zubeh\u00f6r der Regentonne geh\u00f6ren ein passender Deckel sowie ein Auslaufhahn aus PE-Kunststoff in schwarz. Der Deckel der hochwertigen Regentonne ist mit einer <b>integrierten Pflanzschale<\/b> ausgestattet. Mit der intergrierten Pflanzschale k\u00f6nnen Sie die in zwei Farben&nbsp;(terra-kotta, beige-gelb) und zwei Gr\u00f6\u00dfen (300l, 500l) erh\u00e4ltliche Regentonne individuell gestalten. Der Auslaufhahn f\u00fcr Regentonnen hat einen 3\/4-Zoll-Anschluss. Er kann optimal an den dezent vorgeformten Stellen am Regenfass f\u00fcr den Wasser-Zu- und Ablauf angebracht werden. Zur hochwertigen Regentonne erhalten Sie au\u00dferdem einen <strong>F\u00fcllstandschlauch inklusive Befestigungsmaterial<\/strong>. Dank der F\u00fcllstandanzeige kann man auf einen Blick sehen, wieviel Wasser sich noch in der Regentonne befindet, ohne die Regentonne \u00f6ffnen zu m\u00fcssen. Die Wasserentnahme geschieht \u00fcber den Auslaufhahn.<\/p>\n<div class=\"inhalt\">\n<h3>Unsere Produkt-Empfehlungen:<\/h3>\n<p>Zu den Regentonnen empfehlen wir, stets das passende Anschluss-Zubeh\u00f6r mitzubestellen:<br \/>&#8211; Entweder den <strong>Filter T33<\/strong> (Lieferung inkl. allem Zubeh\u00f6r, damit das Wasser in die Regentonne kommt) oder als <br \/>&#8211; <strong>Bef\u00fcll- und Entnahmeset<\/strong> (Lieferung inkl. Filter T33 und allem Zubeh\u00f6r, wie oben sowie dem Entnahmeset, mit dem Sie das Wasser aus der Tonne restlos entnehmen k\u00f6nnen).<br \/>&#8211; Auch praktisch, einen Auslaufhahn \/ Wasserhahn, matt oder poliert in 3\/4 Zoll mit Schlaucht\u00fclle 12mm oder 17mm f\u00fcr die einfache und schnelle Entnahme.<br \/><strong>Der Filter T33 bef\u00fcllt Ihre Regentonne automatisch mit sauberem Wasser, auch wenn Sie nicht zu Hause sind!<br \/><\/strong>Der Regenfilter T33 wird in das Fallrohr der Regenrinne eingebaut. Dort filtert er Bl\u00e4tter, Insekten, Sandk\u00f6rner und andere Partikel aus dem Regenwasser. So wird die Regentonne stets mit sauberem Wasser randvoll bef\u00fcllt, ohne \u00fcberzulaufen.<br \/>Der Filter ist mit einer <strong>&#8220;F\u00fcll-Stopp-Automatik&#8221;<\/strong> ausgestattet. In der entsprechenden H\u00f6he in das Fallrohr eingebaut (Montageanleitung beachten) sorgt der Filter automatisch daf\u00fcr, dass die Regentonne nicht \u00fcberl\u00e4uft. Dadurch werden teuere Wassersch\u00e4den an Haus und Kellerwand zuverl\u00e4ssig vermieden.<\/p>\n<p>Der Wirkungsgrad ist, im Vergleich zu anderen Filtern, mit \u00fcber 90%, sehr hoch. Ausserdem verf\u00fcgt der Filter \u00fcber sehr gute Selbstreinigungs-Eigenschaften. Somit wird Ihr Wartungsaufwand auf ein Minimum reduziert. Dabei sp\u00fclt ein sehr geringer Teil des Regenwassers den Schmutz von der Siebfl\u00e4che in den Kanal, so dass der grsste Wasseranteil gereinigt in die Regentonne fliessen kann.<\/p>\n<p>Um das Gesamtvolumen des Regenwasserbeh\u00e4lters zu erh\u00f6hen k\u00f6nnen Sie mehrere Regentonnen mit dem <b>Verbindungs-Set<\/b> verbinden, das Sie zus\u00e4tzlich bei uns erwerben k\u00f6nnen.<\/p>\n<\/div>\n<p style=\"font-size:11px;\"><b> Pozn\u00e1mka: <\/b> Leider kommen beim Transport und Handling von Tanks sowie Regentonnen leichte Kratzer sowie Scheuerstellen vor. Diese sind unvermeidbar. Sie stellen keinen Reklamationsgrund dar und berechtigen nicht zu Abz\u00fcgen oder zur Rechnungsminderung. * Bitte pr\u00fcfen Sie die Sendung sofort! Ein von au\u00dfen erkennbarer Schaden wird von der Versicherung nicht mehr anerkannt, wenn Sie den Empfang der unbesch\u00e4digten Sendung durch Unterschrift best\u00e4tigen. Also: wenn die Sendung bei der \u00dcbergabe von au\u00dfen schon besch\u00e4digt ist, bitte das vom \u00dcberbringer schriftlich best\u00e4tigen lassen. Schreiben Sie den Namen und ggf. Kfz-Kennzeichen des \u00dcberbringers auf und teilen uns das SOFORT schriftlich mit. * Melden Sie sich bitte bei von au\u00dfen nicht erkennbaren Sch\u00e4den unverz\u00fcglich (innerhalb von 5 Werktagen) mit Hilfe des Service-Bogens bei uns!<\/p>\n<p style=\"font-size:11px;\"><b>Pr\u00e1vn\u00ed upozorn\u011bn\u00ed:<\/b> Na\u0161e v\u00fdrobky jsou barveny ru\u010dn\u011b, tak\u017ee se nelze vyhnout barevn\u00fdm odchylk\u00e1m. Krom\u011b toho se m\u016f\u017ee st\u00e1t, \u017ee v d\u016fsledku sv\u011bteln\u00fdch podm\u00ednek p\u0159i fotografov\u00e1n\u00ed v\u00fdrobku a r\u016fzn\u00fdch nastaven\u00ed obrazovky nebude barva v\u00fdrobku reprodukov\u00e1na autenticky, a proto nen\u00ed d\u016fvodem k reklamaci.<\/p>\n<\/div>\n<h3>Mnoho dobr\u00fdch d\u016fvod\u016f, pro\u010d byste si m\u011bli koupit tento produkt:<\/h3>\n<div class=\"sale_motive\">\n<ul>\n<li>Dauerhaft dichte Long-Life-Regentonne<\/li>\n<li>Regentonne mit Doppelfunktion (Wasserspeicher + Pflanzschale)<\/li>\n<li>Zaubert mediterranes Flair in Ihr Zuhause<\/li>\n<li>Hochwertiges Herstellungsverfahren<\/li>\n<li>Jede Regentonne ist ein &#8220;Unikat&#8221;!<\/li>\n<li>Unsere Produktvorteile = Ihr Nutzen<\/li>\n<li>frostfest, UV- und witterungsbest\u00e4ndig<\/li>\n<li>stabil, schlag- und bruchfest<\/li>\n<li>Inkl. Deckel mit integrierter Pflanzschale zur individuellen Gestaltung<\/li>\n<li>Inkl. F\u00fcllstand-Anzeige und Auslaufhahn<\/li>\n<\/ul>\n<\/div>","protected":false},"excerpt":{"rendered":"<p>Wo gibt&#8217;s denn sowas &#8211; Regentonne mit Pflanzschale!<br \/>\n  inkl. F\u00fcllstandsanzeige &amp; Auslaufhahn<\/p>\n<p>Fassungsverm\u00f6gen: 300L<br \/>\n  H\u00f6he: 114cm<br \/>\n  Farbe: beige-gelb<\/p>\n<p><b>Mediterranes Flair in Ihrem Garten!<\/b><\/p>","protected":false},"featured_media":32407,"comment_status":"open","ping_status":"closed","template":"","meta":[],"product_brand":[],"product_cat":[382,383],"product_tag":[],"class_list":{"0":"post-30297","1":"product","2":"type-product","3":"status-publish","4":"has-post-thumbnail","6":"product_cat-regentonne-amphore-maja","7":"product_cat-maja","9":"first","10":"instock","11":"taxable","12":"shipping-taxable","13":"purchasable","14":"product-type-simple"},"_links":{"self":[{"href":"https:\/\/testshop.igel.wovodo.de\/cs\/wp-json\/wp\/v2\/product\/30297","targetHints":{"allow":["GET"]}}],"collection":[{"href":"https:\/\/testshop.igel.wovodo.de\/cs\/wp-json\/wp\/v2\/product"}],"about":[{"href":"https:\/\/testshop.igel.wovodo.de\/cs\/wp-json\/wp\/v2\/types\/product"}],"replies":[{"embeddable":true,"href":"https:\/\/testshop.igel.wovodo.de\/cs\/wp-json\/wp\/v2\/comments?post=30297"}],"version-history":[{"count":1,"href":"https:\/\/testshop.igel.wovodo.de\/cs\/wp-json\/wp\/v2\/product\/30297\/revisions"}],"predecessor-version":[{"id":34913,"href":"https:\/\/testshop.igel.wovodo.de\/cs\/wp-json\/wp\/v2\/product\/30297\/revisions\/34913"}],"wp:featuredmedia":[{"embeddable":true,"href":"https:\/\/testshop.igel.wovodo.de\/cs\/wp-json\/wp\/v2\/media\/32407"}],"wp:attachment":[{"href":"https:\/\/testshop.igel.wovodo.de\/cs\/wp-json\/wp\/v2\/media?parent=30297"}],"wp:term":[{"taxonomy":"product_brand","embeddable":true,"href":"https:\/\/testshop.igel.wovodo.de\/cs\/wp-json\/wp\/v2\/product_brand?post=30297"},{"taxonomy":"product_cat","embeddable":true,"href":"https:\/\/testshop.igel.wovodo.de\/cs\/wp-json\/wp\/v2\/product_cat?post=30297"},{"taxonomy":"product_tag","embeddable":true,"href":"https:\/\/testshop.igel.wovodo.de\/cs\/wp-json\/wp\/v2\/product_tag?post=30297"}],"curies":[{"name":"wp","href":"https:\/\/api.w.org\/{rel}","templated":true}]}}