{"id":30329,"date":"2024-10-31T14:08:27","date_gmt":"2024-10-31T13:08:27","guid":{"rendered":"https:\/\/testshop.igel.wovodo.de\/product\/drehgelenk-dieselschlauch-adapter-zwischen-dieselschlauch-und-zapfpistole-swivel-mit-anschluss-ag-3-4-auf-ig-1\/"},"modified":"2025-01-27T12:29:49","modified_gmt":"2025-01-27T11:29:49","slug":"drehgelenk-dieselschlauch-adapter-zwischen-dieselschlauch-und-zapfpistole-swivel-mit-anschluss-ag-3-4-auf-ig-1","status":"publish","type":"product","link":"https:\/\/testshop.igel.wovodo.de\/cs\/product\/drehgelenk-dieselschlauch-adapter-zwischen-dieselschlauch-und-zapfpistole-swivel-mit-anschluss-ag-3-4-auf-ig-1\/","title":{"rendered":"Drehgelenk, Dieselschlauch-Adapter zwischen Dieselschlauch und Zapfpistole (Swivel) mit Anschluss AG 3\/4&#8243; auf IG 1&#8243;"},"content":{"rendered":"<div class=\"sale_application\">\n<ul>\n<li>Optimal zum Verbinden von Dieselzapfpistole und Dieselschlauch<\/li>\n<\/ul><\/div>\n<div class=\"sale_description\">\n<p>Komfortabler Adapter zwischen Dieselschlauch und Zapfpistole: Swivel\/ Drehgelenk mit einem Anschluss von Au\u00dfengewinde 3\/4 Zoll auf ein 1 Zoll Innengewinde.<\/p>\n<\/div>\n<h3>Mnoho dobr\u00fdch d\u016fvod\u016f, pro\u010d byste si m\u011bli koupit tento produkt:<\/h3>\n<div class=\"sale_motive\">\n<ul>\n<li>Stabiler Adapter mit Drehfunktion<\/li>\n<li>Komfortables Zubeh\u00f6r-Teil f\u00fcr Dieselpumpen-Sets<\/li>\n<li>Adaper zwischen Dieselschlauch &amp; Zapfpistole<\/li>\n<li>Zuverl\u00e4ssiger Halt plus Bewegungsfreiheit<\/li>\n<\/ul>\n<\/div>","protected":false},"excerpt":{"rendered":"<p>Drehgelenk 3\/4&#8243; AG auf 1&#8243; IG<br \/>\n  Komfortabler Adapter zwischen Dieselschlauch und Zapfpistole<\/p>","protected":false},"featured_media":36848,"comment_status":"open","ping_status":"closed","template":"","meta":[],"product_brand":[],"product_cat":[195],"product_tag":[],"class_list":{"0":"post-30329","1":"product","2":"type-product","3":"status-publish","4":"has-post-thumbnail","6":"product_cat-diesel-zubehoer","8":"first","9":"instock","10":"taxable","11":"shipping-taxable","12":"purchasable","13":"product-type-simple"},"_links":{"self":[{"href":"https:\/\/testshop.igel.wovodo.de\/cs\/wp-json\/wp\/v2\/product\/30329","targetHints":{"allow":["GET"]}}],"collection":[{"href":"https:\/\/testshop.igel.wovodo.de\/cs\/wp-json\/wp\/v2\/product"}],"about":[{"href":"https:\/\/testshop.igel.wovodo.de\/cs\/wp-json\/wp\/v2\/types\/product"}],"replies":[{"embeddable":true,"href":"https:\/\/testshop.igel.wovodo.de\/cs\/wp-json\/wp\/v2\/comments?post=30329"}],"version-history":[{"count":1,"href":"https:\/\/testshop.igel.wovodo.de\/cs\/wp-json\/wp\/v2\/product\/30329\/revisions"}],"predecessor-version":[{"id":34945,"href":"https:\/\/testshop.igel.wovodo.de\/cs\/wp-json\/wp\/v2\/product\/30329\/revisions\/34945"}],"wp:featuredmedia":[{"embeddable":true,"href":"https:\/\/testshop.igel.wovodo.de\/cs\/wp-json\/wp\/v2\/media\/36848"}],"wp:attachment":[{"href":"https:\/\/testshop.igel.wovodo.de\/cs\/wp-json\/wp\/v2\/media?parent=30329"}],"wp:term":[{"taxonomy":"product_brand","embeddable":true,"href":"https:\/\/testshop.igel.wovodo.de\/cs\/wp-json\/wp\/v2\/product_brand?post=30329"},{"taxonomy":"product_cat","embeddable":true,"href":"https:\/\/testshop.igel.wovodo.de\/cs\/wp-json\/wp\/v2\/product_cat?post=30329"},{"taxonomy":"product_tag","embeddable":true,"href":"https:\/\/testshop.igel.wovodo.de\/cs\/wp-json\/wp\/v2\/product_tag?post=30329"}],"curies":[{"name":"wp","href":"https:\/\/api.w.org\/{rel}","templated":true}]}}