{"id":30385,"date":"2024-10-31T14:08:57","date_gmt":"2024-10-31T13:08:57","guid":{"rendered":"https:\/\/testshop.igel.wovodo.de\/product\/tauchpumpe-regen-star-super-1400-mit-anschluss-f-schwimmende-entnahme-vorfilter-und-19m-kabel\/"},"modified":"2025-01-28T11:34:39","modified_gmt":"2025-01-28T10:34:39","slug":"tauchpumpe-regen-star-super-1400-mit-anschluss-f-schwimmende-entnahme-vorfilter-und-19m-kabel","status":"publish","type":"product","link":"https:\/\/testshop.igel.wovodo.de\/cs\/product\/tauchpumpe-regen-star-super-1400-mit-anschluss-f-schwimmende-entnahme-vorfilter-und-19m-kabel\/","title":{"rendered":"Tauchpumpe REGEN-STAR-SUPER  1400 mit Anschluss f. Schwimmende Entnahme\/Vorfilter und 19m Kabel"},"content":{"rendered":"<div class=\"sale_application\">\n<ul>\n<li>zur Hauswasserversorgung<\/li>\n<li>zur Bew\u00e4sserung<\/li>\n<li>zur Beregnung<\/li>\n<li>f\u00fcr Anwendungen im Umweltschutz<\/li>\n<li>zur Regenwassernutzung<\/li>\n<li>zum Bef\u00fcllen bzw. Entleeren von Beh\u00e4ltern<\/li>\n<\/ul>\n<\/div>\n<div class=\"sale_description\">\n<p>Die hochwertige mehrstufige Tauchdruckpumpe <b>REGEN-STAR-SUPER 1400 <\/b> mit geschlossenen Radiallaufr\u00e4dern ist f\u00fcr die F\u00f6rderung von sauberem Wasser mit einer max. Temperatur von 35\u00b0C bestimmt. Die Tauchpumpe f\u00f6rdert das Wasser mit einem Druck von 5,8 bar (\u00fcblicher Leitungsdruck) an die Abnahmestellen im Haus oder Garten. Sie kann sowohl waagrecht als auch senkrecht betrieben werden. Sie zeichnet sich durch ausgesprochene Laufruhe und ger\u00e4uscharmen Betrieb aus. Grunds\u00e4tzlich ist diese Pumpe ausschlie\u00dflich f\u00fcr Klarwasser mit einem Sandgehalt von max. 60 gr\/cbm einzusetzen. Zu beachten ist jedoch: Je h\u00f6her der Sandanteil, umso gr\u00f6\u00dfer ist die Pumpenabnutzung und umso mehr Betriebsst\u00f6rungen jeglicher Art k\u00f6nnen auftreten.<\/p>\n<p>Die Tauchdruckpumpe ist speziell geeignet f\u00fcr Regenwassernutzung, Bew\u00e4sserung, Druckanlangen, allgemeine industrielle und zivile Zwecke. Die Pumpe ist f\u00fcr Dauerbetrieb bestens geeignet. Aufgrund der Verwendung hochwertiger rostfreier Werkstoffe, europ\u00e4ischer Fertigung und sorgf\u00e4ltiger Qualit\u00e4tskontrolle mit strengen elektrischen und hydraulischen Pr\u00fcfungen, arbeitet die Pumpe wartungsfrei. Sie ist im Bedarfsfall einfach zu reparieren und zu s\u00e4ubern. Die max. Einschaltzahl von 40 Schaltungen\/Std. darf nicht \u00fcberschritten werden. Bei Sand- oder Schmutzablagerungen in der Pumpe ist die Gew\u00e4hrleistung ausgeschlossen. Die Pumpe wird mit einem eingebauten Anlaufkondensator geliefert.<\/p>\n<p>Bei Einsatz in der Regenwassernutzung mu\u00df das Wasser ausreichend, bis auf mind. 0,2mm vorgefiltert und frei von Fremdpartikeln sein. Durch den horizontalen Betrieb kann, im Gegensatz zu vertikalen Pumpen, wesentlich mehr Wasser aus dem Wasserspeicher entnommen werden. Dadurch erh\u00f6ht sich das Nutzvolumen des Wasserbeh\u00e4lters um bis zu 50% (etwa bei Flachtanks). Bei Verwendung als Zisternenpumpe empfehlen wir, das optional erh\u00e4ltliche Ansaug-Set, bestehend aus 0,5m Schlauch, Filterkorb und Schwimmer-Kugel (Sonderzubeh\u00f6r) dazu zu erwerben. Dieses wird an der Saugseite der Pumpe angeschlossen und sorgt f\u00fcr die Entnahme von sauberem Wasser knapp unterhalb der Wasseroberfl\u00e4che, was die Pumpenlebensdauer und die Funktionsf\u00e4higket wesentlich erh\u00f6ht.<\/p>\n<p><b>N\u00e1\u0161 tip:<\/b><\/p>\n<p>Wir empfehlen, diese Pumpe mit der intelligenten <strong>Pumpensteuerung &#8220;Durchflussw\u00e4chter FLUOMAC\u00ae&#8221;Art.Nr: \u00a0<a class=\"headerNavigation\" href=\"https:\/\/www.profi-pumpe.de\/TAUCHPUMPEN\/Zubehoer-Tauchpumpen\/Durchflusswaechter-FLUOMAC-R-Automatic-Controller-verkabelt::1325.html\">PS01121<\/a> <\/strong>. als automatisches Hauswasserwerk zu betreiben. Die Pumpensteuerungen sch\u00fctzen die Pumpe vor Takten und erh\u00f6hen die Lebensdauer. Um den Energieverbrauch bei wechselnder Pumpenbelastung (bei Versorgung von WC-Waschmaschinen, Rasensprinkleranlagen) bis zu 85% zu senken, empfehlen wir den Einsatz der <strong>&#8220;STEADYPRES\u00ae -Pumpensteuerung 1&#8243;Art.Nr:\u00a0<a href=\"\/cs\/advanced_search_result.php\/?keywords=PS01117&amp;x=0&amp;y=0\" target=\"_blank\" rel=\"noopener\">PS01117<\/a> <\/strong>. Die STEADYPRES\u00ae 8,5Amp M\/M mit integriertem Trockenlaufschutz und einstellbarem Auto-Start sorgt f\u00fcr nahezu konstanten Druck im Wasserkreislauf, vermeidet gef\u00e4hrliche Druckschl\u00e4ge, Takten und \u00dcberhitzung der Pumpe. Dar\u00fcber hinaus wird die Pumpenlebensdauer wesentlich erh\u00f6ht und die Ger\u00e4uschentwicklung deutlich reduziert.<\/p>\n<\/div>\n<h3>Mnoho dobr\u00fdch d\u016fvod\u016f, pro\u010d byste si m\u011bli koupit tento produkt:<\/h3>\n<div class=\"sale_motive\">\n<ul>\n<li>preiswerte, solide Qualit\u00e4ts-Tauchdruckpumpe mit max <span class=\"high\">5,8 bar <\/span> und max <span class=\"high\">5800l\/h<\/span><\/li>\n<li>Spolehliv\u00e9, v\u00fdkonn\u00e9<\/li>\n<li>horizontaler und vertikaler Betrieb m\u00f6glich<\/li>\n<li>hochwertiges Edelstahlgeh\u00e4use<\/li>\n<li>Dlouh\u00e1 \u017eivotnost<\/li>\n<li>Anschluss f\u00fcr schwimmende Entnahme &#8211; optimal f\u00fcr Regenwassernutzung<\/li>\n<\/ul>\n<\/div>","protected":false},"excerpt":{"rendered":"<p>zur Hauswasserversorgung zur Bew\u00e4sserung zur Beregnung f\u00fcr Anwendungen im Umweltschutz zur Regenwassernutzung zum Bef\u00fcllen bzw. Entleeren von Beh\u00e4ltern Die hochwertige<\/p>","protected":false},"featured_media":32531,"comment_status":"open","ping_status":"closed","template":"","meta":[],"product_brand":[],"product_cat":[280,366,281,243],"product_tag":[],"class_list":{"0":"post-30385","1":"product","2":"type-product","3":"status-publish","4":"has-post-thumbnail","6":"product_cat-hochdruckpumpe","7":"product_cat-eu-produktion-tauchpumpen","8":"product_cat-tauchdruck-pumpen","9":"product_cat-regenwasser-pumpen","11":"first","12":"instock","13":"taxable","14":"shipping-taxable","15":"purchasable","16":"product-type-simple"},"_links":{"self":[{"href":"https:\/\/testshop.igel.wovodo.de\/cs\/wp-json\/wp\/v2\/product\/30385","targetHints":{"allow":["GET"]}}],"collection":[{"href":"https:\/\/testshop.igel.wovodo.de\/cs\/wp-json\/wp\/v2\/product"}],"about":[{"href":"https:\/\/testshop.igel.wovodo.de\/cs\/wp-json\/wp\/v2\/types\/product"}],"replies":[{"embeddable":true,"href":"https:\/\/testshop.igel.wovodo.de\/cs\/wp-json\/wp\/v2\/comments?post=30385"}],"version-history":[{"count":3,"href":"https:\/\/testshop.igel.wovodo.de\/cs\/wp-json\/wp\/v2\/product\/30385\/revisions"}],"predecessor-version":[{"id":40001,"href":"https:\/\/testshop.igel.wovodo.de\/cs\/wp-json\/wp\/v2\/product\/30385\/revisions\/40001"}],"wp:featuredmedia":[{"embeddable":true,"href":"https:\/\/testshop.igel.wovodo.de\/cs\/wp-json\/wp\/v2\/media\/32531"}],"wp:attachment":[{"href":"https:\/\/testshop.igel.wovodo.de\/cs\/wp-json\/wp\/v2\/media?parent=30385"}],"wp:term":[{"taxonomy":"product_brand","embeddable":true,"href":"https:\/\/testshop.igel.wovodo.de\/cs\/wp-json\/wp\/v2\/product_brand?post=30385"},{"taxonomy":"product_cat","embeddable":true,"href":"https:\/\/testshop.igel.wovodo.de\/cs\/wp-json\/wp\/v2\/product_cat?post=30385"},{"taxonomy":"product_tag","embeddable":true,"href":"https:\/\/testshop.igel.wovodo.de\/cs\/wp-json\/wp\/v2\/product_tag?post=30385"}],"curies":[{"name":"wp","href":"https:\/\/api.w.org\/{rel}","templated":true}]}}