{"id":30401,"date":"2024-10-31T14:09:07","date_gmt":"2024-10-31T13:09:07","guid":{"rendered":"https:\/\/testshop.igel.wovodo.de\/product\/diesel-profi-600-4-230v-mit-zubehoer-paket-1\/"},"modified":"2025-01-27T12:30:17","modified_gmt":"2025-01-27T11:30:17","slug":"diesel-profi-600-4-230v-mit-zubehoer-paket-1","status":"publish","type":"product","link":"https:\/\/testshop.igel.wovodo.de\/cs\/product\/diesel-profi-600-4-230v-mit-zubehoer-paket-1\/","title":{"rendered":"Diesel Profi 600-4 &#8211; 230V  mit Zubeh\u00f6r Paket 1"},"content":{"rendered":"<div class=\"sale_application\">\n<h2>Anwendungsbereiche:<\/h2>\n<ul>\n<li><b>Pumpe ist nach erster Bef\u00fcllung \/ Entl\u00fcftung selbstansaugend<\/b><\/li>\n<\/ul>\n<ul>\n<li>Komplett-Set 230V zum Bef\u00fcllen, Umpumpen, Umf\u00fcllen, Entleeren von Diesel- und Heiz\u00f6l-Tanks<\/li>\n<li><b>Pumpe ist nach erster Bef\u00fcllung \/ Entl\u00fcftung selbstansaugen<\/b><\/li>\n<\/ul>\n<\/div>\n<div class=\"sale_description\">\n<p>Kraftvolle Dieself\u00f6rderung mit unserer elektrischen <b>Diesel Profi 600-4 &#8211; 230V<\/b>. Untentbehrlich f\u00fcr jeden Fuhrpark, KFZ-Werkst\u00e4tten, Landwirtschaft, Autoverwertung usw! Wer viele Baumaschinen zu betanken hat, wird mit unserer Diesel-Pumpe seine Freude dran haben! Hiermit betanken Sie m\u00fchelos jegliche Art von Fahrzeugen und Maschinen. F\u00fcr diese Dieselpumpe ist auch das Umf\u00fcllen von Heiz\u00f6ltanks kein Problem.<br \/>\n<br \/>\nDie Motorleistung von 600W erm\u00f6glicht eine <strong>Durchflussmenge von 2400l\/h&nbsp;<\/strong>und eine <strong>maximale&nbsp;F\u00f6rderh\u00f6he von <\/strong><span style=\"color: black\"><strong>41m. <\/strong>Bitte beachten: Bei steigender F\u00f6rderh\u00f6he sinkt die F\u00f6rdermenge entsprechend.<\/span><\/p>\n<p><iframe src=\"https:\/\/www.youtube-nocookie.com\/embed\/o6fRRFBhbiw?rel=0\" title=\"YouTube video player\" allow=\"accelerometer; autoplay; clipboard-write; encrypted-media; gyroscope; picture-in-picture\" allowfullscreen=\"\" width=\"560\" height=\"315\" frameborder=\"0\"><\/iframe><\/p>\n<p><span style=\"color: black\">Alle Diesel-Pumpen sind <strong>EINZELST\u00dcCK-gepr\u00fcft <\/strong>auf Ihre Funktion.<\/span> Daher k\u00f6nnen Reste der Pr\u00fcffl\u00fcssigkeit in der Pumpe \/ Verpackung vorhanden sein.<\/p>\n<p><b>Pozn\u00e1mka: <\/b>Die Dieselpumpe und die Saugleitung sind bei der Inbetriebnahme blasenfrei mit Diesel zu bef\u00fcllen. Ein R\u00fcckschlagventil muss unbedingt am Ende der Saugleitung montiert und dicht sein.<\/p>\n<p>Bew\u00e4hrte Qualit\u00e4t: Zubeh\u00f6r-Set f\u00fcr Dieselpumpen und Wasserpumpen! Diesel-Zapfpistole mit Schlauch, R\u00fcckschlagventil sowie Anschlusszubeh\u00f6r.<\/p>\n<p>Die Zapfpistole ist aus Aluminium gefertigt und kann sowohl bei Dieselpumpen, als auch Wasserpumpen zum Einsatz gebracht werden. Das R\u00fcckschlagventil besteht in Teilen aus hochwertigem Messing. Der PVC-Schlauch hat einen Durchmesser von 1 Zoll und eine L\u00e4nge von 6 Metern. Dieser kann problemlos selbst auf die gew\u00fcnschte L\u00e4nge zugeschnitten werden.<\/p>\n<p>Zum Dieselpumpen-Set erhalten Sie neben Zapfpistole, Schlauch und R\u00fcckschlagventil au\u00dferdem 2 Messing-T\u00fcllen (2 x 1 Zoll) und 2 Stahl-Schlauchschellen!<\/p>\n<p>Diese Aluminium-Zapfpistole mit Durchfluss-Verrastung sowie das mitgelieferte Zubeh\u00f6r sind sowohl f\u00fcr den Einsatz mit Dieselpumpen\/ Heiz\u00f6lpumpen\/ Kraftstoffpumpen, als auch f\u00fcr den Einsatz mit Wasserpumpen aller Art geeignet.<\/p>\n<\/div>\n<h3>Mnoho dobr\u00fdch d\u016fvod\u016f, pro\u010d byste si m\u011bli koupit tento produkt:<\/h3>\n<div class=\"sale_motive\">\n<ul>\n<li>Komplett-Set mit umfangfreichem Zubeh\u00f6r<\/li>\n<\/ul>\n<ul>\n<li>Wir verwenden nur zuverl\u00e4ssige Bauteile, so dass SIE damit keine Probleme haben!<\/li>\n<li><b>Pumpe ist nach erster Bef\u00fcllung \/ Entl\u00fcftung selbstansaugen<\/b><\/li>\n<li>schwere, robuste, zuverl\u00e4ssige Qualit\u00e4t<\/li>\n<li>&#8220;Ein&#8221;-und &#8220;Aus&#8221;-Schalter mit Sicherheitsvorrichtung<\/li>\n<\/ul>\n<p><b><br \/>\n<\/b>\n<\/div>","protected":false},"excerpt":{"rendered":"<p>230-Volt-Dieselpumpe mit 6-m-Dieselschlauch, zuverl\u00e4ssiger Zapfpistole,<br \/>\n  hochwertigem Messing-R\u00fcckschlagventil, T\u00fcllen, Schellen<\/p>\n<p><b>Komplett-Set zum Top-Preis: 230-Volt-Dieselpumpe mit Zubeh\u00f6r!<\/b><\/p>","protected":false},"featured_media":32732,"comment_status":"open","ping_status":"closed","template":"","meta":[],"product_brand":[],"product_cat":[229,287,244],"product_tag":[],"class_list":{"0":"post-30401","1":"product","2":"type-product","3":"status-publish","4":"has-post-thumbnail","6":"product_cat-230v-pumpen","7":"product_cat-diesel-pumpen","8":"product_cat-startseite-pumpe","10":"first","11":"instock","12":"taxable","13":"shipping-taxable","14":"purchasable","15":"product-type-simple"},"_links":{"self":[{"href":"https:\/\/testshop.igel.wovodo.de\/cs\/wp-json\/wp\/v2\/product\/30401","targetHints":{"allow":["GET"]}}],"collection":[{"href":"https:\/\/testshop.igel.wovodo.de\/cs\/wp-json\/wp\/v2\/product"}],"about":[{"href":"https:\/\/testshop.igel.wovodo.de\/cs\/wp-json\/wp\/v2\/types\/product"}],"replies":[{"embeddable":true,"href":"https:\/\/testshop.igel.wovodo.de\/cs\/wp-json\/wp\/v2\/comments?post=30401"}],"version-history":[{"count":3,"href":"https:\/\/testshop.igel.wovodo.de\/cs\/wp-json\/wp\/v2\/product\/30401\/revisions"}],"predecessor-version":[{"id":38395,"href":"https:\/\/testshop.igel.wovodo.de\/cs\/wp-json\/wp\/v2\/product\/30401\/revisions\/38395"}],"wp:featuredmedia":[{"embeddable":true,"href":"https:\/\/testshop.igel.wovodo.de\/cs\/wp-json\/wp\/v2\/media\/32732"}],"wp:attachment":[{"href":"https:\/\/testshop.igel.wovodo.de\/cs\/wp-json\/wp\/v2\/media?parent=30401"}],"wp:term":[{"taxonomy":"product_brand","embeddable":true,"href":"https:\/\/testshop.igel.wovodo.de\/cs\/wp-json\/wp\/v2\/product_brand?post=30401"},{"taxonomy":"product_cat","embeddable":true,"href":"https:\/\/testshop.igel.wovodo.de\/cs\/wp-json\/wp\/v2\/product_cat?post=30401"},{"taxonomy":"product_tag","embeddable":true,"href":"https:\/\/testshop.igel.wovodo.de\/cs\/wp-json\/wp\/v2\/product_tag?post=30401"}],"curies":[{"name":"wp","href":"https:\/\/api.w.org\/{rel}","templated":true}]}}