{"id":30458,"date":"2024-10-31T14:09:45","date_gmt":"2024-10-31T13:09:45","guid":{"rendered":"https:\/\/testshop.igel.wovodo.de\/product\/b-ware-tauchdruckpumpe-drain-top-vortex-370-gm-magnetic-float\/"},"modified":"2025-01-27T12:30:35","modified_gmt":"2025-01-27T11:30:35","slug":"b-ware-tauchdruckpumpe-drain-top-vortex-370-gm-magnetic-float","status":"publish","type":"product","link":"https:\/\/testshop.igel.wovodo.de\/cs\/product\/b-ware-tauchdruckpumpe-drain-top-vortex-370-gm-magnetic-float\/","title":{"rendered":"Ponorn\u00e9 tlakov\u00e9 \u010derpadlo B-Ware DRAIN-TOP-VORTEX 370-\/GM MAGNETIC FLOAT"},"content":{"rendered":"<div class=\"sale_application\"><font color=\"FF0000\"><b>B-Ware:<\/b><\/p>\n<ul>\n<li>leichte optische Fehler (z.B. kleine Kratzer etc.)<\/li>\n<li>voll funktionsf\u00e4higes Produkt<\/li>\n<li>reduzierte gesetzliche Gew\u00e4hrleistung auf max. 1 Jahr<\/li>\n<\/ul>\n<p><\/font><\/p>\n<ul>\n<li>Schmutzwasser-Tauchpumpe (Partikelgr\u00f6\u00dfe bis ca. 2mm) aus EU-Produktion mit Magnetschwimmer\n<\/li>\n<li>zur Kellerentw\u00e4sserung\n<\/li>\n<li>zur Drainage-Entw\u00e4sserung\n<\/li>\n<li>pro sni\u017eov\u00e1n\u00ed hladiny podzemn\u00ed vody\n<\/li>\n<li>f\u00fcr klares F\u00e4kalien-Abwasser\n<\/li>\n<li>Beh\u00e4lter-Umf\u00fcllung\n<\/li>\n<li>zur Regenwasser-Nutzung\n<\/li>\n<li>im Teich, Bach oder Flusslauf <\/li>\n<\/ul><\/div>\n<div class=\"sale_description\">\n<p>Na str\u00e1nk\u00e1ch <b>Tauchdruckpumpe DRAIN-TOP-VORTEX 370-\/GM MAGNETIC FLOAT<\/b> ist in ihrer Bauart eine sehr zuverl\u00e4ssige und solide PROFI-Tauchpumpe f\u00fcr den industriellen und privaten Einsatz.<\/p>\n<p>Diese Pumpen werden in der EU entwickelt und hergestellt &#8211; von einem marktf\u00fchrenden Qualit\u00e4ts-Unternehmen mit \u00fcber 40-j\u00e4hrigen Tradition in der Pumpenfertigung! Der qualit\u00e4ts\u00fcberwachte Fertigungsprozess ist mehrfach zertifiziert. Die innovative und zukunftsweisende Bauart ist durch diverse Schutzrechte best\u00e4tigt.<\/p>\n<p>Die Tauchpumpe ist mit einem <b>Magnetschwimmer<\/b> ausgestattet.\n<\/p>\n<p>Durch die Konstruktion mit <b>3-facher Wellenabdichtungen<\/b> hat die Tauchpumpe eine deutlich h\u00f6here Lebensdauer als Pumpen mit herk\u00f6mmlichen mechanischen Dichtungen. Die Tauchpumpe DRAIN-TOP-VORTEX 370-\/GM MAGNETIC FLOAT ist auch f\u00fcr Extrem-Eins\u00e4tze bestens geeignet. Die Tauchpumpe kann das Restwasser bis auf ca. 4cm abf\u00fchren. Trotz der geringen Leistungsaufnahme schafft die Tauchpumpe mit magnetischem Schwimmer eine F\u00f6rdermenge von bis zu 10.800l\/h. Durch ihr geringes Gewicht und den integrierten Tragegriff ist sie mobil und schnell einsatzbereit.<\/p>\n<\/div>\n<h3>Mnoho dobr\u00fdch d\u016fvod\u016f, pro\u010d byste si m\u011bli koupit tento produkt:<\/h3>\n<div class=\"sale_motive\">\n<ul>\n<li>Spitzen-Qualit\u00e4t aus <b>europ\u00e4ischer Fertigung<\/b>\n<\/li>\n<li>Dank der besonderen Technik ist dies eine der effektivsten und energiesparsamsten Pumpen auf dem Markt!\n  <\/li>\n<li>integrierter magnetischer Schwimmerschalter\n<\/li>\n<li>F\u00f6rdermenge von 10.800l\/h bei einer Leistungsaufnahme von 370W\n<\/li>\n<li>sehr lange Lebensdauer durch 3-faches Dichtungsystem mit \u00d6lkammer\n<\/li>\n<li>flach absaugende, solide und zuverl\u00e4ssige Schmutzwasserpumpe\n<\/li>\n<li>1 1\/4-Anschluss auf der Druckseite\n<\/li>\n<li>P\u0159enosn\u00e9 a rychle p\u0159ipraven\u00e9 k pou\u017eit\u00ed <\/li>\n<\/ul>\n<\/div>","protected":false},"excerpt":{"rendered":"<p>Tauchpumpe mit integriertem magnetischem Schwimmerschalter<\/p>\n<p><b>EU-QUALIT\u00c4T!<\/b><\/p>","protected":false},"featured_media":32422,"comment_status":"open","ping_status":"closed","template":"","meta":[],"product_brand":[],"product_cat":[352,454],"product_tag":[],"class_list":{"0":"post-30458","1":"product","2":"type-product","3":"status-publish","4":"has-post-thumbnail","6":"product_cat-b-ware-schwimmbadpumpe","7":"product_cat-b-ware-tauchpumpen","9":"first","10":"instock","11":"sale","12":"taxable","13":"shipping-taxable","14":"purchasable","15":"product-type-simple"},"_links":{"self":[{"href":"https:\/\/testshop.igel.wovodo.de\/cs\/wp-json\/wp\/v2\/product\/30458","targetHints":{"allow":["GET"]}}],"collection":[{"href":"https:\/\/testshop.igel.wovodo.de\/cs\/wp-json\/wp\/v2\/product"}],"about":[{"href":"https:\/\/testshop.igel.wovodo.de\/cs\/wp-json\/wp\/v2\/types\/product"}],"replies":[{"embeddable":true,"href":"https:\/\/testshop.igel.wovodo.de\/cs\/wp-json\/wp\/v2\/comments?post=30458"}],"version-history":[{"count":1,"href":"https:\/\/testshop.igel.wovodo.de\/cs\/wp-json\/wp\/v2\/product\/30458\/revisions"}],"predecessor-version":[{"id":35072,"href":"https:\/\/testshop.igel.wovodo.de\/cs\/wp-json\/wp\/v2\/product\/30458\/revisions\/35072"}],"wp:featuredmedia":[{"embeddable":true,"href":"https:\/\/testshop.igel.wovodo.de\/cs\/wp-json\/wp\/v2\/media\/32422"}],"wp:attachment":[{"href":"https:\/\/testshop.igel.wovodo.de\/cs\/wp-json\/wp\/v2\/media?parent=30458"}],"wp:term":[{"taxonomy":"product_brand","embeddable":true,"href":"https:\/\/testshop.igel.wovodo.de\/cs\/wp-json\/wp\/v2\/product_brand?post=30458"},{"taxonomy":"product_cat","embeddable":true,"href":"https:\/\/testshop.igel.wovodo.de\/cs\/wp-json\/wp\/v2\/product_cat?post=30458"},{"taxonomy":"product_tag","embeddable":true,"href":"https:\/\/testshop.igel.wovodo.de\/cs\/wp-json\/wp\/v2\/product_tag?post=30458"}],"curies":[{"name":"wp","href":"https:\/\/api.w.org\/{rel}","templated":true}]}}