{"id":30480,"date":"2024-10-31T14:09:57","date_gmt":"2024-10-31T13:09:57","guid":{"rendered":"https:\/\/testshop.igel.wovodo.de\/product\/diesel-230v-fass-pumpe\/"},"modified":"2025-01-27T12:30:42","modified_gmt":"2025-01-27T11:30:42","slug":"diesel-230v-fass-pumpe","status":"publish","type":"product","link":"https:\/\/testshop.igel.wovodo.de\/cs\/product\/diesel-230v-fass-pumpe\/","title":{"rendered":"Diesel 230V-Fass-Pumpe"},"content":{"rendered":"<div class=\"sale_description\">\n<p>Kraftvolle Dieselfasspumpe 230V &#8211; die ideale elektrische Umf\u00fcllpumpe f\u00fcr Diesel und Heiz\u00f6l. Die 230V-Fasspumpe eignet sich hervorragend zum Be- und Umf\u00fcllen von Diesel und Heiz\u00f6l aus Tanks und F\u00e4ssern. Mit unserer elektrischen Fass-Pumpe kein Problem. Das optimale Werkzeug f\u00fcr jeden Fuhrpark, KFZ-Werkst\u00e4tten, oder in der Landwirtschaft, bei Autoverwertern usw! Hiermit bef\u00fcllen Sie m\u00fchelos jegliche Art von Fahrzeugen und Maschinen.<\/p>\n<p>Wir f\u00fchren Dieselfasspumpen mit 12V-, 24V- oder 230V-Spannung. So finden Sie hier f\u00fcr jeden Bedarf die richtige Pumpe. Mit den 12\/24V-Fass-Pumpen ist auch ein Umpumpen vom Fass ins Fahrzeug m\u00f6glich. Bei den 12\/24V-Pumpen m\u00fcssen Sie lediglich die Batterieklemmen mit den Polen der Fahrzeugbatterie verbinden. Sie sind so auch im Notfall unabh\u00e4ngig von externen Stromquellen.<\/p>\n<p><b>Bitte beachten: Die Fasspumpen sind f\u00fcr das Pumpen von Benzin, Kerosin oder anderen brennbaren Fl\u00fcssigkeiten nicht geeignet.<\/b><\/p>\n<div class=\"embed-responsive embed-responsive-16by9\">\n<iframe src=\"https:\/\/www.youtube-nocookie.com\/embed\/fXiFdbrKADk?rel=0\" title=\"YouTube video player\" allow=\"accelerometer; autoplay; clipboard-write; encrypted-media; gyroscope; picture-in-picture\" allowfullscreen=\"\" width=\"560\" height=\"315\" frameborder=\"0\"><\/iframe>\n<\/div>\n<\/div>\n<h3>Mnoho dobr\u00fdch d\u016fvod\u016f, pro\u010d byste si m\u011bli koupit tento produkt:<\/h3>\n<div class=\"sale_motive\">\n<ul>\n<li>750 Watt-Powerpumpe<\/li>\n<li>Ideal als Umf\u00fcllpumpe<\/li>\n<li>Geeignet f\u00fcr Diesel &amp; Heiz\u00f6l<\/li>\n<li>Bis zu 100 Liter pro Minute. <b>Schnelle Bef\u00fcllung!<\/b><\/li>\n<li>Robuste, bew\u00e4hrte Qualit\u00e4t<\/li>\n<li>&#8220;Ein&#8221;-und &#8220;Aus&#8221;-Schalter mit Sicherheitsvorrichtung<\/li>\n<\/ul>\n<\/div>","protected":false},"excerpt":{"rendered":"<p>230-Volt-Fasspumpe f\u00fcr Diesel &amp; Heiz\u00f6l<br \/>\nmit T\u00fclle | mit 92,5 cm langem Ansaugrohr<br \/>\n  max. F\u00f6rdermenge bis zu 6000l\/h<\/p>\n<p><b>Schnelle Bef\u00fcllung!<\/b><br \/>\n  <b>Kraftvolle 750-Watt-Umf\u00fcllpumpe f\u00fcr Diesel und Heiz\u00f6l!<\/b><\/p>","protected":false},"featured_media":39934,"comment_status":"open","ping_status":"closed","template":"","meta":[],"product_brand":[],"product_cat":[229,287,345],"product_tag":[],"class_list":{"0":"post-30480","1":"product","2":"type-product","3":"status-publish","4":"has-post-thumbnail","6":"product_cat-230v-pumpen","7":"product_cat-diesel-pumpen","8":"product_cat-diesel-und-heizoel-fasspumpen","10":"first","11":"instock","12":"taxable","13":"shipping-taxable","14":"purchasable","15":"product-type-simple"},"_links":{"self":[{"href":"https:\/\/testshop.igel.wovodo.de\/cs\/wp-json\/wp\/v2\/product\/30480","targetHints":{"allow":["GET"]}}],"collection":[{"href":"https:\/\/testshop.igel.wovodo.de\/cs\/wp-json\/wp\/v2\/product"}],"about":[{"href":"https:\/\/testshop.igel.wovodo.de\/cs\/wp-json\/wp\/v2\/types\/product"}],"replies":[{"embeddable":true,"href":"https:\/\/testshop.igel.wovodo.de\/cs\/wp-json\/wp\/v2\/comments?post=30480"}],"version-history":[{"count":3,"href":"https:\/\/testshop.igel.wovodo.de\/cs\/wp-json\/wp\/v2\/product\/30480\/revisions"}],"predecessor-version":[{"id":38411,"href":"https:\/\/testshop.igel.wovodo.de\/cs\/wp-json\/wp\/v2\/product\/30480\/revisions\/38411"}],"wp:featuredmedia":[{"embeddable":true,"href":"https:\/\/testshop.igel.wovodo.de\/cs\/wp-json\/wp\/v2\/media\/39934"}],"wp:attachment":[{"href":"https:\/\/testshop.igel.wovodo.de\/cs\/wp-json\/wp\/v2\/media?parent=30480"}],"wp:term":[{"taxonomy":"product_brand","embeddable":true,"href":"https:\/\/testshop.igel.wovodo.de\/cs\/wp-json\/wp\/v2\/product_brand?post=30480"},{"taxonomy":"product_cat","embeddable":true,"href":"https:\/\/testshop.igel.wovodo.de\/cs\/wp-json\/wp\/v2\/product_cat?post=30480"},{"taxonomy":"product_tag","embeddable":true,"href":"https:\/\/testshop.igel.wovodo.de\/cs\/wp-json\/wp\/v2\/product_tag?post=30480"}],"curies":[{"name":"wp","href":"https:\/\/api.w.org\/{rel}","templated":true}]}}