{"id":30512,"date":"2024-10-31T14:10:18","date_gmt":"2024-10-31T13:10:18","guid":{"rendered":"https:\/\/testshop.igel.wovodo.de\/product\/profi-airbrush-kompressor-ultimate\/"},"modified":"2025-01-27T12:30:52","modified_gmt":"2025-01-27T11:30:52","slug":"profi-airbrush-kompressor-ultimate","status":"publish","type":"product","link":"https:\/\/testshop.igel.wovodo.de\/cs\/product\/profi-airbrush-kompressor-ultimate\/","title":{"rendered":"Profesion\u00e1ln\u00ed kompresor AirBrush Ultimate"},"content":{"rendered":"<div class=\"sale_application\">\n<b><\/p>\n<p>Ide\u00e1ln\u00ed pro kosmetiku a kr\u00e1su (airbrush nail art, make-up, barven\u00ed vlas\u016f, p\u00e9\u010de o vlasy, opalov\u00e1n\u00ed ve spreji), body art (malov\u00e1n\u00ed na t\u011blo, tetov\u00e1n\u00ed, n\u00e1vrhy masek), hobby (kv\u011btiny\/ kv\u011btinov\u00e9 vazby, model\u00e1\u0159stv\u00ed, keramika\/ keramika, textil), mal\u00e9 n\u00e1vrhy aut (benzinov\u00e9 v\u00ed\u010dka\/ helmy), technick\u00e9 ilustrace\/ retu\u0161ov\u00e1n\u00ed fotografi\u00ed a zdoben\u00ed potravin (dorty\/ cupcakes). Mo\u017enosti airbrushe jsou prakticky neomezen\u00e9.<\/p>\n<p><\/b> <\/div>\n<div class=\"sale_description\">\n<p>Tento bezolejov\u00fd a bez\u00fadr\u017ebov\u00fd <b>Airbrush kompresor<\/b> ist f\u00fcr Arbeiten mit allen handels\u00fcblichen Airbrushfarben geeignet. Mit nur 47dB erm\u00f6glicht er angenehmes Arbeiten auch in kleineren, geschlossenen R\u00e4umen. Sein kompaktes Design und der integrierte Tragegriff erleichtern den mobilen Einsatz.<\/p>\n<p>Der Airbrush-Kompressor ist mit einer Top-Technik ausgestattet:<br \/>Es handelt sich um einen energieeffizienten Einzel-Zylinder-Kolben-Kompressor f\u00fcr Airbrush. Er hat einen <b>integrierten Manometer, einen integrierten Luftfilter, einen integrierten Wasserabschneider sowie einen integrierten Druck- und Durchflussregler<\/b>.<\/p>\n<p>Optimal f\u00fcr einen stromsparenden und ger&auml;teschonenden Betrieb ist die <b>Auto-Stop-Automatik<\/b> (4bar-Stop | 3bar-Start). Der maximale Druck des Airbrushkompressors betr&auml;gt 4 bar. Die maximale Luftabgabemenge liegt bei 20 bis 25 Litern pro Minute. Das Geh&auml;use hat einen Hitzeschutz.<\/p>\n<p>Durch gleich bleibenden Arbeitsdruck erm\u00f6glicht der Kolbenkompressor f\u00fcr Airbrush ein perfektes Arbeiten. Sein 1\/8-Zoll-Anschluss ist f\u00fcr alle g\u00e4ngigen Airbrushpistolen geeignet.<\/p>\n<\/div>","protected":false},"excerpt":{"rendered":"<p>Robustn\u00ed airbrush kompresor s ochrann\u00fdm krytem \/ max. tlak: 4 bary \/ max. vzduchov\u00fd v\u00fdkon: 20-25 litr\u016f\/min \/ 125 watt\u016f<br \/>\nUniverz\u00e1ln\u00ed pou\u017eit\u00ed, pro hobby, d\u00edlnu a nail art<\/p>","protected":false},"featured_media":33175,"comment_status":"open","ping_status":"closed","template":"","meta":[],"product_brand":[],"product_cat":[370,271,270,189],"product_tag":[],"class_list":{"0":"post-30512","1":"product","2":"type-product","3":"status-publish","4":"has-post-thumbnail","6":"product_cat-airbrushkompressor-airbrush-woocommerce-demo","7":"product_cat-profi-kompressor","8":"product_cat-airbrushkompressor","9":"product_cat-airbrush-kompressor","11":"first","12":"instock","13":"taxable","14":"shipping-taxable","15":"purchasable","16":"product-type-simple"},"_links":{"self":[{"href":"https:\/\/testshop.igel.wovodo.de\/cs\/wp-json\/wp\/v2\/product\/30512","targetHints":{"allow":["GET"]}}],"collection":[{"href":"https:\/\/testshop.igel.wovodo.de\/cs\/wp-json\/wp\/v2\/product"}],"about":[{"href":"https:\/\/testshop.igel.wovodo.de\/cs\/wp-json\/wp\/v2\/types\/product"}],"replies":[{"embeddable":true,"href":"https:\/\/testshop.igel.wovodo.de\/cs\/wp-json\/wp\/v2\/comments?post=30512"}],"version-history":[{"count":1,"href":"https:\/\/testshop.igel.wovodo.de\/cs\/wp-json\/wp\/v2\/product\/30512\/revisions"}],"predecessor-version":[{"id":35126,"href":"https:\/\/testshop.igel.wovodo.de\/cs\/wp-json\/wp\/v2\/product\/30512\/revisions\/35126"}],"wp:featuredmedia":[{"embeddable":true,"href":"https:\/\/testshop.igel.wovodo.de\/cs\/wp-json\/wp\/v2\/media\/33175"}],"wp:attachment":[{"href":"https:\/\/testshop.igel.wovodo.de\/cs\/wp-json\/wp\/v2\/media?parent=30512"}],"wp:term":[{"taxonomy":"product_brand","embeddable":true,"href":"https:\/\/testshop.igel.wovodo.de\/cs\/wp-json\/wp\/v2\/product_brand?post=30512"},{"taxonomy":"product_cat","embeddable":true,"href":"https:\/\/testshop.igel.wovodo.de\/cs\/wp-json\/wp\/v2\/product_cat?post=30512"},{"taxonomy":"product_tag","embeddable":true,"href":"https:\/\/testshop.igel.wovodo.de\/cs\/wp-json\/wp\/v2\/product_tag?post=30512"}],"curies":[{"name":"wp","href":"https:\/\/api.w.org\/{rel}","templated":true}]}}