{"id":30569,"date":"2024-10-31T14:10:52","date_gmt":"2024-10-31T13:10:52","guid":{"rendered":"https:\/\/testshop.igel.wovodo.de\/product\/3-tiefbrunnenpumpe-screw-star-550-4-400v\/"},"modified":"2025-01-27T12:31:06","modified_gmt":"2025-01-27T11:31:06","slug":"3-tiefbrunnenpumpe-screw-star-550-4-400v","status":"publish","type":"product","link":"https:\/\/testshop.igel.wovodo.de\/cs\/product\/3-tiefbrunnenpumpe-screw-star-550-4-400v\/","title":{"rendered":"3&#8243; Tiefbrunnenpumpe SCREW-STAR 550-4-400V"},"content":{"rendered":"<div class=\"sale_application\">\n<ul>\n<li>3-Zoll Brunnenpumpe mit 550 Watt f\u00fcr das 400V-Stromnetz<\/li>\n<li>f\u00fcr private und industrielle Anwendungen<\/li>\n<li>zur Hauswasserversorgung<\/li>\n<li>zur Bew\u00e4sserung<\/li>\n<li>zur Beregnung<\/li>\n<li>f\u00fcr Anwendungen im Umweltschutz<\/li>\n<li>f\u00fcr Anwendungen in der Landwirtschaft<\/li>\n<li>bei Grundwasserabsenkung<\/li>\n<li>pro pln\u011bn\u00ed n\u00e1dob<\/li>\n<\/ul><\/div>\n<div class=\"sale_description\">\n<p>Diese Tiefbrunnenpumpe 3&#8243; SCREW-STAR 550-4-400V mit \u00f6l-gelagertem Motor und robustem, rostfreien Edelstahl-Geh\u00e4use ist ideal f\u00fcr tiefe Brunnenbohrungen. Auch zur die Gartenbew\u00e4sserung\/ Gartenberegnung oder zur Wasserbef\u00f6rderung beim Bef\u00fcllen\/ Umf\u00fcllen von Beh\u00e4ltern eignet sich die sandvertr\u00e4gliche Brunnenpumpe. Die Brunnenpumpe f\u00f6rdert Wasser mit hohem Druck weiter an die Abnahmestelle.<br \/>Durch die besondere Bauweise f\u00f6rdert diese Tiefbrunnenpumpe wesentlich mehr Wasser als andere Pumpen mit vergleichbarem Energie-Verbrauch.<\/p>\n<p><b>Die sandvertr\u00e4gliche 3&#8243; Tiefbrunnenpumpe SCREW-STAR 550-4-400V ist zur Nutzung mit Dreiphasenwechselstrom bestimmt und kann am 400V-Stromnetz betrieben werden.<\/b><\/p>\n<p>Die maximale <strong>F\u00f6rdermenge<\/strong> dieser sandvertr\u00e4glichen Tiefbrunnenpumpe betr\u00e4gt <strong>1.600L\/h<\/strong>, die maximale <strong>F\u00f6rderh\u00f6he 78m<\/strong> und der maximale <strong>F\u00f6rderdruck <\/strong>liegt bei <strong>7,8bar<\/strong>. Bitte beachten Sie, dass die F\u00f6rdermenge bei steigender F\u00f6rderh\u00f6he entsprechend abnimmt.<\/p>\n<\/div>\n<h3>Mnoho dobr\u00fdch d\u016fvod\u016f, pro\u010d byste si m\u011bli koupit tento produkt:<\/h3>\n<div class=\"sale_motive\">\n<ul>\n<li>Tiefbrunnenpumpe f\u00fcr 400V Drehstrom<\/li>\n<li>Material: Edelstahl, Messing, Gu\u00dfeisen<\/li>\n<li>Gekapselter Elektromotor mit \u00d6ldauerschmierung (\u00f6l-gelagerter Motor)<\/li>\n<li>Sandvertr\u00e4gliche Brunnenpumpe<\/li>\n<li>Keine Ansaugung von Bodensediment durch seitliche Ansaugung<\/li>\n<li>Durch wartungs- und leckfreie mechanische Dichtung hat die Pumpe viel h\u00f6here Lebensdauer als herk\u00f6mmliche Pumpen<\/li>\n<li>Solide und zuverl\u00e4ssig<\/li>\n<li>Leistungsstark mit hohem F\u00f6rderdruck von 7,8bar max.<\/li>\n<\/ul>\n<\/div>","protected":false},"excerpt":{"rendered":"<p>380-400V\/50HZ-Brunnenpumpe | 550W<br \/>\n  Hmax. 78m | Qmax. 1.600L\/h | Pmax. 7,8bar<\/p>\n<p><b>Robustn\u00ed pouzdro z nerezov\u00e9 oceli<\/b><\/p>","protected":false},"featured_media":31329,"comment_status":"open","ping_status":"closed","template":"","meta":[],"product_brand":[],"product_cat":[464,411,301,267,244],"product_tag":[],"class_list":{"0":"post-30569","1":"product","2":"type-product","3":"status-publish","4":"has-post-thumbnail","6":"product_cat-400v-schraubenpumpe","7":"product_cat-3-zoll-schraubenpumpe","8":"product_cat-400-volt-brunnenpumpen","9":"product_cat-sandvertraeglich","10":"product_cat-startseite-pumpe","12":"first","13":"instock","14":"taxable","15":"shipping-taxable","16":"purchasable","17":"product-type-simple"},"_links":{"self":[{"href":"https:\/\/testshop.igel.wovodo.de\/cs\/wp-json\/wp\/v2\/product\/30569","targetHints":{"allow":["GET"]}}],"collection":[{"href":"https:\/\/testshop.igel.wovodo.de\/cs\/wp-json\/wp\/v2\/product"}],"about":[{"href":"https:\/\/testshop.igel.wovodo.de\/cs\/wp-json\/wp\/v2\/types\/product"}],"replies":[{"embeddable":true,"href":"https:\/\/testshop.igel.wovodo.de\/cs\/wp-json\/wp\/v2\/comments?post=30569"}],"version-history":[{"count":1,"href":"https:\/\/testshop.igel.wovodo.de\/cs\/wp-json\/wp\/v2\/product\/30569\/revisions"}],"predecessor-version":[{"id":35180,"href":"https:\/\/testshop.igel.wovodo.de\/cs\/wp-json\/wp\/v2\/product\/30569\/revisions\/35180"}],"wp:featuredmedia":[{"embeddable":true,"href":"https:\/\/testshop.igel.wovodo.de\/cs\/wp-json\/wp\/v2\/media\/31329"}],"wp:attachment":[{"href":"https:\/\/testshop.igel.wovodo.de\/cs\/wp-json\/wp\/v2\/media?parent=30569"}],"wp:term":[{"taxonomy":"product_brand","embeddable":true,"href":"https:\/\/testshop.igel.wovodo.de\/cs\/wp-json\/wp\/v2\/product_brand?post=30569"},{"taxonomy":"product_cat","embeddable":true,"href":"https:\/\/testshop.igel.wovodo.de\/cs\/wp-json\/wp\/v2\/product_cat?post=30569"},{"taxonomy":"product_tag","embeddable":true,"href":"https:\/\/testshop.igel.wovodo.de\/cs\/wp-json\/wp\/v2\/product_tag?post=30569"}],"curies":[{"name":"wp","href":"https:\/\/api.w.org\/{rel}","templated":true}]}}