{"id":30681,"date":"2024-10-31T14:12:01","date_gmt":"2024-10-31T13:12:01","guid":{"rendered":"https:\/\/testshop.igel.wovodo.de\/product\/b-ware-4-tiefbrunnenpumpe-brunnen-star-750\/"},"modified":"2025-01-27T12:31:39","modified_gmt":"2025-01-27T11:31:39","slug":"b-ware-4-tiefbrunnenpumpe-brunnen-star-750","status":"publish","type":"product","link":"https:\/\/testshop.igel.wovodo.de\/cs\/product\/b-ware-4-tiefbrunnenpumpe-brunnen-star-750\/","title":{"rendered":"B-Ware 4&#8243; Tiefbrunnenpumpe BRUNNEN-STAR 750"},"content":{"rendered":"<div class=\"sale_description\"> <font color=\"FF0000\"><b>B-Ware:<\/b><\/p>\n<ul>\n<li>leichte optische Fehler (z.B. kleine Kratzer etc.)<\/li>\n<li>voll funktionsf\u00e4higes Produkt<\/li>\n<li>reduzierte gesetzliche Gew\u00e4hrleistung auf max. 1 Jahr<\/li>\n<\/ul>\n<p><\/font><\/p>\n<p>Robuste, stabile Tiefbrunnenpumpe aus rostfreiem Edelsstahl f\u00fcr tiefe Brunnenbohrungen (bis ca 40m). Die leistungsstarke Brunnenpumpe hat einen hochwertigen, gekapselten Elekromotor.<br \/>\n  Mit dieser robusten Tiefbrunnenpumpe ist die F\u00f6rderung von Wasser aus tiefen Bohrungen, Brunnen bzw. Wasserreservoirs mit einem Mindest-Durchmesser von 110mm kein Problem. Die Brunnenpumpe f\u00f6rdert dies mit hohem Druck weiter an die Abnahmestelle.<\/p>\n<p>Die Brunnenpumpe hat eine Schalterbox mit einem integrierten Kondensator. Der Kondensator ist so leicht zug\u00e4nglich und kann bei Bedarf auch ausgetauscht werden. Sehr praktisch!<\/p>\n<p>Die 4-Zoll-Brunnenpumpe erbringt eine maximale <strong>F\u00f6rdermenge von 9.000l\/h<\/strong>. Die maximale F\u00f6rderh\u00f6he betr\u00e4gt 59m und der maximale F\u00f6rderdruck liegt bei 5,9 bar. Bitte beachten Sie, dass die F\u00f6rderleistung bei steigender F\u00f6rderh\u00f6he entsprechend abnimmt.<\/p>\n<p>Die Kabell\u00e4nge betr\u00e4gt insgesamt 15m (ca 2m Flachkabel \u00fcbergehend auf ca 13m Rundkabel). Rundkabel setzen wir ein, weil dieses einen gr\u00f6\u00dferen Querschnitt hat, als das Flachkabel und damit eine bessere Gesamtleistung der Pumpe erreicht wird (kleinerer Kabelwiderstand = bessere Pumpenleistung!)<\/p>\n<p>Diese leistungsstarke Brunnenpumpe f\u00f6rdert dank besonderen Bauweise wesentlich mehr Wasser als andere Pumpen mit vergleichbarem Energie-Verbrauch. <strong>Daher bezeichnen wir diese Pumpe als echte ENERGIE-SPARPUMPE!<\/strong><\/p>\n<\/div>\n<h3>Mnoho dobr\u00fdch d\u016fvod\u016f, pro\u010d byste si m\u011bli koupit tento produkt:<\/h3>\n<div class=\"sale_motive\">\n<ul>\n<li>durch wartungs- und leckfreie mechanische Dichtung hat die Pumpe viel h\u00f6here Lebensdauer als herk\u00f6mmliche Pumpen<\/li>\n<li>f\u00fcr Brunnenbohrungen bis ca. 35m<\/li>\n<li>Pumpendurchmesser: 97 mm<\/li>\n<li>ausgezeichnetes Preis- \/ Leistungsverh\u00e4ltnis!<\/li>\n<li>solide, kompakt und zuverl\u00e4ssig<\/li>\n<li>robustes, rostfreies Edelstahlgeh\u00e4use mit Messingteilen<\/li>\n<li>Handwerker-Qualit\u00e4t<\/li>\n<li>keine Ansaugung von Bodensediment durch seitliche Ansaugung<\/li>\n<li>hochwertiger gekapselter Elektromotor<\/li>\n<li>leicht zug\u00e4nglicher Kondensator in der Anschluss-Box (immer ein Vorteil, da dies i.d.R. das Bauteil ist, was bei Tauchdruckpumpen einem gewissen Verschlei\u00df unterliegt)<\/li>\n<\/ul>\n<\/div>","protected":false},"excerpt":{"rendered":"<p>Leitungsstarke, mehrstufige Brunnenpumpe mit 750Watt<br \/>\nPmax. 5,9 bar | Qmax. 9.000L\/h | Hmax. 59m<br \/>\n  15m Kabel<\/p>","protected":false},"featured_media":31396,"comment_status":"open","ping_status":"closed","template":"","meta":[],"product_brand":[],"product_cat":[216,214,176],"product_tag":[],"class_list":{"0":"post-30681","1":"product","2":"type-product","3":"status-publish","4":"has-post-thumbnail","6":"product_cat-b-ware-4-brunnenpumpen","7":"product_cat-b-ware-brunnenpumpen","8":"product_cat-b-ware","10":"first","11":"instock","12":"sale","13":"taxable","14":"shipping-taxable","15":"purchasable","16":"product-type-simple"},"_links":{"self":[{"href":"https:\/\/testshop.igel.wovodo.de\/cs\/wp-json\/wp\/v2\/product\/30681","targetHints":{"allow":["GET"]}}],"collection":[{"href":"https:\/\/testshop.igel.wovodo.de\/cs\/wp-json\/wp\/v2\/product"}],"about":[{"href":"https:\/\/testshop.igel.wovodo.de\/cs\/wp-json\/wp\/v2\/types\/product"}],"replies":[{"embeddable":true,"href":"https:\/\/testshop.igel.wovodo.de\/cs\/wp-json\/wp\/v2\/comments?post=30681"}],"version-history":[{"count":1,"href":"https:\/\/testshop.igel.wovodo.de\/cs\/wp-json\/wp\/v2\/product\/30681\/revisions"}],"predecessor-version":[{"id":35291,"href":"https:\/\/testshop.igel.wovodo.de\/cs\/wp-json\/wp\/v2\/product\/30681\/revisions\/35291"}],"wp:featuredmedia":[{"embeddable":true,"href":"https:\/\/testshop.igel.wovodo.de\/cs\/wp-json\/wp\/v2\/media\/31396"}],"wp:attachment":[{"href":"https:\/\/testshop.igel.wovodo.de\/cs\/wp-json\/wp\/v2\/media?parent=30681"}],"wp:term":[{"taxonomy":"product_brand","embeddable":true,"href":"https:\/\/testshop.igel.wovodo.de\/cs\/wp-json\/wp\/v2\/product_brand?post=30681"},{"taxonomy":"product_cat","embeddable":true,"href":"https:\/\/testshop.igel.wovodo.de\/cs\/wp-json\/wp\/v2\/product_cat?post=30681"},{"taxonomy":"product_tag","embeddable":true,"href":"https:\/\/testshop.igel.wovodo.de\/cs\/wp-json\/wp\/v2\/product_tag?post=30681"}],"curies":[{"name":"wp","href":"https:\/\/api.w.org\/{rel}","templated":true}]}}