{"id":30729,"date":"2024-10-31T14:12:31","date_gmt":"2024-10-31T13:12:31","guid":{"rendered":"https:\/\/testshop.igel.wovodo.de\/product\/230v-gartenbrunnen-tonziegel-kruege-mit-3-rgb-led-licht-230v\/"},"modified":"2025-01-27T12:31:51","modified_gmt":"2025-01-27T11:31:51","slug":"230v-gartenbrunnen-tonziegel-kruege-mit-3-rgb-led-licht-230v","status":"publish","type":"product","link":"https:\/\/testshop.igel.wovodo.de\/cs\/product\/230v-gartenbrunnen-tonziegel-kruege-mit-3-rgb-led-licht-230v\/","title":{"rendered":"230V &#8211; Gartenbrunnen TONZIEGEL &amp; KR\u00dcGE mit 3 RGB LED-Licht-230V"},"content":{"rendered":"<div class=\"sale_application\">\n<ul>\n<li>Gartenbrunnen f\u00fcr den Innen- und Au\u00dfenbereich<\/li>\n<\/ul><\/div>\n<div class=\"sale_description\">\n<p><strong>Dekorativ &amp; wohltuend<\/strong><\/p>\n<p>Der Garten- und Zimmerbrunnen <b>TONZIEGEL &amp; KR\u00dcGE RGB<\/b> ist f\u00fcr den Innen- und Au\u00dfenbereich geeignet. Der Brunnen wertet jede Umgebung auf und sorgt f\u00fcr eine tolle Atmosph\u00e4re und Entspannung. Flie\u00dfendes Wasser wirkt sich positiv auf die Stimmung aus und liefert ein angenehmes Mikroklima an hei\u00dfen Sommertagen. Der Kaskaden-Brunnen mit effektvoller LED-Beleuchtung (<b>RGB-Farbwechsel<\/b>) ist bei Tag und Nacht der perfekte Blickfang. Die RGB LED-Lichter bewirken einen sanft ineinander \u00fcbergehenden Farbwechsel.<\/p>\n<p><strong>Stromsparend, innovativ, einzigartig &amp; zukunftsweisend<\/strong><\/p>\n<p>Der rustikale Zierbrunnen <b>TONZIEGEL &amp; KR\u00dcGE RGB<\/b> als Basisversion ist f\u00fcr den 230-Volt-Betrieb vorgesehen. Die Pumpe und die LEDs werden mit sicherer 12V-Niederspannung betrieben (Adapter im Lieferumfang enthalten). Alle Kabelverbindungen sind verpolungssicher und wasserdicht. Der Aufbau geht einfach und schnell.<\/p>\n<p>Der Gartenbrunnen <b>TONZIEGEL &amp; KR\u00dcGE RGB<\/b> kann in <b>3 verschiedenen Betriebsarten<\/b> betrieben werden:<\/p>\n<ol>\n<li>230V-Betrieb bei schattigen Verh\u00e4ltnissen (Tag und Nacht-Betrieb) (Basisversion)<\/li>\n<li>Solar-Betrieb bei sonnigen Verh\u00e4ltnissen (nur Tag-Betrieb) (mit Solarmodul aus der Zubeh\u00f6r-Auswahl)<\/li>\n<li>Hybrid-Betrieb f\u00fcr 230V und Solar-Strom (Tag und Nacht-Betrieb) (mit Solarmodul aus der Zubeh\u00f6r-Auswahl)<\/li>\n<\/ol>\n<p>Beim stromsparenden Hybrid-Betrieb, d.h. beim gleichzeitigem Anschluss an das 230V-Netz und Solarpanel erfolgt die Umschaltung je nach Sonnenintensit\u00e4t von 230V auf Solar und umgekehrt <b>automatisch<\/b>. Im ausw\u00e4hlbaren Nachtmodus schaltet sich der Gartenbrunnen bei Dunkelheit selbstst\u00e4ndig ab und am n\u00e4chsten Morgen wieder an.<br \/>\n  Im Solar-Betrieb kann der Brunnen unabh\u00e4ngig von 230V-Steckdose frei platziert und betrieben werden. Das Verlegen von Strom- und Verl\u00e4ngerungskabeln entf\u00e4llt. So betreiben Sie Ihren Kaskadenbrunnen <b>TONZIEGEL &amp; KR\u00dcGE RGB<\/b> ohne Folgekosten!<\/p>\n<p><strong>Werthaltig, best\u00e4ndig &amp; betriebssicher<\/strong><\/p>\n<p>S\u00e4mtliche Komponenten sind absolut funktionssicher, langlebig und dank praktischer Steckverbindungen jederzeit austauschbar. So k\u00f6nnen Sie den Wasserbrunnen &#8220;FELS-KASKADE geschwungen&#8221; und das flie\u00dfende Wasser jahrelang genie\u00dfen!<\/p>\n<div class=\"embed-responsive embed-responsive-16by9\">\n<iframe src=\"https:\/\/www.youtube-nocookie.com\/embed\/x5dgcktu9pQ?rel=0\" title=\"YouTube video player\" allow=\"accelerometer; autoplay; clipboard-write; encrypted-media; gyroscope; picture-in-picture\" allowfullscreen=\"\" width=\"560\" height=\"315\" frameborder=\"0\"><\/iframe>\n<\/div>\n<p><font size=\"2\">Rechtlicher Hinweis: Diese Produkte werden einzeln per Hand koloriert, Farbabweichungen lassen sich deshalb nicht vermeiden. Weiterhin kann es aufgrund der Lichtverh\u00e4ltnisse bei der Produktfotografie und unterschiedlichen Bildschirmeinstellungen dazu kommen, dass die Farbe des Produktes nicht authentisch wiedergegeben wird und ist deshalb kein Reklamationsgrund.<\/font><\/p>\n<p><b>Pozn\u00e1mka:<\/b> Frost kann zu Sch\u00e4den am Gartenbrunnen und der Pumpe f\u00fchren. Bei Frostgefahr muss der <b>Gartenbrunnen und die Pumpe entleert werden<\/b>, mit klarem Wasser gesp\u00fclt und trocken eingelagert werden. Dann haben Sie sehr lange Freude daran!<\/p>\n<\/div>\n<h3>Mnoho dobr\u00fdch d\u016fvod\u016f, pro\u010d byste si m\u011bli koupit tento produkt:<\/h3>\n<div class=\"sale_motive\">\n<ul>\n<li>Indoor- und Outdoor-Brunnen in antik-r\u00f6mischem Design<\/li>\n<li>naturgetreue Ton- und Steinnachbildung<\/li>\n<li>Tag- und Nachtbetrieb<\/li>\n<li>immer der perfekte Blickfang<\/li>\n<li>optimal f\u00fcr kleine Fl\u00e4chen<\/li>\n<li>einfach zu montierendes Set mit umfangreichem Zubeh\u00f6r zum Spitzenpreis<\/li>\n<li>stromsparender Universal-Betrieb mit 230V, Solarmodul oder Hybrid-Betrieb<\/li>\n<li>mit Solarmodul frei positionierbar<\/li>\n<li>stabil, bruchfest &amp; langlebig<\/li>\n<li>mit 3 RGB LED-Licht<\/li>\n<\/ul>\n<\/div>","protected":false},"excerpt":{"rendered":"<p>Gartenbrunnen TONZIEGEL &amp; KR\u00dcGE mit 3 RGB LED-Licht-230V<\/p>\n<p><strong><font color=\"FF0000\">LED mit Farbwechsel!<\/font><br \/>\n  Auch mit Solarmodul erh\u00e4ltlich!<\/strong><\/p>","protected":false},"featured_media":37730,"comment_status":"open","ping_status":"closed","template":"","meta":[],"product_brand":[],"product_cat":[318,254,319,244],"product_tag":[],"class_list":{"0":"post-30729","1":"product","2":"type-product","3":"status-publish","4":"has-post-thumbnail","6":"product_cat-gartenbrunnen","7":"product_cat-brunnen-mit-230-v-betrieb","8":"product_cat-zimmerbrunnen","9":"product_cat-startseite-pumpe","11":"first","12":"instock","13":"taxable","14":"shipping-taxable","15":"purchasable","16":"product-type-simple"},"_links":{"self":[{"href":"https:\/\/testshop.igel.wovodo.de\/cs\/wp-json\/wp\/v2\/product\/30729","targetHints":{"allow":["GET"]}}],"collection":[{"href":"https:\/\/testshop.igel.wovodo.de\/cs\/wp-json\/wp\/v2\/product"}],"about":[{"href":"https:\/\/testshop.igel.wovodo.de\/cs\/wp-json\/wp\/v2\/types\/product"}],"replies":[{"embeddable":true,"href":"https:\/\/testshop.igel.wovodo.de\/cs\/wp-json\/wp\/v2\/comments?post=30729"}],"version-history":[{"count":4,"href":"https:\/\/testshop.igel.wovodo.de\/cs\/wp-json\/wp\/v2\/product\/30729\/revisions"}],"predecessor-version":[{"id":38780,"href":"https:\/\/testshop.igel.wovodo.de\/cs\/wp-json\/wp\/v2\/product\/30729\/revisions\/38780"}],"wp:featuredmedia":[{"embeddable":true,"href":"https:\/\/testshop.igel.wovodo.de\/cs\/wp-json\/wp\/v2\/media\/37730"}],"wp:attachment":[{"href":"https:\/\/testshop.igel.wovodo.de\/cs\/wp-json\/wp\/v2\/media?parent=30729"}],"wp:term":[{"taxonomy":"product_brand","embeddable":true,"href":"https:\/\/testshop.igel.wovodo.de\/cs\/wp-json\/wp\/v2\/product_brand?post=30729"},{"taxonomy":"product_cat","embeddable":true,"href":"https:\/\/testshop.igel.wovodo.de\/cs\/wp-json\/wp\/v2\/product_cat?post=30729"},{"taxonomy":"product_tag","embeddable":true,"href":"https:\/\/testshop.igel.wovodo.de\/cs\/wp-json\/wp\/v2\/product_tag?post=30729"}],"curies":[{"name":"wp","href":"https:\/\/api.w.org\/{rel}","templated":true}]}}