{"id":30778,"date":"2024-10-31T14:13:01","date_gmt":"2024-10-31T13:13:01","guid":{"rendered":"https:\/\/testshop.igel.wovodo.de\/product\/230v-gartenbrunnen-dancing-lady-mit-led-licht\/"},"modified":"2025-01-27T12:32:10","modified_gmt":"2025-01-27T11:32:10","slug":"230v-gartenbrunnen-dancing-lady-mit-led-licht","status":"publish","type":"product","link":"https:\/\/testshop.igel.wovodo.de\/cs\/product\/230v-gartenbrunnen-dancing-lady-mit-led-licht\/","title":{"rendered":"230V &#8211; Gartenbrunnen DANCING LADY mit LED-Licht"},"content":{"rendered":"<div class=\"sale_application\">\n<ul>\n<li>LED-Gartenbrunnen f\u00fcr den Innen- und Au\u00dfenbereich mit 230\/12V-Netzadapter<\/li>\n<\/ul><\/div>\n<div class=\"sale_description\">\n<p>Der Gartenbrunnen &#8220;DANCING LADY&#8221; ist f\u00fcr den Innen- und Au\u00dfenbereich geeignet. Betrieben wird der stilvolle Garten- und Zimmerbrunnen mit einem 230\/12-Volt Netzadapter. Durch das besondere Motiv sorgt der 117 cm hohe Brunnen f\u00fcr eine besondere Atmosph\u00e4re und Entspannung.<\/p>\n<p>Der Gartenbrunnen ist sowohl bei Tag als auch bei Nacht der perfekte Hingucker. Die mitgelieferte LED-Beleuchtung sorgt f\u00fcr die perfekte Illumination. Die LED-Lichter des austauschbaren LED-Rings erstrahlen in einem k\u00fchlen Wei\u00df.<\/p>\n<p><strong>Sch\u00f6ner kann Wasser nicht flie\u00dfen!<\/strong> Der breite Wasserstrahl verl\u00e4uft entlang&nbsp;der transparenten Scheibe. Der Wasserbeh\u00e4lter befindet sich in unteren Teil des Brunnens. Durch das Gewicht des Wassers erh\u00e4lt der Brunnen seine Standfestigkeit. Das Material &#8220;Polyresin&#8221; ist frostbest\u00e4ndig*.<\/p>\n<p>Ganz gleich, wo der In- und Outdoor-Brunnen aufgestellt wird &#8211; der wassersprudelnde Gartenbrunnen wertet jeden Standort auf. Das Lebensexlixier Wasser belebt Wohnzimmer, Esszimmer, Flure und Eingangsbereiche, Winterg\u00e4rten oder Balkone, Terrassen und G\u00e4rten im privaten wie gewerblichen Umfeld.<\/p>\n<p>Das beruhigende Rauschen des Wassers verleiht jeder Umgebung eine besondere Note. Flie\u00dfendes Wasser wirkt sich nicht nur positiv auf die Stimmung aus, sondern liefert auch ein angenehmes Mikroklima an hei\u00dfen Sommertagen drinnen wie drau\u00dfen. Im Herbst und im Winter schafft der Brunnen mit seinem flie\u00dfenden Wasser eine optimale Luftfeuchtigkeit in den R\u00e4umen. So ist dieser Wasserbrunnen nicht nur dekorativ, sondern auch n\u00fctzlich und gesundheitsf\u00f6rdernd.<\/p>\n<p>*Wir empfehlen eine Entleerung des Wasserbeh\u00e4lters im Winter.<\/p>\n<p><p style=\"font-size:11px;\"><b>Pr\u00e1vn\u00ed upozorn\u011bn\u00ed:<\/b> Na\u0161e v\u00fdrobky jsou barveny ru\u010dn\u011b, tak\u017ee se nelze vyhnout barevn\u00fdm odchylk\u00e1m. Krom\u011b toho se m\u016f\u017ee st\u00e1t, \u017ee v d\u016fsledku sv\u011bteln\u00fdch podm\u00ednek p\u0159i fotografov\u00e1n\u00ed v\u00fdrobku a r\u016fzn\u00fdch nastaven\u00ed obrazovky nebude barva v\u00fdrobku reprodukov\u00e1na autenticky, a proto nen\u00ed d\u016fvodem k reklamaci.<\/p>\n<p><b>Pozn\u00e1mka:<\/b> Frost kann zu Sch\u00e4den am Gartenbrunnen und der Pumpe f\u00fchren. Bei Frostgefahr muss der <b>Gartenbrunnen und die Pumpe entleert werden<\/b>, mit klarem Wasser gesp\u00fclt und trocken eingelagert werden. Dann haben Sie sehr lange Freude daran!<\/p>\n<\/div>\n<h3>Mnoho dobr\u00fdch d\u016fvod\u016f, pro\u010d byste si m\u011bli koupit tento produkt:<\/h3>\n<div class=\"sale_motive\">\n<ul>\n<li>Steckfertiger, sofort einsatzbereiter Gartenbrunnen\n<\/li>\n<li>effektvoller Indoor- und Outdoor-Brunnen\n<\/li>\n<li>zeitlose Eleganz\n<\/li>\n<li>sehr sch\u00f6ne Steinoptik\n<\/li>\n<li>Echtglas-Scheibe &#8211; Sch\u00f6ner kann das Wasser nicht flie\u00dfen\n<\/li>\n<li>m\u00e1 povzbuzuj\u00edc\u00ed \u00fa\u010dinek na smysly.\n<\/li>\n<li>verbessert die Luftqualit\u00e4t und das Mikroklima\n<\/li>\n<li>Dekorativn\u00ed a u\u017eite\u010dn\u00e9\n<\/li>\n<li>S p\u0159ipojen\u00edm 230V\/12V\n<\/li>\n<li>Inkl. 12 Watt Pumpe\n<\/li>\n<li>Inkl. LED-Ring in klarem Wei\u00df (austauschbar)<\/li>\n<\/ul>\n<\/div>","protected":false},"excerpt":{"rendered":"<p>Gartenbrunnen DANCING LADY mit austauschbarem LED-Ring (1*6)<\/p>","protected":false},"featured_media":38591,"comment_status":"open","ping_status":"closed","template":"","meta":[],"product_brand":[],"product_cat":[318,254,320,319,244],"product_tag":[],"class_list":{"0":"post-30778","1":"product","2":"type-product","3":"status-publish","4":"has-post-thumbnail","6":"product_cat-gartenbrunnen","7":"product_cat-brunnen-mit-230-v-betrieb","8":"product_cat-moderne-zeitlose-deko","9":"product_cat-zimmerbrunnen","10":"product_cat-startseite-pumpe","12":"first","13":"instock","14":"taxable","15":"shipping-taxable","16":"purchasable","17":"product-type-simple"},"_links":{"self":[{"href":"https:\/\/testshop.igel.wovodo.de\/cs\/wp-json\/wp\/v2\/product\/30778","targetHints":{"allow":["GET"]}}],"collection":[{"href":"https:\/\/testshop.igel.wovodo.de\/cs\/wp-json\/wp\/v2\/product"}],"about":[{"href":"https:\/\/testshop.igel.wovodo.de\/cs\/wp-json\/wp\/v2\/types\/product"}],"replies":[{"embeddable":true,"href":"https:\/\/testshop.igel.wovodo.de\/cs\/wp-json\/wp\/v2\/comments?post=30778"}],"version-history":[{"count":2,"href":"https:\/\/testshop.igel.wovodo.de\/cs\/wp-json\/wp\/v2\/product\/30778\/revisions"}],"predecessor-version":[{"id":38794,"href":"https:\/\/testshop.igel.wovodo.de\/cs\/wp-json\/wp\/v2\/product\/30778\/revisions\/38794"}],"wp:featuredmedia":[{"embeddable":true,"href":"https:\/\/testshop.igel.wovodo.de\/cs\/wp-json\/wp\/v2\/media\/38591"}],"wp:attachment":[{"href":"https:\/\/testshop.igel.wovodo.de\/cs\/wp-json\/wp\/v2\/media?parent=30778"}],"wp:term":[{"taxonomy":"product_brand","embeddable":true,"href":"https:\/\/testshop.igel.wovodo.de\/cs\/wp-json\/wp\/v2\/product_brand?post=30778"},{"taxonomy":"product_cat","embeddable":true,"href":"https:\/\/testshop.igel.wovodo.de\/cs\/wp-json\/wp\/v2\/product_cat?post=30778"},{"taxonomy":"product_tag","embeddable":true,"href":"https:\/\/testshop.igel.wovodo.de\/cs\/wp-json\/wp\/v2\/product_tag?post=30778"}],"curies":[{"name":"wp","href":"https:\/\/api.w.org\/{rel}","templated":true}]}}