{"id":30826,"date":"2024-10-31T14:13:32","date_gmt":"2024-10-31T13:13:32","guid":{"rendered":"https:\/\/testshop.igel.wovodo.de\/product\/airbrushpistole-profi-airbrush-gravity-single-action-gun-2002-d-03\/"},"modified":"2025-01-27T12:32:27","modified_gmt":"2025-01-27T11:32:27","slug":"airbrushpistole-profi-airbrush-gravity-single-action-gun-2002-d-03","status":"publish","type":"product","link":"https:\/\/testshop.igel.wovodo.de\/cs\/product\/airbrushpistole-profi-airbrush-gravity-single-action-gun-2002-d-03\/","title":{"rendered":"Airbrushpistole Profi-AirBrush Gravity Single-Action-Gun 2002 D 0,3"},"content":{"rendered":"<div class=\"sale_application\">\n<b><\/p>\n<p>Ide\u00e1ln\u00ed pro kosmetiku a kr\u00e1su (airbrush nail art, make-up, barven\u00ed vlas\u016f, p\u00e9\u010de o vlasy, opalov\u00e1n\u00ed ve spreji), body art (malov\u00e1n\u00ed na t\u011blo, tetov\u00e1n\u00ed, n\u00e1vrhy masek), hobby (kv\u011btiny\/ kv\u011btinov\u00e9 vazby, model\u00e1\u0159stv\u00ed, keramika\/ keramika, textil), mal\u00e9 n\u00e1vrhy aut (benzinov\u00e9 v\u00ed\u010dka\/ helmy), technick\u00e9 ilustrace\/ retu\u0161ov\u00e1n\u00ed fotografi\u00ed a zdoben\u00ed potravin (dorty\/ cupcakes). Mo\u017enosti airbrushe jsou prakticky neomezen\u00e9.<\/p>\n<p><\/b> <\/div>\n<div class=\"sale_description\">\n<p>Die Airbrush-Pistole <b>Gravity Single-Action-Gun 2002 D 0,3 <\/b>ist ein Zweistoff-Zerst\u00e4uber, der nach dem Prinzip einer Strahlpumpe arbeitet, wobei Druckluft als Treibmittel verwendet wird. In Abh\u00e4ngigkeit von der St\u00e4rke des Luftstroms und der Menge der Farbe, kann man mit einer Airbushpistole feinste Linien, aber auch gro\u00dfe Fl\u00e4chen airbrushen. Man kann Farbe deckend aufspr\u00fchen, aber auch einen transparenten Farbfilm airbrushen.<\/p>\n<p>Ausgestattet mit zwei Farb-Beh\u00e4ltern mit 20ml und 40ml Fassungsverm\u00f6gen erm\u00f6glicht die Airbrush-Pistole einen schnellen Farbwechsel. Durch die beiden gro\u00dfen Farb-Beh\u00e4lter und die 0,3mm-Nadel ist die Airbrush-Pistole <b>Gravity Single-Action-Gun 2002 D 0,3 <\/b> ideal f\u00fcr kleine bis mittelgro\u00dfe Fl\u00e4chen geeignet (z.B. Airbrush Self Tanning\/ K\u00f6rper-Selbstbr\u00e4unung).<\/p>\n<\/div>\n<h3>Mnoho dobr\u00fdch d\u016fvod\u016f, pro\u010d byste si m\u011bli koupit tento produkt:<\/h3>\n<div class=\"sale_motive\">\n<ul>\n<li>Farbmuster von 1\/4 &#8211; 1 1\/2 Zoll sichert gro\u00dfe Vielseitigkeit<\/li>\n<li>brillantes Spritzbild<\/li>\n<li>solide Verarbeitung<\/li>\n<li>Farbbeh\u00e4lter 20ml+40ml erm\u00f6glichen einen schnellen Farbwechsel<\/li>\n<li>zukunftsorientierte Bauweise<\/li>\n<li>formsch\u00f6nes Design<\/li>\n<li>Snadn\u00e1 manipulace <\/li>\n<\/ul>\n<\/div>","protected":false},"excerpt":{"rendered":"<p>G\u00fcnstige Gravity-Spr\u00fchpistole mit 0,3mm D\u00fcse \/ 20ml+40ml Farbbeh\u00e4lter \/ Single-Action \/ Druckkontrolle \/ Arbeitsdruck: 1 &#8211; 3,5bar \/ Aufbewahrungsbox<\/p>","protected":false},"featured_media":34038,"comment_status":"open","ping_status":"closed","template":"","meta":[],"product_brand":[],"product_cat":[397,238,409],"product_tag":[],"class_list":{"0":"post-30826","1":"product","2":"type-product","3":"status-publish","4":"has-post-thumbnail","6":"product_cat-airbrushpistolen","7":"product_cat-airbrush-tanning","8":"product_cat-single-action","10":"first","11":"instock","12":"taxable","13":"shipping-taxable","14":"purchasable","15":"product-type-simple"},"_links":{"self":[{"href":"https:\/\/testshop.igel.wovodo.de\/cs\/wp-json\/wp\/v2\/product\/30826","targetHints":{"allow":["GET"]}}],"collection":[{"href":"https:\/\/testshop.igel.wovodo.de\/cs\/wp-json\/wp\/v2\/product"}],"about":[{"href":"https:\/\/testshop.igel.wovodo.de\/cs\/wp-json\/wp\/v2\/types\/product"}],"replies":[{"embeddable":true,"href":"https:\/\/testshop.igel.wovodo.de\/cs\/wp-json\/wp\/v2\/comments?post=30826"}],"version-history":[{"count":1,"href":"https:\/\/testshop.igel.wovodo.de\/cs\/wp-json\/wp\/v2\/product\/30826\/revisions"}],"predecessor-version":[{"id":35436,"href":"https:\/\/testshop.igel.wovodo.de\/cs\/wp-json\/wp\/v2\/product\/30826\/revisions\/35436"}],"wp:featuredmedia":[{"embeddable":true,"href":"https:\/\/testshop.igel.wovodo.de\/cs\/wp-json\/wp\/v2\/media\/34038"}],"wp:attachment":[{"href":"https:\/\/testshop.igel.wovodo.de\/cs\/wp-json\/wp\/v2\/media?parent=30826"}],"wp:term":[{"taxonomy":"product_brand","embeddable":true,"href":"https:\/\/testshop.igel.wovodo.de\/cs\/wp-json\/wp\/v2\/product_brand?post=30826"},{"taxonomy":"product_cat","embeddable":true,"href":"https:\/\/testshop.igel.wovodo.de\/cs\/wp-json\/wp\/v2\/product_cat?post=30826"},{"taxonomy":"product_tag","embeddable":true,"href":"https:\/\/testshop.igel.wovodo.de\/cs\/wp-json\/wp\/v2\/product_tag?post=30826"}],"curies":[{"name":"wp","href":"https:\/\/api.w.org\/{rel}","templated":true}]}}