{"id":36572,"date":"2024-12-03T18:13:28","date_gmt":"2024-12-03T17:13:28","guid":{"rendered":"https:\/\/testshop.igel.wovodo.de\/product\/profi-airbrush-adapter-10er-set\/"},"modified":"2025-01-27T12:31:28","modified_gmt":"2025-01-27T11:31:28","slug":"profi-airbrush-adapter-10er-set","status":"publish","type":"product","link":"https:\/\/testshop.igel.wovodo.de\/cs\/product\/profi-airbrush-adapter-10er-set\/","title":{"rendered":"Profi AirBrush &#8211; Adapter 10er SET"},"content":{"rendered":"<div class=\"sale_description\">\n<p>Mit diesem <b>10er Airbrush Adapter-Set<\/b> sind Sie f\u00fcr jegliche Anschlussarten von Airbrush Kompressoren und Airbrush Pistolen ger\u00fcstet &#8211; kaum etwas, das Sie mit diesem Universal-Verbindungsst\u00fcck-Set nicht angeschlossen bekommen! <b>Ein Muss f\u00fcr jedermann, der mit Airbrush arbeitet!<\/b><\/p>\n<\/div>","protected":false},"excerpt":{"rendered":"<p>Mit diesem Adapter-Set sind Sie f\u00fcr jegliche Verbindungen ger\u00fcstet!<\/p>","protected":false},"featured_media":36571,"comment_status":"open","ping_status":"closed","template":"","meta":[],"product_brand":[],"product_cat":[468,256,188],"product_tag":[],"class_list":{"0":"post-36572","1":"product","2":"type-product","3":"status-publish","4":"has-post-thumbnail","6":"product_cat-verbindungsteile-zubehoer-profi-airbrush","7":"product_cat-zubehoer-airbrush","8":"product_cat-airbrush-set","10":"first","11":"instock","12":"taxable","13":"shipping-taxable","14":"purchasable","15":"product-type-simple"},"_links":{"self":[{"href":"https:\/\/testshop.igel.wovodo.de\/cs\/wp-json\/wp\/v2\/product\/36572","targetHints":{"allow":["GET"]}}],"collection":[{"href":"https:\/\/testshop.igel.wovodo.de\/cs\/wp-json\/wp\/v2\/product"}],"about":[{"href":"https:\/\/testshop.igel.wovodo.de\/cs\/wp-json\/wp\/v2\/types\/product"}],"replies":[{"embeddable":true,"href":"https:\/\/testshop.igel.wovodo.de\/cs\/wp-json\/wp\/v2\/comments?post=36572"}],"version-history":[{"count":0,"href":"https:\/\/testshop.igel.wovodo.de\/cs\/wp-json\/wp\/v2\/product\/36572\/revisions"}],"wp:featuredmedia":[{"embeddable":true,"href":"https:\/\/testshop.igel.wovodo.de\/cs\/wp-json\/wp\/v2\/media\/36571"}],"wp:attachment":[{"href":"https:\/\/testshop.igel.wovodo.de\/cs\/wp-json\/wp\/v2\/media?parent=36572"}],"wp:term":[{"taxonomy":"product_brand","embeddable":true,"href":"https:\/\/testshop.igel.wovodo.de\/cs\/wp-json\/wp\/v2\/product_brand?post=36572"},{"taxonomy":"product_cat","embeddable":true,"href":"https:\/\/testshop.igel.wovodo.de\/cs\/wp-json\/wp\/v2\/product_cat?post=36572"},{"taxonomy":"product_tag","embeddable":true,"href":"https:\/\/testshop.igel.wovodo.de\/cs\/wp-json\/wp\/v2\/product_tag?post=36572"}],"curies":[{"name":"wp","href":"https:\/\/api.w.org\/{rel}","templated":true}]}}