{"id":36696,"date":"2024-12-03T18:15:41","date_gmt":"2024-12-03T17:15:41","guid":{"rendered":"https:\/\/testshop.igel.wovodo.de\/product\/airbrush-absauganlage-fuer-farbnebel-hobby-3\/"},"modified":"2025-01-27T12:32:52","modified_gmt":"2025-01-27T11:32:52","slug":"airbrush-absauganlage-fuer-farbnebel-hobby-3","status":"publish","type":"product","link":"https:\/\/testshop.igel.wovodo.de\/cs\/product\/airbrush-absauganlage-fuer-farbnebel-hobby-3\/","title":{"rendered":"Ods\u00e1vac\u00ed syst\u00e9m pro airbrush na mlhu z barvy HOBBY 3"},"content":{"rendered":"<div class=\"sale_application\">\n<ul>\n<li>Ods\u00e1vac\u00ed syst\u00e9m pro mlhu z laku s vym\u011bniteln\u00fdm filtrem<\/li>\n<\/ul>\n<\/div>\n<div class=\"sale_description\">\n<p>Kompakte, <b>sehr leise<\/b> Absauganlage zur Tischaufstellung f\u00fcr alle Arten von Spray-Arbeiten. Besonders gut geeignet f\u00fcr Airbrush und Farbauftrag aus Spr\u00fchdosen. Preiswerte und gute L\u00f6sung f\u00fcr Ihr Hobby. Optimal zum Bemalen von kleinen Teilen: Modellautos, Zinnsoldaten, Keramiken usw. Leicht transportabel mit Handgriff.<\/p>\n<p>Der zweiteilige flexible Entl\u00fcftungsschlauch l\u00e4sst sich bis zu 120 cm ausdehnen.<\/p>\n<p>Der Spr\u00fchnebel wird angesaugt, \u00fcber eine Filtermatte gereinigt und die Abluft ins Freie abgef\u00fchrt.<br \/><i>Nicht einsetzbar f\u00fcr das Absaugen von gef\u00e4hrlichen, explosiven oder entflammbaren Substanzen.<\/i><\/p>\n<p>Durch das hervorragende Absaugen von Staub und Farbe aus der Luft, minimiert die Absauganlage HOBBY 3 das potenzielle Gesundheitsrisiko durch das Einatmen von D\u00e4mpfen, Farbnebel und somit daraus resultierende Benommenheit oder auch Kopfschmerzen.<br \/>\nDar\u00fcber hinaus verhindert die Anlage unsch\u00f6ne Verschmutzungen des Kunstwerks sowie der Arbeitsumgebung und sorgt so f\u00fcr eine bessere Luftqualit\u00e4t und ein angenehmeres Arbeitsklima zu einem unschlagbaren Preis-Leistungs-Verh\u00e4ltnis.<br \/>\nDie Absauganlage HOBBY 3 liefert eine solide Leistung ab und entfernt Partikel aus der Luft zuverl\u00e4ssig. Ersparen Sie sich das unangenehme Arbeiten mit Mundmaske, Atmen und Arbeiten Sie frei!\n<\/p>\n<p><\/div>\n<h3>Mnoho dobr\u00fdch d\u016fvod\u016f, pro\u010d byste si m\u011bli koupit tento produkt:<\/h3>\n<div class=\"sale_motive\">\n<ul>\n<li><b>Filtert Staub und Farbe und minimiert das potenzielle Gesundheitsrisiko durch Einatmen<\/b><\/li>\n<li>H\u00e4lt Ihre Kunstwerke und die Arbeitsumgebung von Nebelablagerungen sauber<\/li>\n<li>Kompakte Absauganlage zur Tischaufstellung f\u00fcr alle Arten von Spray-Arbeiten<\/li>\n<li>Besonders gut geeignet f\u00fcr Airbrush und Farbauftrag aus Spr\u00fchdosen. Preiswerte und gute L\u00f6sung f\u00fcr Ihr Hobby<\/li>\n<li>Optimal zum Bemalen von kleinen Teilen: Modellautos, Zinnsoldaten, Keramiken usw.<\/li>\n<li>Der Spr\u00fchnebel wird angesaugt, \u00fcber einen Filter gereinigt und die Abluft ins Freie abgef\u00fchrt.<\/li>\n<li>Leicht und transportabel<\/li>\n<\/ul>\n<\/div>","protected":false},"excerpt":{"rendered":"<p>Ods\u00e1vac\u00ed syst\u00e9m pro mlhu z laku s vym\u011bniteln\u00fdm filtrem<\/p>","protected":false},"featured_media":37781,"comment_status":"open","ping_status":"closed","template":"","meta":[],"product_brand":[],"product_cat":[257,328,473,196,212,256],"product_tag":[],"class_list":{"0":"post-36696","1":"product","2":"type-product","3":"status-publish","4":"has-post-thumbnail","6":"product_cat-zubehoer-profi-airbrush","7":"product_cat-sets","8":"product_cat-kunstzeichnen-set","9":"product_cat-modellbau","10":"product_cat-airbrush-cosplay-set","11":"product_cat-zubehoer-airbrush","13":"first","14":"instock","15":"taxable","16":"shipping-taxable","17":"purchasable","18":"product-type-simple"},"_links":{"self":[{"href":"https:\/\/testshop.igel.wovodo.de\/cs\/wp-json\/wp\/v2\/product\/36696","targetHints":{"allow":["GET"]}}],"collection":[{"href":"https:\/\/testshop.igel.wovodo.de\/cs\/wp-json\/wp\/v2\/product"}],"about":[{"href":"https:\/\/testshop.igel.wovodo.de\/cs\/wp-json\/wp\/v2\/types\/product"}],"replies":[{"embeddable":true,"href":"https:\/\/testshop.igel.wovodo.de\/cs\/wp-json\/wp\/v2\/comments?post=36696"}],"version-history":[{"count":1,"href":"https:\/\/testshop.igel.wovodo.de\/cs\/wp-json\/wp\/v2\/product\/36696\/revisions"}],"predecessor-version":[{"id":38826,"href":"https:\/\/testshop.igel.wovodo.de\/cs\/wp-json\/wp\/v2\/product\/36696\/revisions\/38826"}],"wp:featuredmedia":[{"embeddable":true,"href":"https:\/\/testshop.igel.wovodo.de\/cs\/wp-json\/wp\/v2\/media\/37781"}],"wp:attachment":[{"href":"https:\/\/testshop.igel.wovodo.de\/cs\/wp-json\/wp\/v2\/media?parent=36696"}],"wp:term":[{"taxonomy":"product_brand","embeddable":true,"href":"https:\/\/testshop.igel.wovodo.de\/cs\/wp-json\/wp\/v2\/product_brand?post=36696"},{"taxonomy":"product_cat","embeddable":true,"href":"https:\/\/testshop.igel.wovodo.de\/cs\/wp-json\/wp\/v2\/product_cat?post=36696"},{"taxonomy":"product_tag","embeddable":true,"href":"https:\/\/testshop.igel.wovodo.de\/cs\/wp-json\/wp\/v2\/product_tag?post=36696"}],"curies":[{"name":"wp","href":"https:\/\/api.w.org\/{rel}","templated":true}]}}