{"id":39710,"date":"2025-01-22T15:43:42","date_gmt":"2025-01-22T14:43:42","guid":{"rendered":"https:\/\/testshop.igel.wovodo.de\/product\/adblue-tauchpumpe-top-multi-1-2\/"},"modified":"2025-01-29T14:13:34","modified_gmt":"2025-01-29T13:13:34","slug":"adblue-tauchpumpe-top-multi-1-2","status":"publish","type":"product","link":"https:\/\/testshop.igel.wovodo.de\/cs\/product\/adblue-tauchpumpe-top-multi-1-2\/","title":{"rendered":"Ponorn\u00e9 \u010derpadlo AdBlue\u00ae TOP MULTI 1"},"content":{"rendered":"<div class=\"sale_application\">\n<ul>\n<li>Umpumpen, Umf\u00fcllen, Entleeren von AdBlue\u00ae, Urea, anderen Harnstoffen, organischen S\u00e4uren, Wasser<\/li>\n<li>Ideal zum Einsatz in IBC-Tanks<\/li>\n<\/ul>\n<\/div>\n<div class=\"sale_description\">\n<p><span style=\"color: ff0000;\"><b>B-Ware:<\/b><\/span><\/p>\n<ul>\n<li>leichte optische Fehler (z.B. kleine Kratzer etc.)<\/li>\n<li>voll funktionsf\u00e4higes Produkt<\/li>\n<li>reduzierte gesetzliche Gew\u00e4hrleistung auf max. 1 Jahr<\/li>\n<\/ul>\n<p>&nbsp;<\/p>\n<p>Aus hochwertiger EU-Qualit\u00e4tsproduktion: Die <b>Ponorn\u00e9 \u010derpadlo AdBlue\u00ae TOP MULTI 1<\/b> besteht aus hochwertigen Komponenten und ist von erfahrenen Pumpentechnikern entwickelt worden. Motorantriebswelle, Motorgeh\u00e4use und Motorschutzplatte sind aus rostfreiem, robustem Edelstahl. Die Pumpe hat ein integriertes R\u00fcckschlagventil, einen kunststoffversiegelten Tragegriff und einen thermisch gesch\u00fctzten Motor und ist mit einer hochwertigen Doppel-Wellendichtung ausgestattet.<\/p>\n<p><iframe title=\"YouTube video player\" src=\"https:\/\/www.youtube-nocookie.com\/embed\/lyVQc0loXHk?si=KSbpkcRHWwmWCbOM&amp;rel=0\" width=\"560\" height=\"315\" frameborder=\"0\" allowfullscreen=\"allowfullscreen\"><\/iframe><\/p>\n<p>Die F\u00f6rdermenge der <b>Ponorn\u00e9 \u010derpadlo AdBlue\u00ae TOP MULTI 1<\/b> betr\u00e4gt bis zu 4.200 Liter pro Stunde.<\/p>\n<p>Die Tauchpumpe f\u00fcr Adblue\u00ae, Urea, Harnstoff und Wasser ist ideal f\u00fcr den Einsatz in einem IBC Container. Bitte beachten, dass die \u00d6ffnung des IBC-Tanks ggf. erweitert werden muss.<\/p>\n<p>AdBlue\u00ae besteht zu 32,5% aus Harnstoff und zu 67,5% aus demineralisiertem Wasser. AdBlue\u00ae ist geruchsfrei und nicht giftig, weder brennbar, explosiv noch umweltgef\u00e4hrdend.<\/p>\n<p><b>HINWEIS: *AdBlue, a registered trademark \/ eingetragenes Warenzeichen of \/ vom Verband der Automobilindustrie e. V.<\/b><\/p>\n<\/div>\n<h3>Mnoho dobr\u00fdch d\u016fvod\u016f, pro\u010d byste si m\u011bli koupit tento produkt:<\/h3>\n<div class=\"sale_motive\">\n<ul>\n<li>Solide, zuverl\u00e4ssige Adblue\u00ae-Tauchpumpe<\/li>\n<li><b>flachsaugend bis 25mm<\/b> \u00fcber dem Boden<\/li>\n<li>F\u00f6rdermenge max. 4.200L\/h<\/li>\n<li>Aus hochwertiger europ\u00e4ischer Fertigung &#8211; Made in Italy<\/li>\n<li>Motorgeh\u00e4use aus Edelstahl<\/li>\n<li>Motorantriebswelle aus Edelstahl<\/li>\n<li>Motorschutzplatte aus Edelstahl<\/li>\n<li>Thermisch gesch\u00fctzter Motor<\/li>\n<li>Doppel-Wellendichtung<\/li>\n<li>Kunststoffversiegelter Tragegriff f\u00fcr sichere Handhabung<\/li>\n<li>Integrierte R\u00fcckschlagklappe<\/li>\n<\/ul>\n<\/div>","protected":false},"excerpt":{"rendered":"<p><b>230V-Tauchpumpe<br \/>\nQmax 4.200L\/h | Hmax 27m<br \/>\n<\/b><\/p>\n<p><b><br \/>\nAus hochwertiger EU-Produktion!<\/b><\/p>","protected":false},"featured_media":31252,"comment_status":"open","ping_status":"closed","template":"","meta":[],"product_brand":[],"product_cat":[304],"product_tag":[],"class_list":{"0":"post-39710","1":"product","2":"type-product","3":"status-publish","4":"has-post-thumbnail","6":"product_cat-adblue-pumpen-sets","8":"first","9":"instock","10":"sale","11":"taxable","12":"shipping-taxable","13":"purchasable","14":"product-type-simple"},"_links":{"self":[{"href":"https:\/\/testshop.igel.wovodo.de\/cs\/wp-json\/wp\/v2\/product\/39710","targetHints":{"allow":["GET"]}}],"collection":[{"href":"https:\/\/testshop.igel.wovodo.de\/cs\/wp-json\/wp\/v2\/product"}],"about":[{"href":"https:\/\/testshop.igel.wovodo.de\/cs\/wp-json\/wp\/v2\/types\/product"}],"replies":[{"embeddable":true,"href":"https:\/\/testshop.igel.wovodo.de\/cs\/wp-json\/wp\/v2\/comments?post=39710"}],"version-history":[{"count":3,"href":"https:\/\/testshop.igel.wovodo.de\/cs\/wp-json\/wp\/v2\/product\/39710\/revisions"}],"predecessor-version":[{"id":40943,"href":"https:\/\/testshop.igel.wovodo.de\/cs\/wp-json\/wp\/v2\/product\/39710\/revisions\/40943"}],"wp:featuredmedia":[{"embeddable":true,"href":"https:\/\/testshop.igel.wovodo.de\/cs\/wp-json\/wp\/v2\/media\/31252"}],"wp:attachment":[{"href":"https:\/\/testshop.igel.wovodo.de\/cs\/wp-json\/wp\/v2\/media?parent=39710"}],"wp:term":[{"taxonomy":"product_brand","embeddable":true,"href":"https:\/\/testshop.igel.wovodo.de\/cs\/wp-json\/wp\/v2\/product_brand?post=39710"},{"taxonomy":"product_cat","embeddable":true,"href":"https:\/\/testshop.igel.wovodo.de\/cs\/wp-json\/wp\/v2\/product_cat?post=39710"},{"taxonomy":"product_tag","embeddable":true,"href":"https:\/\/testshop.igel.wovodo.de\/cs\/wp-json\/wp\/v2\/product_tag?post=39710"}],"curies":[{"name":"wp","href":"https:\/\/api.w.org\/{rel}","templated":true}]}}