{"id":29945,"date":"2024-10-31T14:04:28","date_gmt":"2024-10-31T13:04:28","guid":{"rendered":"https:\/\/testshop.igel.wovodo.de\/product\/profi-airbrush-set-carry-ii-rosa-ideal-fuer-einsteiger\/"},"modified":"2025-01-27T12:27:55","modified_gmt":"2025-01-27T11:27:55","slug":"profi-airbrush-set-carry-ii-rosa-ideal-fuer-einsteiger","status":"publish","type":"product","link":"https:\/\/testshop.igel.wovodo.de\/en\/product\/profi-airbrush-set-carry-ii-rosa-ideal-fuer-einsteiger\/","title":{"rendered":"Professional Airbrush Set Carry II Pink - ideal for beginners!"},"content":{"rendered":"<div class=\"sale_application\">\n<b><\/p>\n<p>Ideal for cosmetics &amp; beauty (airbrush nail art, makeup, hair coloring, hair care, spray tanning), body art (body painting, tattoo, mask design), hobby (flowers\/ flower arrangements, model making, ceramics\/ pottery, textiles), small car designs (gas caps\/ helmets), technical illustrations\/ photo touch-ups and food decoration (cakes\/ cupcakes). The possibilities for airbrushing are practically unlimited.<\/p>\n<p><\/b> <\/div>\n<div class=\"sale_description\">\n<p>This oil- and maintenance-free <b>Airbrush Kompressor Set Carry II Rose<\/b> ist f\u00fcr Arbeiten mit allen<br \/>\n  handels\u00fcblichen Airbrush Farben geeignet. Mit nur 47dB erm\u00f6glicht<br \/>\n  der Mini-Airbrush-Kompressor ein angenehmes Arbeiten auch in kleineren, geschlossenen R\u00e4umen (bitte f\u00fcr eine Farbnebelabsaugung sorgen).<\/p>\n<p>Das kompakte Design, das geringe Gewicht und die beiden integrierten Airbrush-Pistolen-Halter des Airbrush-Kompressors erleichtern den mobilen Einsatz. Dieser kompakte Airbrush-Kompressor ist perfekt geeignet, um kleinere Arbeiten unterwegs zu erledigen.<\/p>\n<p>Der Mini-Kompressor f\u00fcr Airbrush ist mit einer Top-Technik ausgestattet: Carry II verf\u00fcgt \u00fcber eine <b>5-Stufen-Kompressor-Leistung<\/b>, die leicht regulierbar sind. Auf diese Weise lassen sich Luft-Druck und Luft-Durchfluss der Airbrush-Anwendung bequem anpassen.<\/p>\n<p>Die Anwendungsgebiete gehen \u00fcber Nagel Design, Dekoration von<br \/>\n  Torten, Blumen und Gestecken, Makeup, Kosmetik, Body-Painting, Body Art, Spray Tanning,<br \/>\nNagelgestaltung, Tattoos, Haart\u00f6nung, Haarpflege, Maskengestaltung, Bemalung von Hobbyartikeln, Modelherstellung, Gestaltung von Keramik\/Tonwaren, Helm-Design, Textilen aller Art, T-shirt-, Koffer-, Taschen-, Jeans-, Motorrad, Kfz-, Tankdeckel-&#8230; Gestaltungen und h\u00f6ren bei technischen Illustrationen und Fotonachbesserung nicht auf. Es stehen Ihnen praktisch unbegrenzte M\u00f6glichkeiten f\u00fcr Airbrushing zur Verf\u00fcgung.<\/p>\n<p><strong>Bestellen Sie HIER das Zubeh\u00f6r zum SUPER-G\u00dcNSTIGEN Peis gleich mit und sparen noch die Versandkosten!<\/strong><\/p>\n<p><b>Die UNIVERSAL-Airbrush-Pistole <strong>&#8220;Double-Action-Gun 134s&#8221;<\/strong> ist einzigartig und einmalig f\u00fcr diese Preisklasse!<\/b><\/p>\n<p>Die Airbrush-Pistole &#8220;Double-Action-Gun 134s&#8221; mit 0,2mm \/ 0,3mm \/ 0,5mm NADEL\/D\u00dcSE Kombination und 2 verschiedenen Farbbeh\u00e4ltern (7ml und 22ml) ist besonders f\u00fcr den Beginner zum Kennenlernen der einzelnen Techniken und f\u00fcr ein z\u00fcgiges Arbeiten optimal geeignet. Damit lassen sich sowohl feine Linien ziehen, als auch gr\u00f6\u00dfere Fl\u00e4chen airbrushen. F\u00fcr gr\u00f6\u00dfere Farbmengen wird der 22ml-Glasbeh\u00e4lter und f\u00fcr kleinere Farbmengen der 7ccl Metallaufsatz verwendet. Mit der UNIVERSAL AIRBRUSH-PISTOLE DOUBLE-ACTION 134s macht das Hobby richtig Spa\u00df!<\/p>\n<p><strong>Bestellen Sie HIER das Zubeh\u00f6r zum SUPER-G\u00dcNSTIGEN Preis gleich mit und sparen noch die Versandkosten!<\/strong><\/p>\n<\/div>\n<h3>Many good reasons why you should buy this product:<\/h3>\n<div class=\"sale_motive\">\n<ul>\n<li><strong>vielf\u00e4ltige Einsatzgebiete mit Standard-Anforderungen<\/strong><\/li>\n<li><strong>in 5 Stufen leicht regelbare Kompressorleistung<\/strong><\/li>\n<li>Universal-Airbrush-Pistole mit 3 D\u00fcsen und 2 Farb-Beh\u00e4ltern<\/li>\n<li>Ideal for mobile use<\/li>\n<li>Transportable and quickly ready for use<\/li>\n<li>Single-Action Trigger Air-Paint-Control-Pistole<\/li>\n<li>\u00d6l- und wartungsfreier Kompressor<\/li>\n<li>Kompressor-Anschluss: T\u00fclle f\u00fcr Standardschlauch (passend f\u00fcr alle g\u00e4ngigen Airbrushpistolen)<\/li>\n<li><strong>fl\u00fcsterleiser Betrieb ca. 47dB<\/strong> (Zum Vergleich: ein normales Gespr\u00e4ch in 1m Abstand = 60dB)<\/li>\n<\/ul>\n<\/div>","protected":false},"excerpt":{"rendered":"<p>AIRBRUSH COMPRESSOR SET: Mini airbrush compressor CARRY II with <b>5-POWER-STUFFS<\/b>-Kompressor-Leistung (max. Druck 1,7 bar, max. Luftabgabemenge: 16 l\/min, Motorleistung: 12V\/ 10W) und der Airbrush-Pistole &#8220;Double-Action-Gun 134s&#8221;  mit 3er-Nadel-\/D\u00fcsen-Set und 2 Farbbeh\u00e4ltern<\/p>","protected":false},"featured_media":30919,"comment_status":"open","ping_status":"closed","template":"","meta":[],"product_brand":[],"product_cat":[190,192,193,185,189],"product_tag":[],"class_list":{"0":"post-29945","1":"product","2":"type-product","3":"status-publish","4":"has-post-thumbnail","6":"product_cat-mini-kompressor","7":"product_cat-airbrush-make-up-set","8":"product_cat-nailart-set","9":"product_cat-airbrush-sets","10":"product_cat-airbrush-kompressor","12":"first","13":"instock","14":"taxable","15":"shipping-taxable","16":"purchasable","17":"product-type-simple"},"_links":{"self":[{"href":"https:\/\/testshop.igel.wovodo.de\/en\/wp-json\/wp\/v2\/product\/29945","targetHints":{"allow":["GET"]}}],"collection":[{"href":"https:\/\/testshop.igel.wovodo.de\/en\/wp-json\/wp\/v2\/product"}],"about":[{"href":"https:\/\/testshop.igel.wovodo.de\/en\/wp-json\/wp\/v2\/types\/product"}],"replies":[{"embeddable":true,"href":"https:\/\/testshop.igel.wovodo.de\/en\/wp-json\/wp\/v2\/comments?post=29945"}],"version-history":[{"count":1,"href":"https:\/\/testshop.igel.wovodo.de\/en\/wp-json\/wp\/v2\/product\/29945\/revisions"}],"predecessor-version":[{"id":34567,"href":"https:\/\/testshop.igel.wovodo.de\/en\/wp-json\/wp\/v2\/product\/29945\/revisions\/34567"}],"wp:featuredmedia":[{"embeddable":true,"href":"https:\/\/testshop.igel.wovodo.de\/en\/wp-json\/wp\/v2\/media\/30919"}],"wp:attachment":[{"href":"https:\/\/testshop.igel.wovodo.de\/en\/wp-json\/wp\/v2\/media?parent=29945"}],"wp:term":[{"taxonomy":"product_brand","embeddable":true,"href":"https:\/\/testshop.igel.wovodo.de\/en\/wp-json\/wp\/v2\/product_brand?post=29945"},{"taxonomy":"product_cat","embeddable":true,"href":"https:\/\/testshop.igel.wovodo.de\/en\/wp-json\/wp\/v2\/product_cat?post=29945"},{"taxonomy":"product_tag","embeddable":true,"href":"https:\/\/testshop.igel.wovodo.de\/en\/wp-json\/wp\/v2\/product_tag?post=29945"}],"curies":[{"name":"wp","href":"https:\/\/api.w.org\/{rel}","templated":true}]}}