{"id":29961,"date":"2024-10-31T14:04:35","date_gmt":"2024-10-31T13:04:35","guid":{"rendered":"https:\/\/testshop.igel.wovodo.de\/product\/b-ware-solar-gartenbrunnen-elegantia-quellkugelbrunnen-mit-led-licht-und-li-ion-akku\/"},"modified":"2025-01-27T12:28:00","modified_gmt":"2025-01-27T11:28:00","slug":"b-ware-solar-gartenbrunnen-elegantia-quellkugelbrunnen-mit-led-licht-und-li-ion-akku","status":"publish","type":"product","link":"https:\/\/testshop.igel.wovodo.de\/en\/product\/b-ware-solar-gartenbrunnen-elegantia-quellkugelbrunnen-mit-led-licht-und-li-ion-akku\/","title":{"rendered":"B-Ware Solar Gartenbrunnen ELEGANTIA Quellkugelbrunnen mit LED-Licht und Li-Ion-Akku"},"content":{"rendered":"<div class=\"sale_application\">\n<p>Solarbetriebener Garten-Brunnen mit Li-Ion Akku und LED-Licht<\/p>\n<\/p><\/div>\n<div class=\"sale_description\"> <font color=\"FF0000\"><b>B-Ware:<\/b><\/p>\n<ul>\n<li>leichte optische Fehler (z.B. kleine Kratzer etc.)<\/li>\n<li>voll funktionsf\u00e4higes Produkt<\/li>\n<li>reduzierte gesetzliche Gew\u00e4hrleistung auf max. 1 Jahr<\/li>\n<\/ul>\n<p><\/font><\/p>\n<p>The <b>Solar Gartenbrunnen ELEGANTIA<\/b> kann auch Ihren Garten schm\u00fccken! Das flie\u00dfende Wasser wird bei diesem Gartenbrunnen nur durch die Kraft der Sonne bewegt. Die hochwertigen Komponenten bringen das Wasser in Bewegung, sobald das Sonnenlicht die Solarfl\u00e4che trifft. Je st\u00e4rker die Sonne, umso intensiver wird das Wasserspiel! Lassen Sie das beruhigende Rauschen des Wassers auf sich wirken. Dazu das im Sonnenlicht funkelnde Wasser macht diesen Solarbrunnen stets zu dem Blickfang in Ihrem Garten, auf dem Balkon oder der Terrasse. Durch das flie\u00dfende Wasser entsteht ein neues Wohlgef\u00fchl. An hei\u00dfen Sommertagen sorgt der Solar-Brunnen sogar f\u00fcr ein angenehmes Mikroklima.<\/p>\n<h2>Day and night operation<\/h2>\n<p>Die im Brunnen verbaute Solarpumpe ist f\u00fcr den Betrieb bei Tag aber auch bei Nacht ausgelegt. Dies ist nur m\u00f6glich durch den eingebauten Akku im Solarpanel. Der Akku l\u00e4dt sich bei Sonneneinstrahlung auf, wenn das Sonnenlicht auf das Solarpanel trifft. Wenn der Akku geladen ist, kann der Brunnen auch bei schlechten Lichtverh\u00e4ltnissen und nach dem Sonnenuntergang betrieben werden. Die maximale F\u00f6rderleistung wird bei optimalen Bedingungen erreicht, wie an einem Tag mit einer hohen Lichtintensit\u00e4t. Am n\u00e4chsten Tag schaltet sich die Pumpe automatisch in den Solarmodus, wenn gen\u00fcgend Licht vorhanden ist. Die Akku-Funktion kann aber auch ausgeschaltet werden.<\/p>\n<h2>Individual placement<\/h2>\n<p>Positionieren Sie diesen Solarbrunnen ganz nach Ihrem Geschmack. Da dieser Gartenbrunnen keine Steckdose ben\u00f6tigt, k\u00f6nnen Sie Ihn in jede Ecke ihres Gartens stellen. Sie sind v\u00f6llig frei in der Gestaltung Ihrer neuen Wohlf\u00fchlatmosph\u00e4re. Au\u00dferdem entf\u00e4llt das l\u00e4stige Verlegen des 230V-Kabels. Die Nutzung des Solarpanels spart ihnen nicht nur Stromkosten, sondern ist auch noch viel sicherer als eine 230V-Steckdose zu verwenden. Verschwenden Sie keine Nerven mehr durch besch\u00e4digte Kabel von Nagetieren und dadurch verursachten Stromausf\u00e4llen.<br \/>\nBitte bedenken Sie, dass das Solarpanel stets im vollen Sonnenlicht zu platzieren und auszurichten ist, da sonst keine Pumpenfunktion garantiert werden kann.<\/p>\n<p><strong>Product information on the Li-ion battery:<\/strong><\/p>\n<p>The innovative Li-ion batteries have no memory effect. This is particularly important for frequent charging and discharging processes, such as with solar pond pumps, in order to ensure long-term battery life. <strong>Optimum battery capacity<\/strong> to achieve. The Li-Ion batteries are much better at withstanding temperature fluctuations than conventional batteries. You can expect a longer-lasting and livelier water feature. The solar fountain starts to function automatically as soon as it is fully charged! As <strong>Protection against deep discharge<\/strong> the system switches off automatically when the minimum final charge level is reached. <strong>No battery change required!<\/strong> <b><font color=\"#048610\">Insgesamt haben die Li-Ion-Akkus im Vergleich zu herk\u00f6mmlichen Akkus eine 3 Mal l\u00e4ngere Laufzeit und eine bis zu 10-FACHE Lebensdauer beim Betrieb mit Solarteichpumpen!<\/font><\/b><\/p>\n<p style=\"font-size:11px;\"><b>Legal notice:<\/b> Our products are individually colored by hand, so color deviations cannot be avoided. Furthermore, due to the lighting conditions during product photography and different screen settings, the color of the product may not be reproduced authentically and is therefore not a reason for complaint.<\/p>\n<p><p><b>Note:<\/b> Frost kann zu Sch\u00e4den am Gartenbrunnen und der Pumpe f\u00fchren. Bei Frostgefahr muss der <b>Gartenbrunnen und die Pumpe entleert werden<\/b>, mit klarem Wasser gesp\u00fclt und trocken eingelagert werden. Dann haben Sie sehr lange Freude daran!<\/p>\n<\/div>\n<h3>Many good reasons why you should buy this product:<\/h3>\n<div class=\"sale_motive\">\n<ul>\n<li>Steckfertiges Solarpumpensystem &#8211; <strong>sofort einsatzbereit<\/strong><\/li>\n<li>1 Jahre Garantie*, Lebensdauer \u00fcber 60.000 Betriebsstunden<\/li>\n<li><strong>Day and night operation<\/strong> durch Solar- und Akku-Betrieb<\/li>\n<li>Mit LED-Licht f\u00fcr den Nachtbetrieb<\/li>\n<li>F\u00fcr <strong>Garden<\/strong>, dem <strong>Balcony<\/strong> oder die <strong>Terrace<\/strong><\/li>\n<li>Hochwertiges Solarpanel im <strong>sturdy, break-proof ALU FRAME<\/strong> with an output of 2 watts<\/li>\n<li>Es wird kein zus\u00e4tzlicher Strom verbraucht &#8211; Betrieb ohne Folgekosten<\/li>\n<li>Das Verlegen von 230V-Kabeln im Garten entf\u00e4llt<\/li>\n<li>Integrierter Filter sch\u00fctzt die Pumpe (l\u00e4sst sich leicht reinigen)<\/li>\n<li><strong>Sch\u00f6nes Design &#8211; der perfekte Blickfang!<\/strong><\/li>\n<li>Einstellbarer Winkel des Solarmoduls und 5 Meter Anschlusskabel machen eine optimale Platzierung des Panels im sonnigen Bereich m\u00f6glich<\/li>\n<\/ul>\n<p>*Garantie gilt nur f\u00fcr die Teichpumpe, nicht f\u00fcr das Solarpanel oder die Kabel.<\/p>\n<\/div>","protected":false},"excerpt":{"rendered":"<p>Hochwertiges, solarbetriebenes Pumpensystem f\u00fcr den Au\u00dfenbereich &#8211; mit LED-Beleuchtung.<br \/>\nMachen Sie Ihren Garten besonders!<br \/>Day and night operation!<\/p>","protected":false},"featured_media":39445,"comment_status":"open","ping_status":"closed","template":"","meta":[],"product_brand":[],"product_cat":[181,177,179,180],"product_tag":[],"class_list":{"0":"post-29961","1":"product","2":"type-product","3":"status-publish","4":"has-post-thumbnail","6":"product_cat-mit-solar","7":"product_cat-b-ware-gartenbrunnen","8":"product_cat-b-ware-garten-u-zimmer-brunnen","9":"product_cat-winter-angebote","11":"first","12":"instock","13":"sale","14":"taxable","15":"shipping-taxable","16":"purchasable","17":"product-type-simple"},"_links":{"self":[{"href":"https:\/\/testshop.igel.wovodo.de\/en\/wp-json\/wp\/v2\/product\/29961","targetHints":{"allow":["GET"]}}],"collection":[{"href":"https:\/\/testshop.igel.wovodo.de\/en\/wp-json\/wp\/v2\/product"}],"about":[{"href":"https:\/\/testshop.igel.wovodo.de\/en\/wp-json\/wp\/v2\/types\/product"}],"replies":[{"embeddable":true,"href":"https:\/\/testshop.igel.wovodo.de\/en\/wp-json\/wp\/v2\/comments?post=29961"}],"version-history":[{"count":2,"href":"https:\/\/testshop.igel.wovodo.de\/en\/wp-json\/wp\/v2\/product\/29961\/revisions"}],"predecessor-version":[{"id":38634,"href":"https:\/\/testshop.igel.wovodo.de\/en\/wp-json\/wp\/v2\/product\/29961\/revisions\/38634"}],"wp:featuredmedia":[{"embeddable":true,"href":"https:\/\/testshop.igel.wovodo.de\/en\/wp-json\/wp\/v2\/media\/39445"}],"wp:attachment":[{"href":"https:\/\/testshop.igel.wovodo.de\/en\/wp-json\/wp\/v2\/media?parent=29961"}],"wp:term":[{"taxonomy":"product_brand","embeddable":true,"href":"https:\/\/testshop.igel.wovodo.de\/en\/wp-json\/wp\/v2\/product_brand?post=29961"},{"taxonomy":"product_cat","embeddable":true,"href":"https:\/\/testshop.igel.wovodo.de\/en\/wp-json\/wp\/v2\/product_cat?post=29961"},{"taxonomy":"product_tag","embeddable":true,"href":"https:\/\/testshop.igel.wovodo.de\/en\/wp-json\/wp\/v2\/product_tag?post=29961"}],"curies":[{"name":"wp","href":"https:\/\/api.w.org\/{rel}","templated":true}]}}