{"id":29978,"date":"2024-10-31T14:04:48","date_gmt":"2024-10-31T13:04:48","guid":{"rendered":"https:\/\/testshop.igel.wovodo.de\/product\/airbrushpistole-profi-airbrush-double-action-gun-134-d-03-mit-druckluftschlauch\/"},"modified":"2025-01-27T12:28:04","modified_gmt":"2025-01-27T11:28:04","slug":"airbrushpistole-profi-airbrush-double-action-gun-134-d-03-mit-druckluftschlauch","status":"publish","type":"product","link":"https:\/\/testshop.igel.wovodo.de\/en\/product\/airbrushpistole-profi-airbrush-double-action-gun-134-d-03-mit-druckluftschlauch\/","title":{"rendered":"Airbrushpistole Profi-AirBrush Double-Action-Gun 134 D 0,3 mit Druckluftschlauch"},"content":{"rendered":"<div class=\"sale_application\">\n<b><\/p>\n<p>Ideal for cosmetics &amp; beauty (airbrush nail art, makeup, hair coloring, hair care, spray tanning), body art (body painting, tattoo, mask design), hobby (flowers\/ flower arrangements, model making, ceramics\/ pottery, textiles), small car designs (gas caps\/ helmets), technical illustrations\/ photo touch-ups and food decoration (cakes\/ cupcakes). The possibilities for airbrushing are practically unlimited.<\/p>\n<p><\/b> <\/div>\n<div class=\"sale_description\">\n<p>Die Airbrush-Pistole <strong>&#8220;Gravity Double-Action-Gun 134 D 0,3&#8221;<\/strong> ist ein Zweistoff-Zerst\u00e4uber, der nach dem Prinzip einer Strahlpumpe arbeitet, wobei Druckluft als Treibmittel verwendet wird.<br \/>\n  In Abh\u00e4ngigkeit von der St\u00e4rke des Luftstroms und der Menge der Farbe, kann man mit einer Airbushpistole feinste Linien, aber auch gro\u00dfe Fl\u00e4chen malen. Man kann Farbe deckend aufspr\u00fchen, aber auch einen transparenten Farbfilm airbrushen.<\/p>\n<p>Bei einer Double-Action Airbrush werden Luft und Farbmenge mit einem Hebel gesteuert. Durch das Herunterdr\u00fccken des Hebels wird die Luftzufuhr reguliert, durch das gleichzeitige Zur\u00fcckziehen des Hebels wird die Farbmenge variiert. Die maximale Farbmenge kann hinten an der R\u00e4ndelschraube (Farbmengen-Regulierschraube) eingestellt werden.<\/p>\n<p>Bei der internen Farbmischung erfolgt die Zusammenf\u00fchrung von Luft und Farbe direkt im Luftstrom und in oder unmittelbar vor der Pistole. Die Technik ist aufwendiger und teurer, liefert aber ein wesentlich besseres Spritzbild. Die 0,3mm D\u00fcse gestattet Arbeiten bis auf Haarliniengenauigkeit. <\/p>\n<p>Die Spr\u00fchpistole bringt 1 Metal- und 1 Glasfarbmischer mit, was einen schnellen Farbwechsel gew\u00e4hrleistet. Der Metallbeh\u00e4lter kann seitlich an der Spr\u00fchpistole platziert werden.<\/p>\n<\/div>\n<h3>Many good reasons why you should buy this product:<\/h3>\n<div class=\"sale_motive\">\n<ul>\n<li>Extensive accessories <\/li>\n<li class=\"high\">brillantes Spritzbild<\/li>\n<li>solide Verarbeitung<\/li>\n<li>Metall-Farbbeh\u00e4lter mit 7ml und ein Glasfarbbeh\u00e4lter mit 22ml und Deckel erm\u00f6glichen einen schnellen Farbwechsel<\/li>\n<li>zukunftsorientierte Bauweise <\/li>\n<li>formsch\u00f6nes Design <\/li>\n<li>Easy handling<\/li>\n<\/ul>\n<\/div>","protected":false},"excerpt":{"rendered":"<p>Ideal f\u00fcr Kosmetik &#038; Beauty (Airbrush Nail-Art, Makeup, Haart\u00f6nung, Haarpflege, Spray Tanning), K\u00f6rper-Kunst (Body-Painting, Tattoo, Maskengestaltung), Hobby (Blumen\/ Gestecke, Modellbau,<\/p>","protected":false},"featured_media":31097,"comment_status":"open","ping_status":"closed","template":"","meta":[],"product_brand":[],"product_cat":[209,210],"product_tag":[],"class_list":{"0":"post-29978","1":"product","2":"type-product","3":"status-publish","4":"has-post-thumbnail","6":"product_cat-airbrush-pistolen-set","7":"product_cat-airbrushpistolen-set","9":"first","10":"instock","11":"taxable","12":"shipping-taxable","13":"purchasable","14":"product-type-simple"},"_links":{"self":[{"href":"https:\/\/testshop.igel.wovodo.de\/en\/wp-json\/wp\/v2\/product\/29978","targetHints":{"allow":["GET"]}}],"collection":[{"href":"https:\/\/testshop.igel.wovodo.de\/en\/wp-json\/wp\/v2\/product"}],"about":[{"href":"https:\/\/testshop.igel.wovodo.de\/en\/wp-json\/wp\/v2\/types\/product"}],"replies":[{"embeddable":true,"href":"https:\/\/testshop.igel.wovodo.de\/en\/wp-json\/wp\/v2\/comments?post=29978"}],"version-history":[{"count":1,"href":"https:\/\/testshop.igel.wovodo.de\/en\/wp-json\/wp\/v2\/product\/29978\/revisions"}],"predecessor-version":[{"id":34600,"href":"https:\/\/testshop.igel.wovodo.de\/en\/wp-json\/wp\/v2\/product\/29978\/revisions\/34600"}],"wp:featuredmedia":[{"embeddable":true,"href":"https:\/\/testshop.igel.wovodo.de\/en\/wp-json\/wp\/v2\/media\/31097"}],"wp:attachment":[{"href":"https:\/\/testshop.igel.wovodo.de\/en\/wp-json\/wp\/v2\/media?parent=29978"}],"wp:term":[{"taxonomy":"product_brand","embeddable":true,"href":"https:\/\/testshop.igel.wovodo.de\/en\/wp-json\/wp\/v2\/product_brand?post=29978"},{"taxonomy":"product_cat","embeddable":true,"href":"https:\/\/testshop.igel.wovodo.de\/en\/wp-json\/wp\/v2\/product_cat?post=29978"},{"taxonomy":"product_tag","embeddable":true,"href":"https:\/\/testshop.igel.wovodo.de\/en\/wp-json\/wp\/v2\/product_tag?post=29978"}],"curies":[{"name":"wp","href":"https:\/\/api.w.org\/{rel}","templated":true}]}}