{"id":29981,"date":"2024-10-31T14:04:50","date_gmt":"2024-10-31T13:04:50","guid":{"rendered":"https:\/\/testshop.igel.wovodo.de\/product\/b-ware-solar-gartenbrunnen-wasserspielgranitschalen-kaskade-3-mit-led-licht-und-li-ion-akku\/"},"modified":"2025-01-27T12:28:06","modified_gmt":"2025-01-27T11:28:06","slug":"b-ware-solar-gartenbrunnen-wasserspielgranitschalen-kaskade-3-mit-led-licht-und-li-ion-akku","status":"publish","type":"product","link":"https:\/\/testshop.igel.wovodo.de\/en\/product\/b-ware-solar-gartenbrunnen-wasserspielgranitschalen-kaskade-3-mit-led-licht-und-li-ion-akku\/","title":{"rendered":"B-Ware Solar &#8211; Gartenbrunnen &amp; Wasserspiel\n&#8220;GRANITSCHALEN-KASKADE-3&#8221; mit LED-Licht und Li-Ion-Akku"},"content":{"rendered":"<div class=\"sale_application\">\n<p>Solarbetriebener Garten-Brunnen mit Li-Ion Akku und LED-Lichter<\/p>\n<\/p><\/div>\n<div class=\"sale_description\"> <font color=\"FF0000\"><b>B-Ware:<\/b><\/p>\n<ul>\n<li>leichte optische Fehler (z.B. kleine Kratzer etc.)<\/li>\n<li>voll funktionsf\u00e4higes Produkt<\/li>\n<li>reduzierte gesetzliche Gew\u00e4hrleistung auf max. 1 Jahr<\/li>\n<\/ul>\n<p><\/font><\/p>\n<p>Der klassische <b>Solar-Gartenbrunnen &#8220;GRANITSCHALEN-KASKADE-3&#8221;<\/b> ist f\u00fcr den Garten, Balkon oder die Terrasse perfekt geeignet. Er wertet jede Umgebung auf und das flie\u00dfende Wasser wirkt sich positiv auf die Stimmung aus. Durch das vorhandene Solarpanel wird die Kraft der Sonne in flie\u00dfendes Wasser umgesetzt. Die hochwertigen Komponenten des Solarbrunnens bringen das Wasser in Bewegung, sobald das Sonnenlicht die Solarfl\u00e4che erreicht. Je st\u00e4rker die Sonne, umso intensiver wird das Wasserspiel! Das beruhigende Rauschen des Wassers gibt jedem Garten eine besondere Note und das im Sonnenlicht funkelnde Wasser ist stets der perfekte Blickfang. Das flie\u00dfende Wasser sorgt f\u00fcr noch mehr Wohlgef\u00fchl in Ihrem Garten und f\u00fcr ein angenehmes Mikroklima an hei\u00dfen Sommertagen.<\/p>\n<h4>Solar-Gartenbrunnen &#8220;GRANITSCHALEN-KASKADE-3&#8221; &#8211; Ihr neues Lieblingsst\u00fcck im Garten!<\/h4>\n<p>Das innovative Solar-Pumpensystem garantiert Ihnen jahrelange Freude. Es hat eine Lebensdauer \u00fcber 60.000 Stunden, in denen Sie die sch\u00f6nen Wasserl\u00e4ufe bewundern k\u00f6nnen, ohne an die stetig wachsenden Strompreise denken zu m\u00fcssen.<\/p>\n<p><b>Individual placement<\/b><\/p>\n<p>Platzieren Sie diesen Solarbrunnen einfach an einer beliebigen Stelle in Ihrem Garten. Durch das einfache Steckprinzip und dem Solarpanel ist er schnell aufgebaut. Ein weiterer Vorteil ist, dass Sie an keine Steckdose gebunden sind und das l\u00e4stige Verlegen des 230V-Kabels entf\u00e4llt. Kein \u00c4rger mehr mit den durch Nagetiere besch\u00e4digten Kabeln und dadurch verursachten Stromausf\u00e4llen. Au\u00dferdem k\u00f6nnen Sie das Solarsystem nach Ihrem Geschmack effektvoll positionieren. Der Gebrauch des Solarpanels ist auch die sichere Alternative zu der 230V Steckdose. Bitte bedenken Sie, dass das Solarpanel stets im vollen Sonnenlicht zu platzieren und auszurichten ist, da sonst keine Pumpenfunktion garantiert werden kann.<\/p>\n<p><strong>Product information on the Li-ion battery:<\/strong><\/p>\n<p>The innovative Li-ion batteries have no memory effect. This is particularly important for frequent charging and discharging processes, such as with solar pond pumps, in order to ensure long-term battery life. <strong>Optimum battery capacity<\/strong> to achieve. The Li-Ion batteries are much better at withstanding temperature fluctuations than conventional batteries. You can expect a longer-lasting and livelier water feature. The solar fountain starts to function automatically as soon as it is fully charged! As <strong>Protection against deep discharge<\/strong> the system switches off automatically when the minimum final charge level is reached. <strong>No battery change required!<\/strong> <b><font color=\"#048610\">Overall, the Li-Ion batteries have a 3 times longer service life compared to conventional batteries and up to 10 TIMES the service life when used with solar pond pumps!<\/font><\/b><\/p>\n<p style=\"font-size:11px;\"><b>Legal notice:<\/b> Our products are individually colored by hand, so color deviations cannot be avoided. Furthermore, due to the lighting conditions during product photography and different screen settings, the color of the product may not be reproduced authentically and is therefore not a reason for complaint.<\/p>\n<p><p><b>Note:<\/b> Frost kann zu Sch\u00e4den am Gartenbrunnen und der Pumpe f\u00fchren. Bei Frostgefahr muss der <b>Gartenbrunnen und die Pumpe entleert werden<\/b>, mit klarem Wasser gesp\u00fclt und trocken eingelagert werden. Dann haben Sie sehr lange Freude daran!<\/p>\n<\/p><\/div>\n<h3>Many good reasons why you should buy this product:<\/h3>\n<div class=\"sale_motive\">\n<ul>\n<li>Steckfertiges Solarpumpensystem &#8211; <strong>sofort einsatzbereit<\/strong><\/li>\n<li>1 Jahre Garantie*, Lebensdauer \u00fcber 60.000 Betriebsstunden<\/li>\n<li><strong>Day and night operation<\/strong> durch Solar- und Akku-Betrieb<\/li>\n<li>Mit LED-Licht f\u00fcr den Nachtbetrieb<\/li>\n<li>Geeignet f\u00fcr <strong>Garden<\/strong>, <strong>Balcony<\/strong> and <strong>Terrace<\/strong><\/li>\n<li>Hochwertiges Solarpanel mit einer Leistung von 3 Watt<\/li>\n<li>Es wird kein zus\u00e4tzlicher Strom verbraucht &#8211; Betrieb ohne Folgekosten<\/li>\n<li>Integrierter Filter sch\u00fctzt die Pumpe (l\u00e4sst sich leicht reinigen)<\/li>\n<li><strong>Sch\u00f6nes Design &#8211; der perfekte Blickfang!<\/strong><\/li>\n<\/ul>\n<p>*Garantie gilt nur f\u00fcr die Teichpumpe, nicht f\u00fcr das Solarpanel oder die Kabel.<\/p>\n<\/div>","protected":false},"excerpt":{"rendered":"<p>Hochwertiges, solarbetriebenes Pumpensystem f\u00fcr den Au\u00dfenbereich &#8211; mit LED-Beleuchtung.<br \/>\nDer perfekte Blickfang im Garten!<br \/>Day and night operation!<\/p>","protected":false},"featured_media":39452,"comment_status":"open","ping_status":"closed","template":"","meta":[],"product_brand":[],"product_cat":[181,177,179,180],"product_tag":[],"class_list":{"0":"post-29981","1":"product","2":"type-product","3":"status-publish","4":"has-post-thumbnail","6":"product_cat-mit-solar","7":"product_cat-b-ware-gartenbrunnen","8":"product_cat-b-ware-garten-u-zimmer-brunnen","9":"product_cat-winter-angebote","11":"first","12":"instock","13":"sale","14":"taxable","15":"shipping-taxable","16":"purchasable","17":"product-type-simple"},"_links":{"self":[{"href":"https:\/\/testshop.igel.wovodo.de\/en\/wp-json\/wp\/v2\/product\/29981","targetHints":{"allow":["GET"]}}],"collection":[{"href":"https:\/\/testshop.igel.wovodo.de\/en\/wp-json\/wp\/v2\/product"}],"about":[{"href":"https:\/\/testshop.igel.wovodo.de\/en\/wp-json\/wp\/v2\/types\/product"}],"replies":[{"embeddable":true,"href":"https:\/\/testshop.igel.wovodo.de\/en\/wp-json\/wp\/v2\/comments?post=29981"}],"version-history":[{"count":2,"href":"https:\/\/testshop.igel.wovodo.de\/en\/wp-json\/wp\/v2\/product\/29981\/revisions"}],"predecessor-version":[{"id":38642,"href":"https:\/\/testshop.igel.wovodo.de\/en\/wp-json\/wp\/v2\/product\/29981\/revisions\/38642"}],"wp:featuredmedia":[{"embeddable":true,"href":"https:\/\/testshop.igel.wovodo.de\/en\/wp-json\/wp\/v2\/media\/39452"}],"wp:attachment":[{"href":"https:\/\/testshop.igel.wovodo.de\/en\/wp-json\/wp\/v2\/media?parent=29981"}],"wp:term":[{"taxonomy":"product_brand","embeddable":true,"href":"https:\/\/testshop.igel.wovodo.de\/en\/wp-json\/wp\/v2\/product_brand?post=29981"},{"taxonomy":"product_cat","embeddable":true,"href":"https:\/\/testshop.igel.wovodo.de\/en\/wp-json\/wp\/v2\/product_cat?post=29981"},{"taxonomy":"product_tag","embeddable":true,"href":"https:\/\/testshop.igel.wovodo.de\/en\/wp-json\/wp\/v2\/product_tag?post=29981"}],"curies":[{"name":"wp","href":"https:\/\/api.w.org\/{rel}","templated":true}]}}