{"id":29997,"date":"2024-10-31T14:04:58","date_gmt":"2024-10-31T13:04:58","guid":{"rendered":"https:\/\/testshop.igel.wovodo.de\/product\/pumpe-bau-star-4000-4\/"},"modified":"2025-01-27T12:28:10","modified_gmt":"2025-01-27T11:28:10","slug":"pumpe-bau-star-4000-4","status":"publish","type":"product","link":"https:\/\/testshop.igel.wovodo.de\/en\/product\/pumpe-bau-star-4000-4\/","title":{"rendered":"BAU-Star 4000-4 pump"},"content":{"rendered":"<div class=\"sale_application\">\n<ul>\n<li>perfekt zum Auspumpen \u00fcberschwemmter Fl\u00e4chen!\n<\/li>\n<li>Schmutzwasser-Tauchpumpe (Partikelgr\u00f6\u00dfe bis 35 mm)\n<\/li>\n<li>in der Industrie, auf der Farm oder im Haushalt\n<\/li>\n<li>Aus- und Umpumpen von gro\u00dfen Wasseransammlungen in Baugruben\n<\/li>\n<li>zur Kellerentw\u00e4sserung\n<\/li>\n<li>Umw\u00e4lzen von gro\u00dfen Wasseransammlungen\n<\/li>\n<li>zur Entw\u00e4sserung von Teichen, Wasserl\u00f6chern bzw. Wassergruben\n<\/li>\n<li>Beh\u00e4lter-Umf\u00fcllung<\/li>\n<\/ul><\/div>\n<div class=\"sale_description\">\n<p>Die Bau-Star 4000-4 ist eine Abwasser-\/Schmutzwasser-Tauchpumpe, die mit verschlei\u00dfarmem Asynchronmotor und Gleitringdichtungen ausgestattet ist. Laufrad und Spiralgeh\u00e4use sind speziell f\u00fcr die Schmutzwasserpumpe entwickelt und sorgen f\u00fcr ein optimales Zusammenspiel bei der Bew\u00e4ltigung der hohen Anforderungen im Schmutzwasserbereich. Durch den integrierte Zug\u00f6se ist sie mobil und schnell einsatzbereit. Mit einer maximalen Partikelgr\u00f6\u00dfe von 35 mm hat sie einen noch gr\u00f6\u00dferen Anwendungsbereich.<\/p>\n<\/div>\n<h3>Many good reasons why you should buy this product:<\/h3>\n<div class=\"sale_motive\">\n<ul>\n<li>extrem robuste, stabile Ausf\u00fchrung durch spezielles Geh\u00e4use und Laufrad\n<li>F\u00f6rdermenge von 60.000l\/h bei einer Leistungsaufnahme von 4000 Watt\n<li>hoher Druck (max. 1bar) bei hohen F\u00f6rdermengen\n<li>max. Partikelgr\u00f6\u00dfe von 35mm und pH-Wert zwischen 4 &#8211; 10\n<li>Transportable and quickly ready for use\n<li>integrierter Motorschutzschalter (\u00dcberhitzungsschutz)\n<li>durch einen Hochwertigen Asynchronmotor wesentlich h\u00f6here Lebensdauer <\/div>","protected":false},"excerpt":{"rendered":"<p>perfekt zum Auspumpen \u00fcberschwemmter Fl\u00e4chen! Schmutzwasser-Tauchpumpe (Partikelgr\u00f6\u00dfe bis 35 mm) in der Industrie, auf der Farm oder im Haushalt Aus-<\/p>","protected":false},"featured_media":39820,"comment_status":"open","ping_status":"closed","template":"","meta":[],"product_brand":[],"product_cat":[279],"product_tag":[],"class_list":{"0":"post-29997","1":"product","2":"type-product","3":"status-publish","4":"has-post-thumbnail","6":"product_cat-schmutzwasserpumpe","8":"first","9":"instock","10":"sale","11":"taxable","12":"shipping-taxable","13":"purchasable","14":"product-type-simple"},"_links":{"self":[{"href":"https:\/\/testshop.igel.wovodo.de\/en\/wp-json\/wp\/v2\/product\/29997","targetHints":{"allow":["GET"]}}],"collection":[{"href":"https:\/\/testshop.igel.wovodo.de\/en\/wp-json\/wp\/v2\/product"}],"about":[{"href":"https:\/\/testshop.igel.wovodo.de\/en\/wp-json\/wp\/v2\/types\/product"}],"replies":[{"embeddable":true,"href":"https:\/\/testshop.igel.wovodo.de\/en\/wp-json\/wp\/v2\/comments?post=29997"}],"version-history":[{"count":1,"href":"https:\/\/testshop.igel.wovodo.de\/en\/wp-json\/wp\/v2\/product\/29997\/revisions"}],"predecessor-version":[{"id":34619,"href":"https:\/\/testshop.igel.wovodo.de\/en\/wp-json\/wp\/v2\/product\/29997\/revisions\/34619"}],"wp:featuredmedia":[{"embeddable":true,"href":"https:\/\/testshop.igel.wovodo.de\/en\/wp-json\/wp\/v2\/media\/39820"}],"wp:attachment":[{"href":"https:\/\/testshop.igel.wovodo.de\/en\/wp-json\/wp\/v2\/media?parent=29997"}],"wp:term":[{"taxonomy":"product_brand","embeddable":true,"href":"https:\/\/testshop.igel.wovodo.de\/en\/wp-json\/wp\/v2\/product_brand?post=29997"},{"taxonomy":"product_cat","embeddable":true,"href":"https:\/\/testshop.igel.wovodo.de\/en\/wp-json\/wp\/v2\/product_cat?post=29997"},{"taxonomy":"product_tag","embeddable":true,"href":"https:\/\/testshop.igel.wovodo.de\/en\/wp-json\/wp\/v2\/product_tag?post=29997"}],"curies":[{"name":"wp","href":"https:\/\/api.w.org\/{rel}","templated":true}]}}