{"id":30013,"date":"2024-10-31T14:05:12","date_gmt":"2024-10-31T13:05:12","guid":{"rendered":"https:\/\/testshop.igel.wovodo.de\/product\/anschluss-set-dn50-fuer-fallrohrfilter-t50-grau\/"},"modified":"2025-01-27T12:28:15","modified_gmt":"2025-01-27T11:28:15","slug":"anschluss-set-dn50-fuer-fallrohrfilter-t50-grau","status":"publish","type":"product","link":"https:\/\/testshop.igel.wovodo.de\/en\/product\/anschluss-set-dn50-fuer-fallrohrfilter-t50-grau\/","title":{"rendered":"Anschluss-Set DN50 f\u00fcr Fallrohrfilter T50 grau"},"content":{"rendered":"<div class=\"sale_description\">\n<p>Mit diesem Set kann man unseren Fallrohrfilter T50 an eine Regentonne anschlie\u00dfen.<\/p><\/div>\n<h3>Many good reasons why you should buy this product:<\/h3>\n<div class=\"sale_motive\">\n<ul>\n<li>Komplettes Verbindungs-Set f\u00fcr den Anschlu\u00df eines T50 Filters an eine Regentonne (Schlauchl\u00e4nge ca. 55cm)\n<li>inkl. Wanddurchf\u00fchrungen\n<li>inkl. Reduzierung DN50<\/div>","protected":false},"excerpt":{"rendered":"<p>Mit diesem Set kann man unseren Fallrohrfilter T50 an eine Regentonne anschlie\u00dfen. Viele gute Gr\u00fcnde, warum Sie dieses Produkt kaufen<\/p>","protected":false},"featured_media":31240,"comment_status":"open","ping_status":"closed","template":"","meta":[],"product_brand":[],"product_cat":[285,282,302],"product_tag":[],"class_list":{"0":"post-30013","1":"product","2":"type-product","3":"status-publish","4":"has-post-thumbnail","6":"product_cat-fallrohr-filter","7":"product_cat-zubehoer-regentonnen","8":"product_cat-zubehoer-regentonnen-regentonne24","10":"first","11":"instock","12":"taxable","13":"shipping-taxable","14":"purchasable","15":"product-type-simple"},"_links":{"self":[{"href":"https:\/\/testshop.igel.wovodo.de\/en\/wp-json\/wp\/v2\/product\/30013","targetHints":{"allow":["GET"]}}],"collection":[{"href":"https:\/\/testshop.igel.wovodo.de\/en\/wp-json\/wp\/v2\/product"}],"about":[{"href":"https:\/\/testshop.igel.wovodo.de\/en\/wp-json\/wp\/v2\/types\/product"}],"replies":[{"embeddable":true,"href":"https:\/\/testshop.igel.wovodo.de\/en\/wp-json\/wp\/v2\/comments?post=30013"}],"version-history":[{"count":1,"href":"https:\/\/testshop.igel.wovodo.de\/en\/wp-json\/wp\/v2\/product\/30013\/revisions"}],"predecessor-version":[{"id":34633,"href":"https:\/\/testshop.igel.wovodo.de\/en\/wp-json\/wp\/v2\/product\/30013\/revisions\/34633"}],"wp:featuredmedia":[{"embeddable":true,"href":"https:\/\/testshop.igel.wovodo.de\/en\/wp-json\/wp\/v2\/media\/31240"}],"wp:attachment":[{"href":"https:\/\/testshop.igel.wovodo.de\/en\/wp-json\/wp\/v2\/media?parent=30013"}],"wp:term":[{"taxonomy":"product_brand","embeddable":true,"href":"https:\/\/testshop.igel.wovodo.de\/en\/wp-json\/wp\/v2\/product_brand?post=30013"},{"taxonomy":"product_cat","embeddable":true,"href":"https:\/\/testshop.igel.wovodo.de\/en\/wp-json\/wp\/v2\/product_cat?post=30013"},{"taxonomy":"product_tag","embeddable":true,"href":"https:\/\/testshop.igel.wovodo.de\/en\/wp-json\/wp\/v2\/product_tag?post=30013"}],"curies":[{"name":"wp","href":"https:\/\/api.w.org\/{rel}","templated":true}]}}