{"id":30055,"date":"2024-10-31T14:05:39","date_gmt":"2024-10-31T13:05:39","guid":{"rendered":"https:\/\/testshop.igel.wovodo.de\/product\/profi-airbrush-mini-luftfilter-cleanair\/"},"modified":"2025-01-27T12:28:27","modified_gmt":"2025-01-27T11:28:27","slug":"profi-airbrush-mini-luftfilter-cleanair","status":"publish","type":"product","link":"https:\/\/testshop.igel.wovodo.de\/en\/product\/profi-airbrush-mini-luftfilter-cleanair\/","title":{"rendered":"Profi-AirBrush Mini-Luftfilter CleanAir"},"content":{"rendered":"<div class=\"sale_description\">\n<p>Dieser Profi-AirBrush Mini-Luftfilter CleanAir ist die perfekte L\u00f6sung zum Schutz Ihrer Airbrushpistole und Kompressor.\n<\/p>\n<p>Der Luftfilter und Wasserabscheider hat einen 1\/8 &#8220;BSP Anschluss. Die hervorragende Filterfunktion wird durch gesintertes Kupfer und Baumwolle gew\u00e4hrleistet und bietet so einen doppelten Vorteil gegen\u00fcber herk\u00f6mmlichen Filtersystemen. Der Mini-Luftfilter CleanAir ist au\u00dferdem sehr leicht und klein, daher behindert er nicht bei der Arbeit.<\/p>\n<p>Der professionelle Doppelfilter und Wasserabscheider wird zwischen der Airbrushpistole und der Luftleitung angebracht. Ein Wasseraustritt wird so effektiv verhindert.<\/p>\n<\/div>\n<h3>Many good reasons why you should buy this product:<\/h3>\n<div class=\"sale_motive\">\n<ul>\n<li class=\"high\">Doppelfilter (aus gesintertem Kupfer und Baumwolle)<\/li>\n<li class=\"high\">klein und leicht<\/li>\n<li>solide Verarbeitung<\/li>\n<li>zukunftsorientierte Bauweise<\/li>\n<li>formsch\u00f6nes Design<\/li>\n<li>sehr einfache Handhabung<\/li>\n<\/ul>\n<\/div>","protected":false},"excerpt":{"rendered":"<p>Der Profi-AirBrush Mini-Luftfilter CleanAir ist die perfekte L\u00f6sung zum Schutz Ihrer Airbrushpistolen und Kompressoren. Er ist klein, leicht und mobil einsetzbar.<\/p>","protected":false},"featured_media":31575,"comment_status":"open","ping_status":"closed","template":"","meta":[],"product_brand":[],"product_cat":[256,258],"product_tag":[],"class_list":{"0":"post-30055","1":"product","2":"type-product","3":"status-publish","4":"has-post-thumbnail","6":"product_cat-zubehoer-airbrush","7":"product_cat-ersatzteile-zubehoer-profi-airbrush","9":"first","10":"instock","11":"taxable","12":"shipping-taxable","13":"purchasable","14":"product-type-simple"},"_links":{"self":[{"href":"https:\/\/testshop.igel.wovodo.de\/en\/wp-json\/wp\/v2\/product\/30055","targetHints":{"allow":["GET"]}}],"collection":[{"href":"https:\/\/testshop.igel.wovodo.de\/en\/wp-json\/wp\/v2\/product"}],"about":[{"href":"https:\/\/testshop.igel.wovodo.de\/en\/wp-json\/wp\/v2\/types\/product"}],"replies":[{"embeddable":true,"href":"https:\/\/testshop.igel.wovodo.de\/en\/wp-json\/wp\/v2\/comments?post=30055"}],"version-history":[{"count":1,"href":"https:\/\/testshop.igel.wovodo.de\/en\/wp-json\/wp\/v2\/product\/30055\/revisions"}],"predecessor-version":[{"id":34675,"href":"https:\/\/testshop.igel.wovodo.de\/en\/wp-json\/wp\/v2\/product\/30055\/revisions\/34675"}],"wp:featuredmedia":[{"embeddable":true,"href":"https:\/\/testshop.igel.wovodo.de\/en\/wp-json\/wp\/v2\/media\/31575"}],"wp:attachment":[{"href":"https:\/\/testshop.igel.wovodo.de\/en\/wp-json\/wp\/v2\/media?parent=30055"}],"wp:term":[{"taxonomy":"product_brand","embeddable":true,"href":"https:\/\/testshop.igel.wovodo.de\/en\/wp-json\/wp\/v2\/product_brand?post=30055"},{"taxonomy":"product_cat","embeddable":true,"href":"https:\/\/testshop.igel.wovodo.de\/en\/wp-json\/wp\/v2\/product_cat?post=30055"},{"taxonomy":"product_tag","embeddable":true,"href":"https:\/\/testshop.igel.wovodo.de\/en\/wp-json\/wp\/v2\/product_tag?post=30055"}],"curies":[{"name":"wp","href":"https:\/\/api.w.org\/{rel}","templated":true}]}}