{"id":30075,"date":"2024-10-31T14:05:52","date_gmt":"2024-10-31T13:05:52","guid":{"rendered":"https:\/\/testshop.igel.wovodo.de\/product\/b-ware-solar-gartenbrunnen-wasserspiel-feng-shui-mit-li-ion-akku\/"},"modified":"2025-01-27T12:28:34","modified_gmt":"2025-01-27T11:28:34","slug":"b-ware-solar-gartenbrunnen-wasserspiel-feng-shui-mit-li-ion-akku","status":"publish","type":"product","link":"https:\/\/testshop.igel.wovodo.de\/en\/product\/b-ware-solar-gartenbrunnen-wasserspiel-feng-shui-mit-li-ion-akku\/","title":{"rendered":"B-Ware Solar &#8211; Gartenbrunnen &amp; Wasserspiel &#8220;FENG-SHUI&#8221; mit Li-Ion-Akku"},"content":{"rendered":"<div class=\"sale_application\">\n<p>Solarbetriebener Garten-Brunnen mit Li-Ion Akku und LED-Lichter<\/p>\n<\/p><\/div>\n<div class=\"sale_description\"> <font color=\"FF0000\"><b>B-Ware:<\/b><\/p>\n<ul>\n<li>leichte optische Fehler (z.B. kleine Kratzer etc.)<\/li>\n<li>voll funktionsf\u00e4higes Produkt<\/li>\n<li>reduzierte gesetzliche Gew\u00e4hrleistung auf max. 1 Jahr<\/li>\n<\/ul>\n<p><\/font><\/p>\n<p>The <b>&#8220;FENG-SHUI&#8221;<\/b> Gartenbrunnen bringt eine ganz besondere Atmosph\u00e4re in Ihren heimischen Garten. Die Kraft der Sonne bringt das Wasser in Bewegung, sobald das Sonnenlicht auf die Solarfl\u00e4che trifft. Ein intensives Wasserspiel wird durch eine hohe Sonneneinstrahlung erreicht. Das beruhigende Pl\u00e4tschern des Wassers l\u00e4sst ein neues Wohlgef\u00fchl bei Ihnen entstehen. Dazu ist das funkelnde Wasser im Sonnenlicht der perfekte Blickfang in Ihrem Garten, auf dem Balkon oder der Terrasse. An hei\u00dfen Sommertagen kann sogar ein angenehmes Mikroklima entstehen.<\/p>\n<p><strong>Day and night operation<\/strong><\/p>\n<p>Dieser <b>&#8220;FENG-SHUI&#8221;<\/b> Gartenbrunnen kann am Tag aber auch in der Nacht betrieben werden. Da ein leistungsstarker Li-Ion Akku verbaut ist, kann die Pumpe und das LED-Licht auch nach dem Sonnenuntergang oder bei schlechten Lichtverh\u00e4ltnissen arbeiten. In der Nacht wird das LED-Licht noch intensiver und erm\u00f6glicht das Sie den Gartenbrunnen nochmal in einem anderen Licht betrachten. Am n\u00e4chsten Tag schaltet die Pumpe automatisch in den Solarmodus um, wenn genug Sonnenlicht vorhanden ist. Die Akku-Funktion kann auch ausgeschaltet werden damit der Gartenbrunnen bei Nacht nicht betrieben wird.<\/p>\n<p><strong>Individual placement<\/strong><\/p>\n<p>Diesen Gartenbrunnen k\u00f6nnen Sie an jeder Stelle in Ihrem Garten platzieren. Sie sind an keine Steckdose gebunden und das l\u00e4stige Verlegen des 230V-Kabels entf\u00e4llt. Au\u00dferdem k\u00f6nnen Sie das Solarsystem nach Ihrem Geschmack effektvoll Positionieren. Eine sichere Nutzung ist durch den Anschluss an das Solarpanel gegeben (gegen\u00fcber der 230V Steckdose). Sparen Sie sich den \u00c4rger mit den durch Nagetiere besch\u00e4digten Kabeln und dadurch verursachten Stromausf\u00e4llen. Bitte bedenken Sie, dass das Solarpanel stets im vollen Sonnenlicht zu platzieren und auszurichten ist, da sonst keine Pumpenfunktion garantiert werden kann.<\/p>\n<p><strong>Product information on the Li-ion battery:<\/strong><\/p>\n<p>The innovative Li-ion batteries have no memory effect. This is particularly important for frequent charging and discharging processes, such as with solar pond pumps, in order to ensure long-term battery life. <strong>Optimum battery capacity<\/strong> to achieve. The Li-Ion batteries are much better at withstanding temperature fluctuations than conventional batteries. You can expect a longer-lasting and livelier water feature. The solar fountain starts to function automatically as soon as it is fully charged! As <strong>Protection against deep discharge<\/strong> the system switches off automatically when the minimum final charge level is reached. <strong>No battery change required!<\/strong> <b><font color=\"#048610\">Overall, the Li-Ion batteries have a 3 times longer service life compared to conventional batteries and up to 10 TIMES the service life when used with solar pond pumps!<\/font><\/b><\/p>\n<p style=\"font-size:11px;\"><b>Legal notice:<\/b> Our products are individually colored by hand, so color deviations cannot be avoided. Furthermore, due to the lighting conditions during product photography and different screen settings, the color of the product may not be reproduced authentically and is therefore not a reason for complaint.<\/p>\n<p><p><b>Note:<\/b> Frost kann zu Sch\u00e4den am Gartenbrunnen und der Pumpe f\u00fchren. Bei Frostgefahr muss der <b>Gartenbrunnen und die Pumpe entleert werden<\/b>, mit klarem Wasser gesp\u00fclt und trocken eingelagert werden. Dann haben Sie sehr lange Freude daran!<\/p>\n<p><b>Akku im Solarpanel nicht gen\u00fcgend aufgeladen ist, da dieses bei Auslieferung nur bis zu 30% Kapazit\u00e4t hat.<br \/>\nBitte lassen Sie das Solarpanel erst einmal 2 Tage aufladen, bevor Sie es benutzen.<\/b><\/div>\n<h3>Many good reasons why you should buy this product:<\/h3>\n<div class=\"sale_motive\">\n<ul>\n<li>1 Jahre Garantie, Lebensdauer \u00fcber 60.000 Betriebsstunden* <b>(Note below)<\/b><\/li>\n<li>Very beautiful and decorative replica of a fountain cascade made of polyresin, - a real eye-catcher in your home. <b>Garden<\/b>, on the <b>Balcony<\/b> or the <b>Terrace<\/b><\/li>\n<li><b>80cm<\/b> Funding level<\/li>\n<li>max. F\u00f6rdermenge 180L\/h<\/li>\n<li>Improved model with pump instant start function<\/li>\n<li>Plug-in solar pump system - ready for immediate use<\/li>\n<li>High-quality solar panel in the <b>stabilen Kunststoff-Rahmen<\/b> mit einer Leistung von 2,8 Watt<\/li>\n<li>Integrated filter protects the pump (easy to clean)<\/li>\n<li>einstellbarer Winkel des Solarmoduls und 3 Meter Anschlusskabel machen eine optimale Platzierung des Panels im sonnigen Bereich m\u00f6glich<\/li>\n<\/ul>\n<p>*Warranty only applies to pond pump, not solar panel or cable.<\/p>\n<\/div>","protected":false},"excerpt":{"rendered":"<p>Hochwertiges, solarbetriebenes Pumpensystem f\u00fcr den Au\u00dfenbereich &#8211; mit LED-Beleuchtung.<br \/>\nF\u00fcr eine besondere Atmosph\u00e4re in Ihrem Garten!<br \/>\nDay and night operation!<\/p>","protected":false},"featured_media":39464,"comment_status":"open","ping_status":"closed","template":"","meta":[],"product_brand":[],"product_cat":[181,177,179,180],"product_tag":[],"class_list":{"0":"post-30075","1":"product","2":"type-product","3":"status-publish","4":"has-post-thumbnail","6":"product_cat-mit-solar","7":"product_cat-b-ware-gartenbrunnen","8":"product_cat-b-ware-garten-u-zimmer-brunnen","9":"product_cat-winter-angebote","11":"first","12":"instock","13":"sale","14":"taxable","15":"shipping-taxable","16":"purchasable","17":"product-type-simple"},"_links":{"self":[{"href":"https:\/\/testshop.igel.wovodo.de\/en\/wp-json\/wp\/v2\/product\/30075","targetHints":{"allow":["GET"]}}],"collection":[{"href":"https:\/\/testshop.igel.wovodo.de\/en\/wp-json\/wp\/v2\/product"}],"about":[{"href":"https:\/\/testshop.igel.wovodo.de\/en\/wp-json\/wp\/v2\/types\/product"}],"replies":[{"embeddable":true,"href":"https:\/\/testshop.igel.wovodo.de\/en\/wp-json\/wp\/v2\/comments?post=30075"}],"version-history":[{"count":2,"href":"https:\/\/testshop.igel.wovodo.de\/en\/wp-json\/wp\/v2\/product\/30075\/revisions"}],"predecessor-version":[{"id":38653,"href":"https:\/\/testshop.igel.wovodo.de\/en\/wp-json\/wp\/v2\/product\/30075\/revisions\/38653"}],"wp:featuredmedia":[{"embeddable":true,"href":"https:\/\/testshop.igel.wovodo.de\/en\/wp-json\/wp\/v2\/media\/39464"}],"wp:attachment":[{"href":"https:\/\/testshop.igel.wovodo.de\/en\/wp-json\/wp\/v2\/media?parent=30075"}],"wp:term":[{"taxonomy":"product_brand","embeddable":true,"href":"https:\/\/testshop.igel.wovodo.de\/en\/wp-json\/wp\/v2\/product_brand?post=30075"},{"taxonomy":"product_cat","embeddable":true,"href":"https:\/\/testshop.igel.wovodo.de\/en\/wp-json\/wp\/v2\/product_cat?post=30075"},{"taxonomy":"product_tag","embeddable":true,"href":"https:\/\/testshop.igel.wovodo.de\/en\/wp-json\/wp\/v2\/product_tag?post=30075"}],"curies":[{"name":"wp","href":"https:\/\/api.w.org\/{rel}","templated":true}]}}