{"id":30083,"date":"2024-10-31T14:05:58","date_gmt":"2024-10-31T13:05:58","guid":{"rendered":"https:\/\/testshop.igel.wovodo.de\/product\/durchflusswaechter-6-2-1-automatic-controller-verkabelt-neu-version\/"},"modified":"2025-01-27T12:28:35","modified_gmt":"2025-01-27T11:28:35","slug":"durchflusswaechter-6-2-1-automatic-controller-verkabelt-neu-version","status":"publish","type":"product","link":"https:\/\/testshop.igel.wovodo.de\/en\/product\/durchflusswaechter-6-2-1-automatic-controller-verkabelt-neu-version\/","title":{"rendered":"Flow monitor 6-2-1 Automatic controller wired (new version)"},"content":{"rendered":"<div class=\"sale_application\">\n<ul>\n<li>druck- und durchflussgesteuertes, automatisches Ein- und Ausschalten von Tauch- und Kreiselpumpen<\/li>\n<\/ul><\/div>\n<div class=\"sale_description\">\n<p>Der Durchflussw\u00e4chter automatisiert und steuert das Einschalten von Kreisel- bzw. Tauchpumpen. Abh\u00e4ngig von dem Druck bzw. der Durchflussmenge, schaltet der Druckschalter einen oder mehrere elektrische Verbraucher (MAX 12A) an bzw. aus. Das Manometer zeigt den Druck im System an. Es hilft die ordentliche Pumpenfunktion zu \u00fcberwachen und Leckagen im System zu erkennen:<br \/>Bei einer Wasserentnahme aus dem Rohrsystem nimmt der Druck ab. F\u00e4llt der Druck unter den eingestellten Einschaltdruck (1 &#8211; 6bar) schaltet der Durchflussw\u00e4chter das angeschlossene Ger\u00e4t (z.B. Kreiselpumpe) an. Diese versorgt die Verbraucher wieder mit Wasser. Wird der Verbraucher geschlossen, verringert sich der Durchfluss und die Pumpe wird abgeschaltet. Die Besonderheit an diesem Druckw\u00e4chter ist, dass nicht nur der Einschaltdruck, sondern auch der Ausschaltdruck eingestellt werden kann.<\/p>\n<p><strong>Einstellbarer Einschaltdruck&nbsp;<\/strong><strong>&amp; Ausschaltdruck<\/strong><\/p>\n<p>Sowohl der Einschaltdruck, als auch&nbsp;der Ausschaltdruck,&nbsp;sind bei diesem Durchflussw\u00e4chter einstellbar. Der voreingestellte Einschaltdruck des Druckw\u00e4chters liegt bei 1,5bar, der maximale Betriebsdruck bei 10bar. Der Einschaltdruck kann nach Bedarf auf 1 &#8211; 6bar eingestellt werden und der Ausschaltdruck bis zum maximalen Betriebsdruck. So kann der Durchflussw\u00e4chter entsprechend der individuellen Einbau-Situation angepasst werden.<\/p>\n<p><b>Integrierter Manometer &amp; Trockenlaufschutz <\/b><\/p>\n<p>Die Besonderheiten an diesem Pumpen-Druckschalter sind der integrierte Manometer und der integrierte Trockenlaufschutz.<br \/>Der Druckschalter ist leicht zu installieren und leicht zu handhaben.<\/p>\n<p><b>Unsere Profi-Tipps <\/b><\/p>\n<p>Bei Einsatz von jeglichen Pumpen-Schaltger\u00e4ten empfehlen wir dringend, vor dem Schaltger\u00e4t stets einen effektiven Pumpen-Vorfilter\/ Kartuschenfilter einzusetzen. Dadurch lassen sich Probleme, die auf die Wasserveschmutzung zur\u00fcck zu f\u00fchren sind, deutlich reduzieren. Alle markt\u00fcblichen professionellen Schaltger\u00e4te haben eingangsseitig ein R\u00fcckschlagventil. Setzt sich ein Schmutzkorn genau zwischen den Dichtfl\u00e4chen ab, funktionieren die Schaltger\u00e4te nicht meht einwandfrei. Die Durchflussw\u00e4chter beinhalten bereits ein R\u00fcckschlagventil, zwischen Pumpe und Durchflussw\u00e4chter darf kein weiteres R\u00fcckschlagventil montiert werden, da dies zu Fehlern und sogar Besch\u00e4digungen an der Pumpe f\u00fchren kann.<\/p>\n<\/div>\n<h3>Many good reasons why you should buy this product:<\/h3>\n<div class=\"sale_motive\">\n<ul>\n<li>einfache Installation und Konfiguration <\/li>\n<li>Integriertes Manometer <\/li>\n<li><strong>zwei verschiedene Betriebsarten ausw\u00e4hlbar<\/strong><\/li>\n<li><strong>Einschaltdruck einstellbar<\/strong> (bis 6bar) <\/li>\n<li><strong>Ausschaltdruck einstellbar<\/strong> (bis 10bar) <\/li>\n<li><strong>max. Betriebsdruck 10bar<\/strong> <\/li>\n<li>Schutz der Pumpe und Verl\u00e4ngerung der Lebensdauer <\/li>\n<li>durch den integrierten, automatischen Trockenlaufschutz <\/li>\n<li>Automatisierung der Pumpensteuerung <\/li>\n<li>Easy to handle <\/li>\n<li>sch\u00f6nes modernes Design<\/li>\n<\/ul>\n<\/div>","protected":false},"excerpt":{"rendered":"<p>Druck- und durchflussgesteuertes Schalten<br \/>\nvon Tauch- und Kreiselpumpen&nbsp;| Integrierter Manometer&nbsp;<br \/>\n  max. Betriebsdruck 10 bar |&nbsp;max. Volumenstrom 80l\/min<\/p>\n<p><strong>Einschaltdruck &amp; Ausschaltdruck einstellbar!!<\/strong><\/p>","protected":false},"featured_media":37603,"comment_status":"open","ping_status":"closed","template":"","meta":[],"product_brand":[],"product_cat":[295,297,298,201,203,205,244],"product_tag":[],"class_list":{"0":"post-30083","1":"product","2":"type-product","3":"status-publish","4":"has-post-thumbnail","6":"product_cat-druckschalter","7":"product_cat-druckschalter-mit-manometer","8":"product_cat-druckschalter-einstellbar","9":"product_cat-zubehoer-tauchpumpen","10":"product_cat-zubehoer-kreiselpumpe","11":"product_cat-zubehoer-brunnenpumpe","12":"product_cat-startseite-pumpe","14":"first","15":"instock","16":"taxable","17":"shipping-taxable","18":"purchasable","19":"product-type-simple"},"_links":{"self":[{"href":"https:\/\/testshop.igel.wovodo.de\/en\/wp-json\/wp\/v2\/product\/30083","targetHints":{"allow":["GET"]}}],"collection":[{"href":"https:\/\/testshop.igel.wovodo.de\/en\/wp-json\/wp\/v2\/product"}],"about":[{"href":"https:\/\/testshop.igel.wovodo.de\/en\/wp-json\/wp\/v2\/types\/product"}],"replies":[{"embeddable":true,"href":"https:\/\/testshop.igel.wovodo.de\/en\/wp-json\/wp\/v2\/comments?post=30083"}],"version-history":[{"count":1,"href":"https:\/\/testshop.igel.wovodo.de\/en\/wp-json\/wp\/v2\/product\/30083\/revisions"}],"predecessor-version":[{"id":34702,"href":"https:\/\/testshop.igel.wovodo.de\/en\/wp-json\/wp\/v2\/product\/30083\/revisions\/34702"}],"wp:featuredmedia":[{"embeddable":true,"href":"https:\/\/testshop.igel.wovodo.de\/en\/wp-json\/wp\/v2\/media\/37603"}],"wp:attachment":[{"href":"https:\/\/testshop.igel.wovodo.de\/en\/wp-json\/wp\/v2\/media?parent=30083"}],"wp:term":[{"taxonomy":"product_brand","embeddable":true,"href":"https:\/\/testshop.igel.wovodo.de\/en\/wp-json\/wp\/v2\/product_brand?post=30083"},{"taxonomy":"product_cat","embeddable":true,"href":"https:\/\/testshop.igel.wovodo.de\/en\/wp-json\/wp\/v2\/product_cat?post=30083"},{"taxonomy":"product_tag","embeddable":true,"href":"https:\/\/testshop.igel.wovodo.de\/en\/wp-json\/wp\/v2\/product_tag?post=30083"}],"curies":[{"name":"wp","href":"https:\/\/api.w.org\/{rel}","templated":true}]}}