{"id":30101,"date":"2024-10-31T14:06:12","date_gmt":"2024-10-31T13:06:12","guid":{"rendered":"https:\/\/testshop.igel.wovodo.de\/product\/profi-airbrush-kompressor-beauty-maxx-i-set\/"},"modified":"2025-01-27T12:28:41","modified_gmt":"2025-01-27T11:28:41","slug":"profi-airbrush-kompressor-beauty-maxx-i-set","status":"publish","type":"product","link":"https:\/\/testshop.igel.wovodo.de\/en\/product\/profi-airbrush-kompressor-beauty-maxx-i-set\/","title":{"rendered":"Professional AirBrush Compressor Beauty Maxx I Set"},"content":{"rendered":"<div class=\"sale_application\">\n<b><\/p>\n<p>Ideal for cosmetics &amp; beauty (airbrush nail art, makeup, hair coloring, hair care, spray tanning), body art (body painting, tattoo, mask design), hobby (flowers\/ flower arrangements, model making, ceramics\/ pottery, textiles), small car designs (gas caps\/ helmets), technical illustrations\/ photo touch-ups and food decoration (cakes\/ cupcakes). The possibilities for airbrushing are practically unlimited.<\/p>\n<p><\/b> <\/div>\n<div class=\"sale_description\">\n<p>This oil- and maintenance-free <b>Airbrush compressor<\/b> ist f\u00fcr Arbeiten mit allen handels\u00fcblichen Airbrushfarben geeignet. Mit nur 47dB erm\u00f6glicht er angenehmes Arbeiten auch in kleineren, geschlossenen R\u00e4umen. Sein kompaktes Design und der integrierte Tragegriff erleichtern den mobilen Einsatz.<\/p>\n<p>Durch den <b>integrierten Lufttank<\/b> ist ein perfektes Arbeiten durch gleichbleibenden Luftdruck m\u00f6glich.<\/p>\n<p><b>Die UNIVERSAL-Airbrush-Pistole <strong>&#8220;Double-Action-Gun 134s&#8221;<\/strong> ist einzigartig und einmalig f\u00fcr diese Preisklasse!<\/b><\/p>\n<p>Die Airbrush-Pistole &#8220;Double-Action-Gun 134s&#8221; mit 0,2mm \/ 0,3mm \/ 0,5mm NADEL\/D\u00dcSE Kombination und 2 verschiedenen Farbbeh\u00e4ltern (7ml und 22ml) ist besonders f\u00fcr den Beginner zum Kennenlernen der einzelnen Techniken und f\u00fcr ein z\u00fcgiges Arbeiten optimal geeignet. Damit lassen sich sowohl feine Linien ziehen, als auch gr\u00f6\u00dfere Fl\u00e4chen airbrushen. F\u00fcr gr\u00f6\u00dfere Farbmengen wird der 22ml-Glasbeh\u00e4lter und f\u00fcr kleinere Farbmengen der 7ccl Metallaufsatz verwendet. Mit der UNIVERSAL AIRBRUSH-PISTOLE DOUBLE-ACTION 134s macht das Hobby richtig Spa\u00df!<\/p>\n<p>The <strong>gewebeummantelte Gummischlauch<\/strong> ist durch die textile Ummantelung sehr haltbar und strapazierf\u00e4hig. Die L\u00e4nge von 1,8m gibt ausreichend Bewegungsfreiheit.<\/p>\n<\/div>\n<h3>Many good reasons why you should buy this product:<\/h3>\n<div class=\"sale_motive\">\n<ul>\n<li>energieeffizienter Einzel-Zylinder Kolbenkompressor<\/li>\n<li>Pflegeleichtes Geh\u00e4use mit Hitzeschutz<\/li>\n<li>\u00dcber By-Pass regelbarer Arbeits-Druck<\/li>\n<li>Integrierter Drucklufttank<\/li>\n<li>optimal f\u00fcr den mobilen Einsatz (kompakt und schnell einsatzbereit)<\/li>\n<li>Perfektes Arbeiten durch gleich bleibenden Arbeitsdruck (integr. 0,3L-Druckbeh\u00e4lter)<\/li>\n<li>G\u00e4ngiger Anschluss: 0,3cm (1\/8&#8243;) Gewinde f\u00fcr alle Airbrush Pistolen<\/li>\n<li>\u00d6l- und wartungsfrei, thermisch gesch\u00fctzt<\/li>\n<li>fl\u00fcsterleiser Betrieb ca. 48dB (Zum Vergleich: eine normale Sprache in 1m Abstand = 60dB)\n<\/li>\n<\/ul>\n<\/div>","protected":false},"excerpt":{"rendered":"<p>Kleiner, robuster Airbrushkompressor mit max. Druck: 3,1bar \/ max. Luftabgabemenge: ca. 20-23l\/min \/ 125 Watt \/ inklusive Profi Airbrush Pistole &#8220;Dual-Action-Gun&#8221; und 1,8m Luftschlauch<\/p>\n<p>Ideal for use in beauty and nail studios!<\/p>","protected":false},"featured_media":31758,"comment_status":"open","ping_status":"closed","template":"","meta":[],"product_brand":[],"product_cat":[370,270,185,188],"product_tag":[],"class_list":{"0":"post-30101","1":"product","2":"type-product","3":"status-publish","4":"has-post-thumbnail","6":"product_cat-airbrushkompressor-airbrush-woocommerce-demo","7":"product_cat-airbrushkompressor","8":"product_cat-airbrush-sets","9":"product_cat-airbrush-set","11":"first","12":"instock","13":"taxable","14":"shipping-taxable","15":"purchasable","16":"product-type-simple"},"_links":{"self":[{"href":"https:\/\/testshop.igel.wovodo.de\/en\/wp-json\/wp\/v2\/product\/30101","targetHints":{"allow":["GET"]}}],"collection":[{"href":"https:\/\/testshop.igel.wovodo.de\/en\/wp-json\/wp\/v2\/product"}],"about":[{"href":"https:\/\/testshop.igel.wovodo.de\/en\/wp-json\/wp\/v2\/types\/product"}],"replies":[{"embeddable":true,"href":"https:\/\/testshop.igel.wovodo.de\/en\/wp-json\/wp\/v2\/comments?post=30101"}],"version-history":[{"count":1,"href":"https:\/\/testshop.igel.wovodo.de\/en\/wp-json\/wp\/v2\/product\/30101\/revisions"}],"predecessor-version":[{"id":34719,"href":"https:\/\/testshop.igel.wovodo.de\/en\/wp-json\/wp\/v2\/product\/30101\/revisions\/34719"}],"wp:featuredmedia":[{"embeddable":true,"href":"https:\/\/testshop.igel.wovodo.de\/en\/wp-json\/wp\/v2\/media\/31758"}],"wp:attachment":[{"href":"https:\/\/testshop.igel.wovodo.de\/en\/wp-json\/wp\/v2\/media?parent=30101"}],"wp:term":[{"taxonomy":"product_brand","embeddable":true,"href":"https:\/\/testshop.igel.wovodo.de\/en\/wp-json\/wp\/v2\/product_brand?post=30101"},{"taxonomy":"product_cat","embeddable":true,"href":"https:\/\/testshop.igel.wovodo.de\/en\/wp-json\/wp\/v2\/product_cat?post=30101"},{"taxonomy":"product_tag","embeddable":true,"href":"https:\/\/testshop.igel.wovodo.de\/en\/wp-json\/wp\/v2\/product_tag?post=30101"}],"curies":[{"name":"wp","href":"https:\/\/api.w.org\/{rel}","templated":true}]}}