{"id":30109,"date":"2024-10-31T14:06:16","date_gmt":"2024-10-31T13:06:16","guid":{"rendered":"https:\/\/testshop.igel.wovodo.de\/product\/mehrstufen-feinstfilter-system-cs1-e150\/"},"modified":"2025-01-27T12:28:44","modified_gmt":"2025-01-27T11:28:44","slug":"mehrstufen-feinstfilter-system-cs1-e150","status":"publish","type":"product","link":"https:\/\/testshop.igel.wovodo.de\/en\/product\/mehrstufen-feinstfilter-system-cs1-e150\/","title":{"rendered":"Mehrstufen &#8211; Feinstfilter &#8211; System CS1-E150"},"content":{"rendered":"<div class=\"sale_description\">\n<p>Dieses einzigartige, mehrstufige Feinstfilter-System basiert auf dem Erdfilter E150. Es verf\u00fcgt \u00fcber eine Grob-Vorfilterung bis ca. 1,0mm Korngr\u00f6\u00dfe und nachfolgender Feinst-Filterstufe bis zu 20\u00b5m (0,02mm) Partikelgr\u00f6\u00dfe. Somit entf\u00e4llt die m\u00fchsame Tankreinigung nahezu f\u00fcr immer!<\/p>\n<p>Da im Regenspeicher praktisch kein Schmutz mehr ist, k\u00f6nnen Sie die Leitung der schwimmenden Entnahme \/ Ansaugung ca. 10cm \u00fcber dem Speicherboden montieren und gewinnen dadurch bis zu 50% mehr Nutzvolumen. Das CS1 hat bei einer angeschlossenen Dachfl\u00e4che von max. 150m2 einen Wirkungsgrad von bis zu 95%.<\/p>\n<p>Nach den Erfahrungen f\u00fchrender Pumpenhersteller ist Schmutz im Tank eine der h\u00e4ufigsten Ursachen f\u00fcr Betriebs-St\u00f6rungen und Pumpen-Ausf\u00e4lle. Auch auf Grund unserer \u00fcber 10-j\u00e4hriger Erfahrung auf dem Gebiet der Regenwasser-Nutzung k\u00f6nnen wir dies best\u00e4tigen. Also schonen Sie ihre Anlagen mit sauberem Regenwasser und haben Sie lange Freude daran.<\/p>\n<\/div>\n<h3>Many good reasons why you should buy this product:<\/h3>\n<div class=\"sale_motive\">\n<ul>\n<li>hoher Wirkungsgrad von bis zu 90%\n<\/li>\n<li>wartungsarm\n<\/li>\n<li>kein \u00dcberlauf mehr erforderlich\n<\/li>\n<li>leichte problemlose Montage\n  <\/li>\n<li>geeignet f\u00fcr 1-2 Familenhaus<\/li>\n<\/ul>\n<\/div>","protected":false},"excerpt":{"rendered":"<p>Dieses einzigartige, mehrstufige Feinstfilter-System basiert auf dem Erdfilter E150. Es verf\u00fcgt \u00fcber eine Grob-Vorfilterung bis ca. 1,0mm Korngr\u00f6\u00dfe und nachfolgender<\/p>","protected":false},"featured_media":31790,"comment_status":"open","ping_status":"closed","template":"","meta":[],"product_brand":[],"product_cat":[372,233],"product_tag":[],"class_list":{"0":"post-30109","1":"product","2":"type-product","3":"status-publish","4":"has-post-thumbnail","6":"product_cat-filter-systeme","7":"product_cat-feinstfilter-system","9":"first","10":"instock","11":"taxable","12":"shipping-taxable","13":"purchasable","14":"product-type-simple"},"_links":{"self":[{"href":"https:\/\/testshop.igel.wovodo.de\/en\/wp-json\/wp\/v2\/product\/30109","targetHints":{"allow":["GET"]}}],"collection":[{"href":"https:\/\/testshop.igel.wovodo.de\/en\/wp-json\/wp\/v2\/product"}],"about":[{"href":"https:\/\/testshop.igel.wovodo.de\/en\/wp-json\/wp\/v2\/types\/product"}],"replies":[{"embeddable":true,"href":"https:\/\/testshop.igel.wovodo.de\/en\/wp-json\/wp\/v2\/comments?post=30109"}],"version-history":[{"count":1,"href":"https:\/\/testshop.igel.wovodo.de\/en\/wp-json\/wp\/v2\/product\/30109\/revisions"}],"predecessor-version":[{"id":34727,"href":"https:\/\/testshop.igel.wovodo.de\/en\/wp-json\/wp\/v2\/product\/30109\/revisions\/34727"}],"wp:featuredmedia":[{"embeddable":true,"href":"https:\/\/testshop.igel.wovodo.de\/en\/wp-json\/wp\/v2\/media\/31790"}],"wp:attachment":[{"href":"https:\/\/testshop.igel.wovodo.de\/en\/wp-json\/wp\/v2\/media?parent=30109"}],"wp:term":[{"taxonomy":"product_brand","embeddable":true,"href":"https:\/\/testshop.igel.wovodo.de\/en\/wp-json\/wp\/v2\/product_brand?post=30109"},{"taxonomy":"product_cat","embeddable":true,"href":"https:\/\/testshop.igel.wovodo.de\/en\/wp-json\/wp\/v2\/product_cat?post=30109"},{"taxonomy":"product_tag","embeddable":true,"href":"https:\/\/testshop.igel.wovodo.de\/en\/wp-json\/wp\/v2\/product_tag?post=30109"}],"curies":[{"name":"wp","href":"https:\/\/api.w.org\/{rel}","templated":true}]}}