{"id":30132,"date":"2024-10-31T14:06:31","date_gmt":"2024-10-31T13:06:31","guid":{"rendered":"https:\/\/testshop.igel.wovodo.de\/product\/pumpenmodell-jr-250lv-mit-anschluss-fuer-1-licht-12v-50hz\/"},"modified":"2025-01-27T12:28:50","modified_gmt":"2025-01-27T11:28:50","slug":"pumpenmodell-jr-250lv-mit-anschluss-fuer-1-licht-12v-50hz","status":"publish","type":"product","link":"https:\/\/testshop.igel.wovodo.de\/en\/product\/pumpenmodell-jr-250lv-mit-anschluss-fuer-1-licht-12v-50hz\/","title":{"rendered":"Pumpenmodell &#8211; JR-250LV mit Anschluss f\u00fcr 1 Licht \/ 12V 50HZ"},"content":{"rendered":"<div class=\"sale_description\">\n<p>Diese 12V-Tauchpumpe ist geeignet f\u00fcr Springbrunnen, Teiche oder als Ersatzpumpe f\u00fcr den Artikel 230V &#8211; Gartenbrunnen <\/p>\n<ul>\n<li>230V &#8211; Gartenbrunnen DURSTIGER FROSCH mit LED-Licht (Art.Nr: <a class=\"headerNavigation\" href=\"https:\/\/www.profi-pumpe.de\/GARTEN-u-ZIMMER-BRUNNEN\/230V-Gartenbrunnen-DURSTIGER-FROSCH-mit-LED-Licht::1468.html\">SB02140-4<\/a>)<\/li>\n<li>230V &#8211; Gartenbrunnen LEBENS-QUELLE mit LED-Licht (Art.Nr: <a class=\"headerNavigation\" href=\"https:\/\/www.profi-pumpe.de\/GARTEN-u-ZIMMER-BRUNNEN\/Gartenbrunnen\/230V-Gartenbrunnen-LEBENS-QUELLE-mit-LED-Licht::1463.html\">SB02135-4<\/a>)<\/li>\n<li>230V &#8211; Gartenbrunnen MODERN lichtgrau mit LED-Licht (Art.Nr: <a class=\"headerNavigation\" href=\"https:\/\/www.profi-pumpe.de\/GARTEN-u-ZIMMER-BRUNNEN\/Gartenbrunnen\/230V-Gartenbrunnen-MODERN-lichtgrau-mit-LED-Licht::1551.html\">SB02149-4<\/a>)<\/li>\n<li>230V &#8211; Gartenbrunnen FELS-SCHALEN mit LED-Licht (Art.Nr: <a class=\"headerNavigation\" href=\"https:\/\/www.profi-pumpe.de\/GARTEN-u-ZIMMER-BRUNNEN\/Gartenbrunnen\/230V-Gartenbrunnen-FELS-SCHALEN-mit-LED-Licht::1765.html\">GB02177-4<\/a>)<\/li>\n<li>230V &#8211; Gartenbrunnen ZEN RUHE-QUELLE mit LED-Licht (Art.Nr: <a class=\"headerNavigation\" href=\"https:\/\/www.profi-pumpe.de\/GARTEN-u-ZIMMER-BRUNNEN\/Gartenbrunnen\/230V-Gartenbrunnen-ZHEN-RUHE-QUELLE-mit-LED-Licht::1772.html\">GB02182-4<\/a>)<\/li>\n<li>230V &#8211; Gartenbrunnen ZHEN LEBENS-LICHT mit LED Licht (Art.Nr: <a class=\"headerNavigation\" href=\"https:\/\/www.profi-pumpe.de\/GARTEN-u-ZIMMER-BRUNNEN\/Gartenbrunnen\/230V-Gartenbrunnen-ZHEN-LEBENS-LICHT-mit-LED-Licht::1759.html\">GB02172-4<\/a>)<\/li>\n<li>230V &#8211; Gartenbrunnen WOGEN-RAUSCH mit LED Licht (Art.Nr: <a class=\"headerNavigation\" href=\"https:\/\/www.profi-pumpe.de\/GARTEN-u-ZIMMER-BRUNNEN\/Gartenbrunnen\/230V-Gartenbrunnen-WOGEN-RAUSCH-mit-LED-Licht::1760.html\">GB02173-4<\/a>)<\/li>\n<li>230V &#8211; Gartenbrunnen &amp; Zimmerbrunnen WASSER-GEFL\u00dcSTER mit LED Licht (Art.Nr: <a class=\"headerNavigation\" href=\"https:\/\/www.profi-pumpe.de\/GARTEN-u-ZIMMER-BRUNNEN\/Gartenbrunnen\/230V-Gartenbrunnen-WASSER-GEFLUeSTER-mit-LED-Licht::1904.html\">GB021112-4<\/a>)<\/li>\n<li>230V &#8211; Gartenbrunnen &amp; Zimmerbrunnen GRANIT-QUELLSTEIN dunkel \/ grau mit LED-Licht (Art.Nr: <a class=\"headerNavigation\" href=\"https:\/\/www.profi-pumpe.de\/GARTEN-u-ZIMMER-BRUNNEN\/Gartenbrunnen\/230V-Gartenbrunnen-GRANIT-QUELLSTEIN-mit-LED-Licht::1897.html\">GB021108-4<\/a>)<\/li>\n<li>230V &#8211; Gartenbrunnen &amp; Zimmerbrunnen WASSER-KERZE mit LED Licht (Art.Nr: <a class=\"headerNavigation\" href=\"https:\/\/www.profi-pumpe.de\/GARTEN-u-ZIMMER-BRUNNEN\/Gartenbrunnen\/230V-Gartenbrunnen-WASSER-KERZE-mit-LED-Licht::1898.html\">GB021113-4<\/a>)<\/li>\n<li>230V &#8211; Gartenbrunnen Teich-K\u00f6nig mit LED-Licht (Art.Nr: <a class=\"headerNavigation\" href=\"https:\/\/www.profi-pumpe.de\/GARTEN-u-ZIMMER-BRUNNEN\/Gartenbrunnen\/230V-Gartenbrunnen-Wasserspiel-TEICH-KOeNIG-mit-LED-Licht::2386.html\">GB021119-4<\/a>)<\/li>\n<\/ul>\n<p>Die maximale F\u00f6rdermenge betr\u00e4gt 250 Liter pro Stunde, die maximale F\u00f6rderh\u00f6he 0,65 Meter.<\/p>\n<\/div>\n<h3>Many good reasons why you should buy this product:<\/h3>\n<div class=\"sale_motive\">\n<ul>\n<li>12-Volt Tauchpumpe mit Kabel 5m<\/li>\n<li>F\u00f6rdermenge max. 250L\/Std<\/li>\n<li>F\u00f6rderh\u00f6he max. 0,65m<\/li>\n<\/ul>\n<\/div>","protected":false},"excerpt":{"rendered":"<p>Tauchpumpe f\u00fcr Springbrunnen oder Teich und als Ersatzpumpe\n  <\/p>\n<p>F\u00f6rdermenge 250L\/Std.<\/p><\/p>","protected":false},"featured_media":31873,"comment_status":"open","ping_status":"closed","template":"","meta":[],"product_brand":[],"product_cat":[255,349],"product_tag":[],"class_list":{"0":"post-30132","1":"product","2":"type-product","3":"status-publish","4":"has-post-thumbnail","6":"product_cat-zubehoer","7":"product_cat-ersatzteile-gartenbrunnen","9":"first","10":"instock","11":"taxable","12":"shipping-taxable","13":"purchasable","14":"product-type-simple"},"_links":{"self":[{"href":"https:\/\/testshop.igel.wovodo.de\/en\/wp-json\/wp\/v2\/product\/30132","targetHints":{"allow":["GET"]}}],"collection":[{"href":"https:\/\/testshop.igel.wovodo.de\/en\/wp-json\/wp\/v2\/product"}],"about":[{"href":"https:\/\/testshop.igel.wovodo.de\/en\/wp-json\/wp\/v2\/types\/product"}],"replies":[{"embeddable":true,"href":"https:\/\/testshop.igel.wovodo.de\/en\/wp-json\/wp\/v2\/comments?post=30132"}],"version-history":[{"count":1,"href":"https:\/\/testshop.igel.wovodo.de\/en\/wp-json\/wp\/v2\/product\/30132\/revisions"}],"predecessor-version":[{"id":34750,"href":"https:\/\/testshop.igel.wovodo.de\/en\/wp-json\/wp\/v2\/product\/30132\/revisions\/34750"}],"wp:featuredmedia":[{"embeddable":true,"href":"https:\/\/testshop.igel.wovodo.de\/en\/wp-json\/wp\/v2\/media\/31873"}],"wp:attachment":[{"href":"https:\/\/testshop.igel.wovodo.de\/en\/wp-json\/wp\/v2\/media?parent=30132"}],"wp:term":[{"taxonomy":"product_brand","embeddable":true,"href":"https:\/\/testshop.igel.wovodo.de\/en\/wp-json\/wp\/v2\/product_brand?post=30132"},{"taxonomy":"product_cat","embeddable":true,"href":"https:\/\/testshop.igel.wovodo.de\/en\/wp-json\/wp\/v2\/product_cat?post=30132"},{"taxonomy":"product_tag","embeddable":true,"href":"https:\/\/testshop.igel.wovodo.de\/en\/wp-json\/wp\/v2\/product_tag?post=30132"}],"curies":[{"name":"wp","href":"https:\/\/api.w.org\/{rel}","templated":true}]}}