{"id":30134,"date":"2024-10-31T14:06:32","date_gmt":"2024-10-31T13:06:32","guid":{"rendered":"https:\/\/testshop.igel.wovodo.de\/product\/ersatz-sensor-zu-level-sensor-control-1-mit-15m-sensor-kabel\/"},"modified":"2025-01-27T12:28:50","modified_gmt":"2025-01-27T11:28:50","slug":"ersatz-sensor-zu-level-sensor-control-1-mit-15m-sensor-kabel","status":"publish","type":"product","link":"https:\/\/testshop.igel.wovodo.de\/en\/product\/ersatz-sensor-zu-level-sensor-control-1-mit-15m-sensor-kabel\/","title":{"rendered":"Ersatz-Sensor zu Level-Sensor-Control 1 mit 15m Sensor-Kabel"},"content":{"rendered":"<div class=\"sale_application\">\n<ul>\n<li>Zum Ersatz des Schwimmerschalters in beengten Einbauverh\u00e4ltnissen<\/li>\n<\/ul><\/div>\n<div class=\"sale_description\">\n<p>Mit unserem Ersatz-Sensor f\u00fcr den LEVEL-SENSOR-CONTROL 1 erfassen Sie pr\u00e4zise niedrige F\u00fcllstandsh\u00f6hen. <\/p>\n<\/div>\n<h3>Many good reasons why you should buy this product:<\/h3>\n<div class=\"sale_motive\">\n<ul>\n<li>einfache Installation und Konfiguration<\/li>\n<li>pr\u00e4zise Erfassung niedriger F\u00fcllstandh\u00f6hen<\/li>\n<li>Idealer Einsatz in Entw\u00e4sserungs- und Drainagesch\u00e4chten<\/li>\n<li>leicht zu Handhaben, dank Steckverbindung zur LEVEL-SENSOR-CONTROL 1 BOX<\/li>\n<\/ul>\n<\/div>","protected":false},"excerpt":{"rendered":"<p>Zum Ersatz des Schwimmerschalters in beengten Einbauverh\u00e4ltnissen Mit unserem Ersatz-Sensor f\u00fcr den LEVEL-SENSOR-CONTROL 1 erfassen Sie pr\u00e4zise niedrige F\u00fcllstandsh\u00f6hen. Viele<\/p>","protected":false},"featured_media":39748,"comment_status":"open","ping_status":"closed","template":"","meta":[],"product_brand":[],"product_cat":[371],"product_tag":[],"class_list":{"0":"post-30134","1":"product","2":"type-product","3":"status-publish","4":"has-post-thumbnail","6":"product_cat-schwimmerschalter","8":"first","9":"instock","10":"taxable","11":"shipping-taxable","12":"purchasable","13":"product-type-simple"},"_links":{"self":[{"href":"https:\/\/testshop.igel.wovodo.de\/en\/wp-json\/wp\/v2\/product\/30134","targetHints":{"allow":["GET"]}}],"collection":[{"href":"https:\/\/testshop.igel.wovodo.de\/en\/wp-json\/wp\/v2\/product"}],"about":[{"href":"https:\/\/testshop.igel.wovodo.de\/en\/wp-json\/wp\/v2\/types\/product"}],"replies":[{"embeddable":true,"href":"https:\/\/testshop.igel.wovodo.de\/en\/wp-json\/wp\/v2\/comments?post=30134"}],"version-history":[{"count":1,"href":"https:\/\/testshop.igel.wovodo.de\/en\/wp-json\/wp\/v2\/product\/30134\/revisions"}],"predecessor-version":[{"id":34752,"href":"https:\/\/testshop.igel.wovodo.de\/en\/wp-json\/wp\/v2\/product\/30134\/revisions\/34752"}],"wp:featuredmedia":[{"embeddable":true,"href":"https:\/\/testshop.igel.wovodo.de\/en\/wp-json\/wp\/v2\/media\/39748"}],"wp:attachment":[{"href":"https:\/\/testshop.igel.wovodo.de\/en\/wp-json\/wp\/v2\/media?parent=30134"}],"wp:term":[{"taxonomy":"product_brand","embeddable":true,"href":"https:\/\/testshop.igel.wovodo.de\/en\/wp-json\/wp\/v2\/product_brand?post=30134"},{"taxonomy":"product_cat","embeddable":true,"href":"https:\/\/testshop.igel.wovodo.de\/en\/wp-json\/wp\/v2\/product_cat?post=30134"},{"taxonomy":"product_tag","embeddable":true,"href":"https:\/\/testshop.igel.wovodo.de\/en\/wp-json\/wp\/v2\/product_tag?post=30134"}],"curies":[{"name":"wp","href":"https:\/\/api.w.org\/{rel}","templated":true}]}}