{"id":30185,"date":"2024-10-31T14:06:59","date_gmt":"2024-10-31T13:06:59","guid":{"rendered":"https:\/\/testshop.igel.wovodo.de\/product\/drei-wege-ventil-zonenventil-anschluesse-3-4-zoll-ig-beidseitig-aqua-valve-2\/"},"modified":"2025-01-27T12:29:05","modified_gmt":"2025-01-27T11:29:05","slug":"drei-wege-ventil-zonenventil-anschluesse-3-4-zoll-ig-beidseitig-aqua-valve-2","status":"publish","type":"product","link":"https:\/\/testshop.igel.wovodo.de\/en\/product\/drei-wege-ventil-zonenventil-anschluesse-3-4-zoll-ig-beidseitig-aqua-valve-2\/","title":{"rendered":"Drei-Wege-Ventil Zonenventil, Anschl\u00fcsse  \t\n3\/4 Zoll IG beidseitig &#8220;AQUA-VALVE 2&#8221;"},"content":{"rendered":"<div class=\"sale_application\">\n<h2>Anwendungsbereiche<\/h2>\n<ul>\n<li>Regelungen der Sanit\u00e4r- und Heizungskreisl\u00e4ufe<\/li>\n<li>Regelungen der Trinkwasser-, Regenwassernutzung<\/li>\n<li>Regelungen der Solartechnik<\/li>\n<li>Regelungen der Klimaanlagen<\/li>\n<li>Das motorisierte Zonenventil wird als kompakte Einheit, bestehend aus Ventilk\u00f6rper mit aufgesetztem Steuerger\u00e4t (Stellmotor 230 Volt) geliefert.<\/li>\n<\/ul><\/div>\n<div class=\"sale_description\">\n<p>Die Umschaltventile der Baureihe AQUA-VALVE 2 sind f\u00fcr die Aufgaben im Bereich Sanit\u00e4r- und Heizungstechnik konzipiert. Sie eignen sich hervorragend f\u00fcr die typischen Eins\u00e4tze bei der Regelung der Heizungskreisl\u00e4ufe, Solartechnik, Regenwassernutzung und vieles mehr. Jedes individuelle Ventil wird auf die Einhaltung der festgelegten Qualit\u00e4tsparameter gepr\u00fcft, was hiermit zertifiziert wird.<\/p>\n<p>Das Anschlu\u00dfschema entnehmen Sie bitte dem Foto. Das 3-Wegeventil ist als Wechselschalter vorgesehen. Der &#8220;Blaue&#8221; Leiter dient als &#8220;Nulleiter&#8221;. Bei Anlegen der Spannung an &#8220;Schwarzen&#8221; Leiter wird die Ventil-Stellung &#8220;A-AB&#8221; erzielt. Bei Anlegen der Spannung an &#8220;Braunen&#8221; Leiter wird die Ventil-Stellung &#8220;B-AB&#8221; erreicht. <\/p>\n<p>Das Ventil hat keine automatische R\u00fcckstellung. Bei Stromausfall kann das Ventil, nach Abnahme des Steuerteils, mit einem Maulschl\u00fcssel verstellt werden.<\/p>\n<p><b>Anschluss f\u00fcr Drei-Wege-Ventil Zonenventil 3\/4 Zoll<\/b><\/p>\n<ul>\n<li>Schaltet nur im Wechselschalter Betrieb!!<\/li>\n<li>keine autom. R\u00fcckstellung!!<\/li>\n<li>Leitung schwarz schaltet<\/li>\n<li>AB A<\/li>\n<li>Leitung braun schaltet<\/li>\n<li>AB B<\/li>\n<li>Leitung blau = Null Leiter<\/li>\n<\/ul>\n<\/div>\n<h3>Many good reasons why you should buy this product:<\/h3>\n<div class=\"sale_motive\">\n<ul>\n<li>Vielseitig einsetzbares Umschaltventil!<\/li>\n<li>Qualit\u00e4tsprodukt!<\/li>\n<\/ul>\n<\/div>","protected":false},"excerpt":{"rendered":"<p>Elektrisches Umschaltventil | Drei-Wege-Ventil | 3\/4&#8243;<\/p>","protected":false},"featured_media":38121,"comment_status":"open","ping_status":"closed","template":"","meta":[],"product_brand":[],"product_cat":[354],"product_tag":[],"class_list":{"0":"post-30185","1":"product","2":"type-product","3":"status-publish","4":"has-post-thumbnail","6":"product_cat-ventile","8":"first","9":"instock","10":"taxable","11":"shipping-taxable","12":"purchasable","13":"product-type-simple"},"_links":{"self":[{"href":"https:\/\/testshop.igel.wovodo.de\/en\/wp-json\/wp\/v2\/product\/30185","targetHints":{"allow":["GET"]}}],"collection":[{"href":"https:\/\/testshop.igel.wovodo.de\/en\/wp-json\/wp\/v2\/product"}],"about":[{"href":"https:\/\/testshop.igel.wovodo.de\/en\/wp-json\/wp\/v2\/types\/product"}],"replies":[{"embeddable":true,"href":"https:\/\/testshop.igel.wovodo.de\/en\/wp-json\/wp\/v2\/comments?post=30185"}],"version-history":[{"count":1,"href":"https:\/\/testshop.igel.wovodo.de\/en\/wp-json\/wp\/v2\/product\/30185\/revisions"}],"predecessor-version":[{"id":34803,"href":"https:\/\/testshop.igel.wovodo.de\/en\/wp-json\/wp\/v2\/product\/30185\/revisions\/34803"}],"wp:featuredmedia":[{"embeddable":true,"href":"https:\/\/testshop.igel.wovodo.de\/en\/wp-json\/wp\/v2\/media\/38121"}],"wp:attachment":[{"href":"https:\/\/testshop.igel.wovodo.de\/en\/wp-json\/wp\/v2\/media?parent=30185"}],"wp:term":[{"taxonomy":"product_brand","embeddable":true,"href":"https:\/\/testshop.igel.wovodo.de\/en\/wp-json\/wp\/v2\/product_brand?post=30185"},{"taxonomy":"product_cat","embeddable":true,"href":"https:\/\/testshop.igel.wovodo.de\/en\/wp-json\/wp\/v2\/product_cat?post=30185"},{"taxonomy":"product_tag","embeddable":true,"href":"https:\/\/testshop.igel.wovodo.de\/en\/wp-json\/wp\/v2\/product_tag?post=30185"}],"curies":[{"name":"wp","href":"https:\/\/api.w.org\/{rel}","templated":true}]}}