{"id":30217,"date":"2024-10-31T14:07:20","date_gmt":"2024-10-31T13:07:20","guid":{"rendered":"https:\/\/testshop.igel.wovodo.de\/product\/profi-airbrush-decor-design-set-i\/"},"modified":"2025-01-27T12:29:12","modified_gmt":"2025-01-27T11:29:12","slug":"profi-airbrush-decor-design-set-i","status":"publish","type":"product","link":"https:\/\/testshop.igel.wovodo.de\/en\/product\/profi-airbrush-decor-design-set-i\/","title":{"rendered":"Profi-AirBrush Decor Design Set I"},"content":{"rendered":"<div class=\"sale_application\">\n<b><\/p>\n<p>Ideal for cosmetics &amp; beauty (airbrush nail art, makeup, hair coloring, hair care, spray tanning), body art (body painting, tattoo, mask design), hobby (flowers\/ flower arrangements, model making, ceramics\/ pottery, textiles), small car designs (gas caps\/ helmets), technical illustrations\/ photo touch-ups and food decoration (cakes\/ cupcakes). The possibilities for airbrushing are practically unlimited.<\/p>\n<p><\/b> <\/div>\n<div class=\"sale_description\">\n<p>This oil- and maintenance-free <b>Airbrush compressor<\/b> is suitable for working with all commercially available airbrush paints. At only 54 dB, it enables comfortable working even in smaller, enclosed spaces. Its compact design and integrated carrying handle facilitate mobile use.<\/p>\n<p><strong>Keine automatische Abschaltung, der Kompressor muss manuell zum Abk\u00fchlen mindestens alle 20-30 Minuten abgeschaltet werden.<\/strong><\/p>\n<p><b>Die UNIVERSAL-Airbrush-Pistole <strong>&#8220;Double-Action-Gun 134s&#8221;<\/strong> ist einzigartig und einmalig f\u00fcr diese Preisklasse!<\/b><\/p>\n<p>Die Airbrush-Pistole &#8220;Double-Action-Gun 134s&#8221; mit 0,2mm \/ 0,3mm \/ 0,5mm NADEL\/D\u00dcSE Kombination und 2 verschiedenen Farbbeh\u00e4ltern (7ml und 22ml) ist besonders f\u00fcr den Beginner zum Kennenlernen der einzelnen Techniken und f\u00fcr ein z\u00fcgiges Arbeiten optimal geeignet. Damit lassen sich sowohl feine Linien ziehen, als auch gr\u00f6\u00dfere Fl\u00e4chen airbrushen. F\u00fcr gr\u00f6\u00dfere Farbmengen wird der 22ml-Glasbeh\u00e4lter und f\u00fcr kleinere Farbmengen der 7ccl Metallaufsatz verwendet. Mit der UNIVERSAL AIRBRUSH-PISTOLE DOUBLE-ACTION 134s macht das Hobby richtig Spa\u00df!<\/p>\n<\/div>\n<h3>Many good reasons why you should buy this product:<\/h3>\n<div class=\"sale_motive\">\n<ul>\n<li>Energy-efficient diaphragm compressor<\/li>\n<li>Airbrush applications with high compressed air requirements<\/li>\n<li>Transportable and quickly ready for use<\/li>\n<li>Extensive accessories<\/li>\n<li>An airbrush gun and a spray gun enable a wide range of painting work to be carried out<\/li>\n<li>Oil and maintenance-free<\/li>\n<li>Easy handling<\/li>\n<li>Perfect work thanks to constant working pressure<\/li>\n<li>Connection: 0.3cm (1\/8\u2033) thread for all common airbrush guns<\/li>\n<li>Ideal for mobile use<\/li>\n<li>Thermally protected<\/li>\n<li>fl\u00fcsterleiser Betrieb ca. 54dB (Zum Vergleich: eine normales Gespr\u00e4ch in 1m Abstand = 60dB)<\/li>\n<\/ul>\n<\/div>","protected":false},"excerpt":{"rendered":"<p>Komplett-Starterset inkl. Kompressor \/ 1 Profi-Airbrush-Pistole \/ Schlauch.<\/p>\n<p><b>Ideal f\u00fcr Heimwerker &amp; Hobbybastler!<\/b><\/p>","protected":false},"featured_media":32150,"comment_status":"open","ping_status":"closed","template":"","meta":[],"product_brand":[],"product_cat":[342,185],"product_tag":[],"class_list":{"0":"post-30217","1":"product","2":"type-product","3":"status-publish","4":"has-post-thumbnail","6":"product_cat-starter-set","7":"product_cat-airbrush-sets","9":"first","10":"instock","11":"taxable","12":"shipping-taxable","13":"purchasable","14":"product-type-simple"},"_links":{"self":[{"href":"https:\/\/testshop.igel.wovodo.de\/en\/wp-json\/wp\/v2\/product\/30217","targetHints":{"allow":["GET"]}}],"collection":[{"href":"https:\/\/testshop.igel.wovodo.de\/en\/wp-json\/wp\/v2\/product"}],"about":[{"href":"https:\/\/testshop.igel.wovodo.de\/en\/wp-json\/wp\/v2\/types\/product"}],"replies":[{"embeddable":true,"href":"https:\/\/testshop.igel.wovodo.de\/en\/wp-json\/wp\/v2\/comments?post=30217"}],"version-history":[{"count":1,"href":"https:\/\/testshop.igel.wovodo.de\/en\/wp-json\/wp\/v2\/product\/30217\/revisions"}],"predecessor-version":[{"id":34833,"href":"https:\/\/testshop.igel.wovodo.de\/en\/wp-json\/wp\/v2\/product\/30217\/revisions\/34833"}],"wp:featuredmedia":[{"embeddable":true,"href":"https:\/\/testshop.igel.wovodo.de\/en\/wp-json\/wp\/v2\/media\/32150"}],"wp:attachment":[{"href":"https:\/\/testshop.igel.wovodo.de\/en\/wp-json\/wp\/v2\/media?parent=30217"}],"wp:term":[{"taxonomy":"product_brand","embeddable":true,"href":"https:\/\/testshop.igel.wovodo.de\/en\/wp-json\/wp\/v2\/product_brand?post=30217"},{"taxonomy":"product_cat","embeddable":true,"href":"https:\/\/testshop.igel.wovodo.de\/en\/wp-json\/wp\/v2\/product_cat?post=30217"},{"taxonomy":"product_tag","embeddable":true,"href":"https:\/\/testshop.igel.wovodo.de\/en\/wp-json\/wp\/v2\/product_tag?post=30217"}],"curies":[{"name":"wp","href":"https:\/\/api.w.org\/{rel}","templated":true}]}}