{"id":30229,"date":"2024-10-31T14:07:27","date_gmt":"2024-10-31T13:07:27","guid":{"rendered":"https:\/\/testshop.igel.wovodo.de\/product\/tauchpumpe-regen-star-super-800-3-saugschlitzen-mit-schwimmerschalter-10m-kabel-mit-brio\/"},"modified":"2025-01-27T12:29:15","modified_gmt":"2025-01-27T11:29:15","slug":"tauchpumpe-regen-star-super-800-3-saugschlitzen-mit-schwimmerschalter-10m-kabel-mit-brio","status":"publish","type":"product","link":"https:\/\/testshop.igel.wovodo.de\/en\/product\/tauchpumpe-regen-star-super-800-3-saugschlitzen-mit-schwimmerschalter-10m-kabel-mit-brio\/","title":{"rendered":"Tauchpumpe REGEN-STAR SUPER 800-3 Saugschlitzen, mit Schwimmerschalter, 10m Kabel mit BRIO\u00ae"},"content":{"rendered":"<div class=\"sale_application\">\n<ul>\n<li> zur Brauchwasserversorgung in Haus und Garten <\/li>\n<li> zur Regenwassernutzung <\/li>\n<li> zur Beh\u00e4lter-Umf\u00fcllung <\/li>\n<li> zur Nutzung von externen Wasserquellen aus Bach, Fluss und Brunnen, Vorratsbeh\u00e4lter  <\/li>\n<li> zum Bew\u00e4ssern von Rasen und Beeten  <\/li>\n<\/ul><\/div>\n<div class=\"sale_description\">\n<p>Die solide, zuverl\u00e4ssige und leistungsstarke Tauchdruckpumpe Regen-Star-Super 800-3 mit Schwimmerschalter ist sowohl f\u00fcr den <b>horizontalen<\/b> als auch f\u00fcr den <b>vertikalen Betrieb<\/b> geeignet. Die Tauchpumpe im hochwertigen Edelstahl-Geh\u00e4use hat eine Druckreserve. Mit 3bar (wie bei der Trinkwasserversorgung \u00fcblich) ist diese Klarwasserpumpe <b>ideal f\u00fcr die Regenwassernutzung und Gartenbew\u00e4sserung<\/b> bzw. um Wasser aus einem Bach oder Fluss zu f\u00f6rdern. Auch f\u00fcr Rasensprinkler ist die Tauchpumpe nutzbar.<\/p>\n<p>Die maximale Partikelgr\u00f6\u00dfe der Tauchpumpe mit Schwimmer betr\u00e4gt 0,5mm. Die Tauchpumpe f\u00fcr Klarwasser ist besonders f\u00fcr die F\u00f6rderung von hohen Wassermengen ohne Unterbrechungen geeignet.<br \/> Die Tauchdruckpumpe erbringt eine maximale F\u00f6rdermenge von <b>6.500l\/h<\/b>. Die maximale F\u00f6rderh\u00f6he liegt bei <b>30m<\/b> und der maximale F\u00f6rderdruck bei <b>3 bar<\/b>. Bitte beachten Sie, dass der F\u00f6rderdruck bei steigender F\u00f6rderh\u00f6he entsprechend abnimmt.<\/p>\n<p>Die Tauchdruckpumpe Regen-Star-Super 800-3 mit den drei Laufr\u00e4dern zeichnet sich durch ihr <b>ruhiges und leises Laufverhalten<\/b> aus. Bedingt durch die Pumpen-Dichtungssysteme ist die maximale Anzahl von 20 Schaltungen pro Stunde zu ber\u00fccksichtigen.<\/p>\n<p>Die Tauchpumpe Super 800-3 eignet sich hervorragend f\u00fcr den horizontalen und vertikalen Betrieb im Wasserspeicher. Beim Einsatz in Regenspeichern ist jedoch stets auf die BESTM\u00d6GLICHE Vorfilterung zu achten.<\/p>\n<p><strong>Our tips<\/strong><br \/>\n  Das Anschalten der Pumpe kann durch den optional erh\u00e4ltlichen Durchflussw\u00e4chter automatisiert werden. Dieser wird an der Druckseite der Pumpe angeschlossen und schaltet die Pumpe bei Wasserentnahme ein bzw. aus. <b>Um die Pumpe vor dem Trockenlauf zu sch\u00fctzen, ist ein Schwimmerschalter-Trockenlaufschutz vorhanden.<\/b> Der Schwimmerschalter ist so kurz wie gew\u00fcscht einzustellen, sodass eine sichere automatische Abschaltung der Pumpe erfolgt, falls nicht gen\u00fcgend Wasser im Speicher vorhanden ist.<\/p>\n<p>The <b>Flow monitor<\/b> automates and controls the switching on of the centrifugal or submersible pump. It monitors the pressure in the pipe system from the pump to the consumer. When water is drawn from the pipe system, the pressure decreases. If the pressure falls below 1.5 bar <b>(adjustable)<\/b> the flow monitor switches on the connected device (e.g. centrifugal pump). This supplies the consumer with water again. If the consumer is closed, the flow rate is reduced and the pump is switched off.<\/p>\n<p>The special feature of this flow monitor is the <b>eingebaute Trockenlaufschutz. <\/b>Sollte nach Einschalten der Pumpe kein Wasser (Zisterne leer) vorhanden sein, schaltet der Durchflussw\u00e4chter wieder die Pumpe <b>automatically <\/b>off (dry-running protection).<\/p>\n<p>A <b>Non-return valve <\/b>is also integrated in the flow monitor. This prevents the pipe system on the consumer side from running empty.<\/p>\n<p>The <b>Manometer <\/b>\u00fcberwacht den Einschaltdruck und den Druck im Systems. Das Schaltger\u00e4t ist f\u00fcr Pumpen die einen Druckaufbau deutlich unter 1,5bar haben nicht geeignet.<\/p>\n<p><b>Our tips<\/b><\/p>\n<p>With the use of any <b>pump switchgear, we strongly recommend<\/b> in front of the switchgear is always an effective<b> Pumpen-<\/b><b>Vorfilter\/Kartuschenfilter<\/b> einzusetzen. Dadurch lassen sich Probleme, die auf die Wasserveschmutzung zur\u00fcck zu f\u00fchren sind, deutlich reduzieren. Alle markt\u00fcblichen professionellen Schaltger\u00e4te haben eingangsseitig ein R\u00fcckschlagventil. Setzt sich ein Schmutzkorn genau zwischen den Dichtfl\u00e4chen ab, funktionieren die Schaltger\u00e4te nicht meht einwandfrei. Die Durchflussw\u00e4chter beinhalten bereits ein R\u00fcckschlagventil, zwischen Pumpe und Durchflussw\u00e4chter darf kein weiteres R\u00fcckschlagventil montiert werden da dies zu Fehlern und sogar besch\u00e4digungen an der Pumpe f\u00fchren kann.<\/p>\n<\/div>\n<h3>Many good reasons why you should buy this product:<\/h3>\n<div class=\"sale_motive\">\n<ul>\n<li>preiswerte, solide Qualit\u00e4ts-Tauchdruckpumpe mit max 3bar (ca. Hausanschlussdruck) und max 6500l\/h<\/li>\n<li>zuverl\u00e4ssig, leistungsstark (in optimierter Version)<\/li>\n<li>hochwertiges Dichtungssystem mit \u00d6lkammer<\/li>\n<li>hochwertiges Edelstahlgeh\u00e4use<\/li>\n<li>ruhiges und leises Laufverhalten<\/li>\n<li>Laufr\u00e4der aus verst\u00e4rktem Noryl<\/li>\n<li>integrierter Kondensator<\/li>\n<li>inkl. Schwimmerschalter<\/li>\n<li>horizontaler und vertikaler Betrieb<\/li>\n<li>Long service life<\/li>\n<\/ul>\n<\/div>","protected":false},"excerpt":{"rendered":"<p>zur Brauchwasserversorgung in Haus und Garten zur Regenwassernutzung zur Beh\u00e4lter-Umf\u00fcllung zur Nutzung von externen Wasserquellen aus Bach, Fluss und Brunnen,<\/p>","protected":false},"featured_media":39757,"comment_status":"open","ping_status":"closed","template":"","meta":[],"product_brand":[],"product_cat":[266,198,343],"product_tag":[],"class_list":{"0":"post-30229","1":"product","2":"type-product","3":"status-publish","4":"has-post-thumbnail","6":"product_cat-hauswasserautomat","7":"product_cat-hauswasserwerke","8":"product_cat-tauchdruckpumpen","10":"first","11":"instock","12":"taxable","13":"shipping-taxable","14":"purchasable","15":"product-type-simple"},"_links":{"self":[{"href":"https:\/\/testshop.igel.wovodo.de\/en\/wp-json\/wp\/v2\/product\/30229","targetHints":{"allow":["GET"]}}],"collection":[{"href":"https:\/\/testshop.igel.wovodo.de\/en\/wp-json\/wp\/v2\/product"}],"about":[{"href":"https:\/\/testshop.igel.wovodo.de\/en\/wp-json\/wp\/v2\/types\/product"}],"replies":[{"embeddable":true,"href":"https:\/\/testshop.igel.wovodo.de\/en\/wp-json\/wp\/v2\/comments?post=30229"}],"version-history":[{"count":1,"href":"https:\/\/testshop.igel.wovodo.de\/en\/wp-json\/wp\/v2\/product\/30229\/revisions"}],"predecessor-version":[{"id":34845,"href":"https:\/\/testshop.igel.wovodo.de\/en\/wp-json\/wp\/v2\/product\/30229\/revisions\/34845"}],"wp:featuredmedia":[{"embeddable":true,"href":"https:\/\/testshop.igel.wovodo.de\/en\/wp-json\/wp\/v2\/media\/39757"}],"wp:attachment":[{"href":"https:\/\/testshop.igel.wovodo.de\/en\/wp-json\/wp\/v2\/media?parent=30229"}],"wp:term":[{"taxonomy":"product_brand","embeddable":true,"href":"https:\/\/testshop.igel.wovodo.de\/en\/wp-json\/wp\/v2\/product_brand?post=30229"},{"taxonomy":"product_cat","embeddable":true,"href":"https:\/\/testshop.igel.wovodo.de\/en\/wp-json\/wp\/v2\/product_cat?post=30229"},{"taxonomy":"product_tag","embeddable":true,"href":"https:\/\/testshop.igel.wovodo.de\/en\/wp-json\/wp\/v2\/product_tag?post=30229"}],"curies":[{"name":"wp","href":"https:\/\/api.w.org\/{rel}","templated":true}]}}