{"id":30284,"date":"2024-10-31T14:08:02","date_gmt":"2024-10-31T13:08:02","guid":{"rendered":"https:\/\/testshop.igel.wovodo.de\/product\/teichpumpen-set-solar-oasis-250-1\/"},"modified":"2025-01-27T12:29:38","modified_gmt":"2025-01-27T11:29:38","slug":"teichpumpen-set-solar-oasis-250-1","status":"publish","type":"product","link":"https:\/\/testshop.igel.wovodo.de\/en\/product\/teichpumpen-set-solar-oasis-250-1\/","title":{"rendered":"Solar Oasis 250-1 pond pump set"},"content":{"rendered":"<div class=\"sale_description\">\n<p>Das Teichpumpen-Set Solar  Oasis 250-1 setzt die Kraft der Sonne in flie\u00dfendes Wasser um. Hochwertige Komponenten bringen das Wasser in Bewegung, sobald das Sonnenlicht die Solarfl\u00e4che erreicht. Je st\u00e4rker die Sonne, umso intensiver wird das Wasserspiel! Das beruhigende Rauschen des Wassers gibt jedem Teich die besondere Note und die im Sonnenlicht funkelnde Font\u00e4ne ist stets der perfekte Blickfang. Flie\u00dfendes Wasser sorgt f\u00fcr noch mehr Wohlgef\u00fchl in Ihrem Garten und sorgt f\u00fcr ein angenehmes Mikroklima an hei\u00dfen Sommertagen.<\/p>\n<p>Die neue SOFORT-START-AUTOMATIK sorgt daf\u00fcr, dass die Pumpe auch bei etwas schlechteren Sonnenverh\u00e4ltnissen startet. Die im Solarpanel erzeugte Energie wird zwischengespeichert und dann schlagartig der Pumpe zugef\u00fchrt. Dadurch startet die Pumpe fr\u00fcher als bei vergleichbaren Solar-Sets ohne SOFORT-START-AUTOMATIK. Ist der Anlaufwiderstand erst \u00fcberwunden, so l\u00e4uft die Pumpe bis die Sonnenkraft ganz schwach wird. So haben Sie und Ihre Lebewesen im Teich bis zu 100% mehr Freude an Ihrer Solarteichpumpe. Ihr Teich wird dadurch bis zu 100% besser mit Sauerstoff versorgt! Unser KNOW-HOW-Vorsprung = <b>GROSSE WIRKUNG zum SUPER-PREIS!<\/b><\/p>\n<p>Oasis 250-1 &#8211; Das Lebensgef\u00fchl f\u00fcr Ihre Teich-Oase!<\/p>\n<p><b>NOTE:<\/b> ACHTEN SIE BITTE BEIM SOLARMODUL AUF EINEN HOCHWERTIGEN ALU-RAHMEN. BILLIG-SOLARMODULE OHNE RAHMEN ODER MIT PLASTIK-RAHMEN SIND SEHR STOSS- UND WITTERUNGS-EMPFINDLICH UND GEHEN DESWEGEN SCHNELL KAPUTT!<\/p>\n<p>*Garantie gilt nur f\u00fcr die Teichpumpe, nicht f\u00fcr das Solarpanel oder Kabel.<\/p>\n<\/div>\n<h3>Many good reasons why you should buy this product:<\/h3>\n<div class=\"sale_motive\">\n<ul>\n<li>Verbessertes Modell mit <b>SOFORT-START-FUNKTION<\/b>, garantiert ein optimales Anlaufen der Pumpe und bis zu <span>100% mehr NUTZEN<\/span><\/li>\n<li>2 Jahre Garantie, Lebensdauer <b>\u00fcber 60.000 Betriebsstunden<\/b>*(Hinweis weiter unten)<\/li>\n<li>mit langlebigem, stabilem umd belastbarem <b>ALUMINIUM-RAHMEN<\/b><\/li>\n<li>Hochwertiges Solarpanel mit einer <b>LEISTUNG von 2,5 Watt<\/b> &#8211; ACHTEN SIE AUF DIE PANEL-LEISTUNG &#8211; Vergleichbare Solarpumpen mit weniger Leistung liefern nur unbefriedigende Ergebnisse.<\/li>\n<li>4 unterschiedliche Font\u00e4nenaufs\u00e4tze &#8211; 4 unterschiedliche Spritzbilder<\/li>\n<li>max. <b>F\u00f6rderh\u00f6he 90 cm<\/b>, max. <b>F\u00f6rdermenge 250 l\/h<\/b><\/li>\n<li>Improving the water quality in your pond (water circulation and oxygen enrichment)<\/li>\n<li>Plug-in solar pump system - ready for immediate use<\/li>\n<li>es wird kein zus\u00e4tzlicher Strom verbraucht &#8211; Betrieb ohne Folgekosten, das Verlegen von Kabeln im Garten entf\u00e4llt<\/li>\n<li>Adjustable angle of the solar module and 5 meter connection cable enable optimum positioning of the panel in sunny areas<\/li>\n<li>Integrated filter protects the pump (easy to clean)<\/li>\n<\/ul>\n<\/div>","protected":false},"excerpt":{"rendered":"<p>Leistung max. 2,5 Watt | Max. F\u00f6rderh\u00f6he 0,9m<br \/>\n  4 unterschiedliche Font\u00e4nenaufs\u00e4tze<\/p>","protected":false},"featured_media":32363,"comment_status":"open","ping_status":"closed","template":"","meta":[],"product_brand":[],"product_cat":[334,363,244],"product_tag":[],"class_list":{"0":"post-30284","1":"product","2":"type-product","3":"status-publish","4":"has-post-thumbnail","6":"product_cat-startseite-oeko","7":"product_cat-solar-teichpumpen","8":"product_cat-startseite-pumpe","10":"first","11":"instock","12":"taxable","13":"shipping-taxable","14":"purchasable","15":"product-type-simple"},"_links":{"self":[{"href":"https:\/\/testshop.igel.wovodo.de\/en\/wp-json\/wp\/v2\/product\/30284","targetHints":{"allow":["GET"]}}],"collection":[{"href":"https:\/\/testshop.igel.wovodo.de\/en\/wp-json\/wp\/v2\/product"}],"about":[{"href":"https:\/\/testshop.igel.wovodo.de\/en\/wp-json\/wp\/v2\/types\/product"}],"replies":[{"embeddable":true,"href":"https:\/\/testshop.igel.wovodo.de\/en\/wp-json\/wp\/v2\/comments?post=30284"}],"version-history":[{"count":3,"href":"https:\/\/testshop.igel.wovodo.de\/en\/wp-json\/wp\/v2\/product\/30284\/revisions"}],"predecessor-version":[{"id":39487,"href":"https:\/\/testshop.igel.wovodo.de\/en\/wp-json\/wp\/v2\/product\/30284\/revisions\/39487"}],"wp:featuredmedia":[{"embeddable":true,"href":"https:\/\/testshop.igel.wovodo.de\/en\/wp-json\/wp\/v2\/media\/32363"}],"wp:attachment":[{"href":"https:\/\/testshop.igel.wovodo.de\/en\/wp-json\/wp\/v2\/media?parent=30284"}],"wp:term":[{"taxonomy":"product_brand","embeddable":true,"href":"https:\/\/testshop.igel.wovodo.de\/en\/wp-json\/wp\/v2\/product_brand?post=30284"},{"taxonomy":"product_cat","embeddable":true,"href":"https:\/\/testshop.igel.wovodo.de\/en\/wp-json\/wp\/v2\/product_cat?post=30284"},{"taxonomy":"product_tag","embeddable":true,"href":"https:\/\/testshop.igel.wovodo.de\/en\/wp-json\/wp\/v2\/product_tag?post=30284"}],"curies":[{"name":"wp","href":"https:\/\/api.w.org\/{rel}","templated":true}]}}