{"id":30290,"date":"2024-10-31T14:08:05","date_gmt":"2024-10-31T13:08:05","guid":{"rendered":"https:\/\/testshop.igel.wovodo.de\/product\/universal-airbrushpistole-profi-airbrush-double-action-gun-134s-mit-druckluftschlauch\/"},"modified":"2025-01-27T12:29:39","modified_gmt":"2025-01-27T11:29:39","slug":"universal-airbrushpistole-profi-airbrush-double-action-gun-134s-mit-druckluftschlauch","status":"publish","type":"product","link":"https:\/\/testshop.igel.wovodo.de\/en\/product\/universal-airbrushpistole-profi-airbrush-double-action-gun-134s-mit-druckluftschlauch\/","title":{"rendered":"Universal &#8211; Airbrushpistole Profi-AirBrush Double-Action-Gun 134s mit Druckluftschlauch"},"content":{"rendered":"<div class=\"sale_application\">\n<b><\/p>\n<p>Ideal for cosmetics &amp; beauty (airbrush nail art, makeup, hair coloring, hair care, spray tanning), body art (body painting, tattoo, mask design), hobby (flowers\/ flower arrangements, model making, ceramics\/ pottery, textiles), small car designs (gas caps\/ helmets), technical illustrations\/ photo touch-ups and food decoration (cakes\/ cupcakes). The possibilities for airbrushing are practically unlimited.<\/p>\n<p><\/b> <\/div>\n<div class=\"sale_description\">\n<p>Die UNIVERSAL-Airbrush-Pistole <b>&#8220;Double-Action-Gun 134s&#8221;<\/b> ist einzigartig und einmalig f\u00fcr diese Preisklasse!<\/p>\n<p>Ausgestattet mit 0,2mm \/ 0,3mm \/ 0,5mm NADEL\/D\u00dcSE Kombination und 2 verschiedenen Farbbeh\u00e4ltern (7ml und 22ml) ist die Airbrush-Pistole &#8220;Double-Action-Gun 134s&#8221; besonders f\u00fcr den Beginner zum Kennenlernen der einzelnen Techniken und f\u00fcr ein z\u00fcgiges Arbeiten optimal geeignet. Damit lassen sich sowohl feine Linien ziehen, als auch gr\u00f6\u00dfere Fl\u00e4chen airbrushen. F\u00fcr gr\u00f6\u00dfere Farbmengen wird der 22ml-Glasbeh\u00e4lter und f\u00fcr kleinere Farbmengen der 7ml Metallaufsatz verwendet.<\/p>\n<p><b>Mit der UNIVERSAL-Airbrush-Pistole &#8220;Double-Action-Gun 134s&#8221; macht das Hobby richtig Spa\u00df!<\/b><\/p>\n<\/div>\n<h3>Many good reasons why you should buy this product:<\/h3>\n<div class=\"sale_motive\">\n<ul>\n<li>Extensive accessories <\/li>\n<li><strong>brillantes Spritzbild<\/strong><\/li>\n<li>erm\u00f6glichet ein breites Spektrum an Spr\u00fch- und Lackierarbeiten<\/li>\n<li>solide Verarbeitung<\/li>\n<li>Metall-Farbbeh\u00e4lter mit 7ml und ein Glasfarbbeh\u00e4lter mit 22l und Deckel erm\u00f6glichen einen schnellen Farbwechsel<\/li>\n<li>3 Nadeln inklusive 0,2mm \/ 0,3mm \/ 0,5mm<\/li>\n<li>zukunftsorientierte Bauweise <\/li>\n<li>formsch\u00f6nes Design <\/li>\n<li>Easy handling<\/li>\n<\/ul>\n<\/div>","protected":false},"excerpt":{"rendered":"<p>Spr\u00fchpistole <strong>inkl. 3 D\u00fcsen<\/strong> \/ Double-Action \/ 7ml verchromter Farbbeh\u00e4lter (gravity) \/ 22ml Farbbeh\u00e4lter (side) \/ Arbeitsdruck: 1 &#8211; 3,5bar \/ Aufbewahrungsbox<\/p>","protected":false},"featured_media":32377,"comment_status":"open","ping_status":"closed","template":"","meta":[],"product_brand":[],"product_cat":[209,210],"product_tag":[],"class_list":{"0":"post-30290","1":"product","2":"type-product","3":"status-publish","4":"has-post-thumbnail","6":"product_cat-airbrush-pistolen-set","7":"product_cat-airbrushpistolen-set","9":"first","10":"instock","11":"taxable","12":"shipping-taxable","13":"purchasable","14":"product-type-simple"},"_links":{"self":[{"href":"https:\/\/testshop.igel.wovodo.de\/en\/wp-json\/wp\/v2\/product\/30290","targetHints":{"allow":["GET"]}}],"collection":[{"href":"https:\/\/testshop.igel.wovodo.de\/en\/wp-json\/wp\/v2\/product"}],"about":[{"href":"https:\/\/testshop.igel.wovodo.de\/en\/wp-json\/wp\/v2\/types\/product"}],"replies":[{"embeddable":true,"href":"https:\/\/testshop.igel.wovodo.de\/en\/wp-json\/wp\/v2\/comments?post=30290"}],"version-history":[{"count":1,"href":"https:\/\/testshop.igel.wovodo.de\/en\/wp-json\/wp\/v2\/product\/30290\/revisions"}],"predecessor-version":[{"id":34906,"href":"https:\/\/testshop.igel.wovodo.de\/en\/wp-json\/wp\/v2\/product\/30290\/revisions\/34906"}],"wp:featuredmedia":[{"embeddable":true,"href":"https:\/\/testshop.igel.wovodo.de\/en\/wp-json\/wp\/v2\/media\/32377"}],"wp:attachment":[{"href":"https:\/\/testshop.igel.wovodo.de\/en\/wp-json\/wp\/v2\/media?parent=30290"}],"wp:term":[{"taxonomy":"product_brand","embeddable":true,"href":"https:\/\/testshop.igel.wovodo.de\/en\/wp-json\/wp\/v2\/product_brand?post=30290"},{"taxonomy":"product_cat","embeddable":true,"href":"https:\/\/testshop.igel.wovodo.de\/en\/wp-json\/wp\/v2\/product_cat?post=30290"},{"taxonomy":"product_tag","embeddable":true,"href":"https:\/\/testshop.igel.wovodo.de\/en\/wp-json\/wp\/v2\/product_tag?post=30290"}],"curies":[{"name":"wp","href":"https:\/\/api.w.org\/{rel}","templated":true}]}}