{"id":30293,"date":"2024-10-31T14:08:06","date_gmt":"2024-10-31T13:08:06","guid":{"rendered":"https:\/\/testshop.igel.wovodo.de\/product\/3-tiefbrunnenpumpe-brunnen-star-1100-4\/"},"modified":"2025-01-27T12:29:40","modified_gmt":"2025-01-27T11:29:40","slug":"3-tiefbrunnenpumpe-brunnen-star-1100-4","status":"publish","type":"product","link":"https:\/\/testshop.igel.wovodo.de\/en\/product\/3-tiefbrunnenpumpe-brunnen-star-1100-4\/","title":{"rendered":"3\u2033-Deep well pump BRUNNEN-STAR 1100-4"},"content":{"rendered":"<div class=\"sale_application\">\n<ul>\n<li>f\u00fcr Tiefbrunnenbohrungen<\/li>\n<li>zur Hauswasserversorgung<\/li>\n<li>zur Bew\u00e4sserung<\/li>\n<li>zur Beregnung<\/li>\n<li>f\u00fcr Anwendungen im Umweltschutz<\/li>\n<li>bei Grundwasserabsenkung<\/li>\n<li>for filling containers<\/li>\n<\/ul>\n<\/div>\n<div class=\"sale_description\">\n<p>Robuste, stabile Tiefbrunnenpumpe aus <strong>rostfreiem Edelsstahl<\/strong> f\u00fcr extrem tiefe Brunnenbohrungen (bis ca 90m). Die leistungsstarke Brunnenpumpe hat einen <strong>hochwertigen, gekapselten Elekromotor<\/strong>.<\/p>\n<p>Mit dieser leistungsstarken Tiefbrunnenpumpe ist die F\u00f6rderung von Wasser aus tiefen Bohrungen, Brunnen bzw. Wasserreservoirs mit einem Mindest-Durchmesser von 90mm kein Problem. Die Brunnenpumpe f\u00f6rdert sauberes Grundwasser mit hohem Druck weiter an die Abnahmestelle.<\/p>\n<p>Die 3&#8243;-Tiefbrunnenpumpe BRUNNEN-STAR 1100-4 hat eine Schalterbox mit einem <strong>integrierten Kondensator<\/strong>. Der Kondensator ist so leicht zug\u00e4nglich und kann bei Bedarf auch ausgetauscht werden. Sehr praktisch!<\/p>\n<p>Die 3&#8243;-Tiefbrunnenpumpe BRUNNEN-STAR 1100-4 erbringt eine maximale F\u00f6rdermenge von <b>4.500L\/h<\/b>. Die maximale F\u00f6rderh\u00f6he betr\u00e4gt <b>114m<\/b> und der maximale F\u00f6rderdruck liegt bei <b>11,4 bar<\/b>. Bitte beachten Sie, dass die F\u00f6rderleistung bei steigender F\u00f6rderh\u00f6he entsprechend abnimmt.<\/p>\n<p>Die Kabell\u00e4nge betr\u00e4gt insgesamt 15m (ca 2m Flachkabel \u00fcbergehend auf ca 13m Rundkabel). Rundkabel setzen wir ein, weil dieses einen gr\u00f6\u00dferen Querschnitt hat, als das Flachkabel und damit eine bessere Gesamtleistung der Pumpe erreicht wird (kleinerer Kabelwiderstand = bessere Pumpenleistung!)<\/p>\n<p>Diese leistungsstarke Brunnenpumpe f\u00f6rdert dank besonderen Bauweise wesentlich mehr Wasser als andere Pumpen mit vergleichbarem Energie-Verbrauch.<\/p>\n<p>Bitte beachten: Hohe Bestandteile an Sand, Eisen, Mangan und weiteren Mineralien haben Einflu\u00df auf die dauerhafte Funktionsf\u00e4higkeit aller Klarwasser-Brunnenpumpen. Wir empfehlen, vor dem Einsatz einer Brunnenpumpe das Brunnenwasser analysieren zu lassen. Gegebenenfalls sind Ma\u00dfnahmen zu treffen, um die Wasserqualit\u00e4t zu verbessern.<\/p>\n<p>Noch mehr Energie und Kosten sparen Sie, wenn Sie Ihre Pumpe mt einem effizienten Pumpen-Inverter erg\u00e4nzen. Unterst\u00fctzen Sie mit intelligenter Technik den Klima- und Umweltschutz, sparen Sie Stromkosten und sorgen teuren Reparaturen und Wartungsarbeiten vor. Die Inverter-Steuerung sorgt f\u00fcr besonders schonenden Pumpenbetrieb frei von Druckschl\u00e4gen.<\/p>\n<p>Bitte beachten: F\u00fcr die richtige Funktion der INVERTER-Pumpensteuerung  MUSS ein Druckausdehnungsgef\u00e4\u00df \/Drucktank mit einem Mindestvolumen von 2L in der Druckleitung in unmittelbarer N\u00e4he der Steuerung vorhanden sein. Bei unserer Zubeh\u00f6r-Auswahl k\u00f6nnen Sie f\u00fcr einen kleinen Aufpreis einen hochwertigen Drucktank (2 oder 8L) mitbestellen.<\/p>\n<\/div>\n<h3>Many good reasons why you should buy this product:<\/h3>\n<div class=\"sale_motive\">\n<ul>\n<li>durch<span class=\"high\"> wartungs- und leckfreie mechanische Dichtung<\/span> hat die Pumpe viel h\u00f6here Lebensdauer als herk\u00f6mmliche Pumpen<\/li>\n<li>leistungsstarke, solide Qualit\u00e4ts-Tiefbrunnenpumpe mit max<span class=\"high\"> 11,4bar<\/span> und max <span class=\"high\">4,500l\/h<\/span><\/li>\n<li>f\u00fcr tiefe Brunnenbohrungen bis ca. 100m<\/li>\n<li>ausgezeichnetes Preis- \/ Leistungsverh\u00e4ltnis!<\/li>\n<li>solide, kompakt und zuverl\u00e4ssig<\/li>\n<li>robustes rostfreies Edelstahlgeh\u00e4use mit Messingteilen<\/li>\n<li>keine Ansaugung von Bodensediment durch seitliche Ansaugung<\/li>\n<li>hochwertiger gekapselter Elektromotor<\/li>\n<li>leicht zug\u00e4nglicher Kondensator in der Anschluss-Box (immer ein Vorteil, da dies i.d.R. das Bauteil ist, was bei Tauchdruckpumpen einem gewissen Verschlei\u00df unterliegt)<\/li>\n<\/ul>\n<\/div>","protected":false},"excerpt":{"rendered":"<p>Tiefbrunnenpumpe 3 Zoll<br \/>\n  Hmax 114m | Qmax 4.500L\/h | Pmax 11,4 bar<\/p>\n<p><b>F\u00fcr extrem tiefe Bohrungen!<\/b><\/p>","protected":false},"featured_media":32387,"comment_status":"open","ping_status":"closed","template":"","meta":[],"product_brand":[],"product_cat":[227,224,300,299],"product_tag":[],"class_list":{"0":"post-30293","1":"product","2":"type-product","3":"status-publish","4":"has-post-thumbnail","6":"product_cat-3-brunnenpumpen-brunnenpumpen-mit-druckschalter-inverter","7":"product_cat-3-brunnenpumpen","8":"product_cat-3-zoll-brunnenpumpen","9":"product_cat-klarwasserpumpe","11":"first","12":"instock","13":"taxable","14":"shipping-taxable","15":"purchasable","16":"product-type-simple"},"_links":{"self":[{"href":"https:\/\/testshop.igel.wovodo.de\/en\/wp-json\/wp\/v2\/product\/30293","targetHints":{"allow":["GET"]}}],"collection":[{"href":"https:\/\/testshop.igel.wovodo.de\/en\/wp-json\/wp\/v2\/product"}],"about":[{"href":"https:\/\/testshop.igel.wovodo.de\/en\/wp-json\/wp\/v2\/types\/product"}],"replies":[{"embeddable":true,"href":"https:\/\/testshop.igel.wovodo.de\/en\/wp-json\/wp\/v2\/comments?post=30293"}],"version-history":[{"count":4,"href":"https:\/\/testshop.igel.wovodo.de\/en\/wp-json\/wp\/v2\/product\/30293\/revisions"}],"predecessor-version":[{"id":39489,"href":"https:\/\/testshop.igel.wovodo.de\/en\/wp-json\/wp\/v2\/product\/30293\/revisions\/39489"}],"wp:featuredmedia":[{"embeddable":true,"href":"https:\/\/testshop.igel.wovodo.de\/en\/wp-json\/wp\/v2\/media\/32387"}],"wp:attachment":[{"href":"https:\/\/testshop.igel.wovodo.de\/en\/wp-json\/wp\/v2\/media?parent=30293"}],"wp:term":[{"taxonomy":"product_brand","embeddable":true,"href":"https:\/\/testshop.igel.wovodo.de\/en\/wp-json\/wp\/v2\/product_brand?post=30293"},{"taxonomy":"product_cat","embeddable":true,"href":"https:\/\/testshop.igel.wovodo.de\/en\/wp-json\/wp\/v2\/product_cat?post=30293"},{"taxonomy":"product_tag","embeddable":true,"href":"https:\/\/testshop.igel.wovodo.de\/en\/wp-json\/wp\/v2\/product_tag?post=30293"}],"curies":[{"name":"wp","href":"https:\/\/api.w.org\/{rel}","templated":true}]}}