{"id":30320,"date":"2024-10-31T14:08:22","date_gmt":"2024-10-31T13:08:22","guid":{"rendered":"https:\/\/testshop.igel.wovodo.de\/product\/3-tiefbrunnenpumpe-screw-star-550-4-230v\/"},"modified":"2025-01-27T12:29:48","modified_gmt":"2025-01-27T11:29:48","slug":"3-tiefbrunnenpumpe-screw-star-550-4-230v","status":"publish","type":"product","link":"https:\/\/testshop.igel.wovodo.de\/en\/product\/3-tiefbrunnenpumpe-screw-star-550-4-230v\/","title":{"rendered":"3\u2033 SCREW-STAR 550-4-230V deep well pump"},"content":{"rendered":"<div class=\"sale_application\">\n<ul>\n<li>for all deep wells<\/li>\n<li>for light to medium sand volumes<\/li>\n<li>for garden irrigation or sprinkling<\/li>\n<li>for groundwater lowering<\/li>\n<li>for filling containers<\/li>\n<\/ul><\/div>\n<div class=\"sale_description\">\n<p>Robust, stable, sand-resistant deep well screw pump made of stainless steel for extremely deep boreholes. With this robust deep well pump, pumping water from extremely deep boreholes, wells or water reservoirs is no problem. This well pump delivers the water to the point of use at high pressure. It is ideally suited for all well diameters of at least 90 mm.<\/p>\n<p>Die maximale F\u00f6rdermenge betr\u00e4gt 1.500L\/h, die maximale F\u00f6rderh\u00f6he 90m und der maximale F\u00f6rderdruck 9bar. Bitte beachten Sie, dass die F\u00f6rdermenge bei steigender F\u00f6rderh\u00f6he entsprechend abnimmt.<\/p>\n<p>This well pump is one of the few genuine deep well pumps that can also cope with sand quantities at which the usual impeller pumps fail after a short time! However, the higher the sand content, the greater the wear on the screw conveyor and coupling. For this reason, we recommend always ordering the spare parts set as a wear part when sand is present. For this purpose, the pump housing can be opened and the stainless steel screw conveyor and the hard rubber coupling can be easily replaced.<\/p>\n<p>How do you determine how much sand is in the water? Simply let 500-1000 liters of water run into a high container so that water runs over the edge but the sand can settle. Measure the amount of water and then the weight of the deposited sand. Then calculate the quantity ratio.<\/p>\n<p>Trotz geringer elektrischer Energieaufnahme von nur 550W wird eine eine hohe hydraulische Leistung erbracht.<\/p>\n<p><strong>This well pump will save you money in the long run!<\/strong><\/p>\n<\/p><\/div>\n<h3>Many good reasons why you should buy this product:<\/h3>\n<div class=\"sale_motive\">\n<ul>\n<li>Inexpensive, solid deep well pumps<\/li>\n<li>energy-saving<\/li>\n<li>f\u00fcr extrem tiefe Brunnenbohrungen (bis zu 70m)<\/li>\n<li>sand-compatible<\/li>\n<li>Reliable, powerful<\/li>\n<li>Long service life<\/li>\n<li>Oil-bearing motor<\/li>\n<li>Stainless steel housing with brass and cast iron parts<\/li>\n<\/ul>\n<\/div>","protected":false},"excerpt":{"rendered":"<p>230V\/50HZ-Brunnenpumpe | 550W<br \/>\n  Hmax. 90m | Qmax. 1.500L\/h | Pmax. 9bar<\/p>\n<p><b>Robust, stainless steel housing<\/b><\/p>","protected":false},"featured_media":39758,"comment_status":"open","ping_status":"closed","template":"","meta":[],"product_brand":[],"product_cat":[227,224,411,267],"product_tag":[],"class_list":{"0":"post-30320","1":"product","2":"type-product","3":"status-publish","4":"has-post-thumbnail","6":"product_cat-3-brunnenpumpen-brunnenpumpen-mit-druckschalter-inverter","7":"product_cat-3-brunnenpumpen","8":"product_cat-3-zoll-schraubenpumpe","9":"product_cat-sandvertraeglich","11":"first","12":"instock","13":"sale","14":"taxable","15":"shipping-taxable","16":"purchasable","17":"product-type-simple"},"_links":{"self":[{"href":"https:\/\/testshop.igel.wovodo.de\/en\/wp-json\/wp\/v2\/product\/30320","targetHints":{"allow":["GET"]}}],"collection":[{"href":"https:\/\/testshop.igel.wovodo.de\/en\/wp-json\/wp\/v2\/product"}],"about":[{"href":"https:\/\/testshop.igel.wovodo.de\/en\/wp-json\/wp\/v2\/types\/product"}],"replies":[{"embeddable":true,"href":"https:\/\/testshop.igel.wovodo.de\/en\/wp-json\/wp\/v2\/comments?post=30320"}],"version-history":[{"count":4,"href":"https:\/\/testshop.igel.wovodo.de\/en\/wp-json\/wp\/v2\/product\/30320\/revisions"}],"predecessor-version":[{"id":39491,"href":"https:\/\/testshop.igel.wovodo.de\/en\/wp-json\/wp\/v2\/product\/30320\/revisions\/39491"}],"wp:featuredmedia":[{"embeddable":true,"href":"https:\/\/testshop.igel.wovodo.de\/en\/wp-json\/wp\/v2\/media\/39758"}],"wp:attachment":[{"href":"https:\/\/testshop.igel.wovodo.de\/en\/wp-json\/wp\/v2\/media?parent=30320"}],"wp:term":[{"taxonomy":"product_brand","embeddable":true,"href":"https:\/\/testshop.igel.wovodo.de\/en\/wp-json\/wp\/v2\/product_brand?post=30320"},{"taxonomy":"product_cat","embeddable":true,"href":"https:\/\/testshop.igel.wovodo.de\/en\/wp-json\/wp\/v2\/product_cat?post=30320"},{"taxonomy":"product_tag","embeddable":true,"href":"https:\/\/testshop.igel.wovodo.de\/en\/wp-json\/wp\/v2\/product_tag?post=30320"}],"curies":[{"name":"wp","href":"https:\/\/api.w.org\/{rel}","templated":true}]}}