{"id":30333,"date":"2024-10-31T14:08:30","date_gmt":"2024-10-31T13:08:30","guid":{"rendered":"https:\/\/testshop.igel.wovodo.de\/product\/inverter-pumpensteuerung-3-15kw-1230v-verkabelt-ipc-3-vk\/"},"modified":"2025-01-27T12:29:51","modified_gmt":"2025-01-27T11:29:51","slug":"inverter-pumpensteuerung-3-15kw-1230v-verkabelt-ipc-3-vk","status":"publish","type":"product","link":"https:\/\/testshop.igel.wovodo.de\/en\/product\/inverter-pumpensteuerung-3-15kw-1230v-verkabelt-ipc-3-vk\/","title":{"rendered":"INVERTER-Pumpensteuerung 3-1,5KW 1*230V, verkabelt (IPC-3-VK)"},"content":{"rendered":"<div class=\"sale_application\">\n<ul>\n<li>Automatische, intelligente, selbst\u00fcberwachende Pumpensteuerung<\/li>\n<li>F\u00fcr alle 230Volt Brunnen- und Kreiselpumpen mit einem Druckaufbau gr\u00f6\u00dfer 3bar <\/li>\n<li>Optimal f\u00fcr Pumpenbetrieb mit stark wechselnder Belastung \/F\u00f6rdermengen<\/li>\n<li>Die bedarfsgeregelte Pumpenleistung f\u00fchrt zu einer enormen Energie-Einsparung von bis zu 85%<\/li>\n<\/ul>\n<\/div>\n<div class=\"sale_description\">\n<p>The <b>INVERTER-Pumpensteuerung 3-1,5KW 1*230V, verkabelt (IPC-3-VK)<\/b> ist ein variabler Frequenz-Controller f\u00fcr <b>einphasige 230-Volt-Pumpen<\/b> bis max. <b>1500 Watt<\/b> Nenn-Leistung, basierend auf der innovativen in der Industrie bew\u00e4hrten Technologie.<\/p>\n<p>Im Set mit Verschraubung Messing 1&#8243; Zoll IG auf 1&#8243; Zoll AG<\/p>\n<p>Die Inverter-Pumpensteuerung schaltet die Pumpe sanft ein und passt die Drehzahl der Pumpe dem eingestellten Druck an.<\/p>\n<p>Neueste Erkenntnisse der Pumpentechnik und Elektronik f\u00fchrten zu einem Ger\u00e4t, welches die zeitgem\u00e4\u00dfe Anforderungen an <b>maximale Energie-Einsparung und schonendem Pumpenbetrieb beim optimalen Preis-Leistungs-Verh\u00e4ltnis hervorragend erf\u00fcllt<\/b>. Die innovative PWM-Technologie (pulse-width-modulation), ein besonders leistungsf\u00e4higer Prozessor-Chip, die Anwendung der VVVF-Technik (frequency-conversion-variable-pressure-control) in Verbindung mit der Drucksensor-Technik f\u00fchrten zu einem innovativ f\u00fchrenden Ger\u00e4t und einer enormen Kostenersparnis. Damit ist die bisher sehr teure Technik auch f\u00fcr den privaten Anwender sehr interessant geworden und amortisiert sich durch Stromkostenersparnis innerhalb k\u00fcrzester Zeit.<\/p>\n<p>Dar\u00fcber hinaus sind vielf\u00e4ltige Pumpen-\u00dcberwachungsfunktionen integriert: <b>System-Leckkontrolle, Trockenlaufschutz, \u00dcber &#8211; und Unterspannnung-Schutz, Maximal-Strombegrenzung<\/b> und viele andere Funktionen. Die gesamte Elektronik dieses Inverters ist <b>wasserdicht versiegelt<\/b>, was einen wesentlich verbesserten Kondeswasserschutz bedeutet.<\/p>\n<h2>Our tips:<\/h2>\n<p>Ein tropfender Wasserhahn oder ein nicht 100%-dichtes WC-Ventil verursachen das Takten der Pumpe. Dadurch werden <b>hohe Stromkosten<\/b> und i.d.R. sehr <b>teure Pumpensch\u00e4den<\/b> verursacht bzw. die Pumpen werden irreparabel besch\u00e4digt. Die intelligente Selbst\u00fcberwachung der INVERTER-Pumpensteuerung 3-1,5KW 1*230V, verkabelt (IPC-3-VK) registriert das Takten der Pumpe und unterbricht den Pumpen-Betrieb, um Sch\u00e4den zu vermeiden. Nach \u00dcberpr\u00fcfung der Betriebsbedingungen wird der Pumpbetrieb nach M\u00f6glichkeit fortgesetzt und die Fehlerdiagnose angezeigt. So werden auch Sch\u00e4den durch geplatzte Wasser-Leitungen und \u00fcberlaufende Keller sicher vermieden!<\/p>\n<p><b><font color=\"FF0000\">Bitte beachten:<\/font><\/b> F\u00fcr die richtige Funktion der INVERTER-Pumpensteuerung 3-1,5KW 1*230V, verkabelt (IPC-3-VK) <b>MUSS ein Druckausdehnungsgef\u00e4\u00df \/Drucktank<\/b> mit einem Mindestvolumen von 2L in der Druckleitung in unmittelbarer N\u00e4he der Steuerung vorhanden sein. Bei unserer Zubeh\u00f6r-Auswahl k\u00f6nnen Sie f\u00fcr einen kleinen Aufpreis einen hochwertigen Drucktank (2 oder 8L) mitbestellen.<\/p>\n<p>Wir empfehlen stets die Installation eines geeigneten Vorfilters vor der Pumpe oder Inverter.<\/p>\n<div style=\"background: rgba(250,199,30,1.00); padding: 8px;\">Bitte beachten Sie, dass der max. Anlaufstrom durch die Bauart Ihrer Pumpe vorgegeben ist. Zum Schutz der Ger\u00e4te wird er im Inverter begrenzt. Der max. Anlaufstrom der Pumpe muss kleiner sein, als der max.zul\u00e4ssige Inverter-Strom. Somit k\u00f6nnen wir die Funktion einer beliebigen Inverter\/Pumpe-Kombination nicht gew\u00e4hrleisten.<\/div>\n<p>\n<\/div>\n<h3>Many good reasons why you should buy this product:<\/h3>\n<div class=\"sale_motive\">\n<ul>\n<li>    Automatisches bedarfsorientiertes Ein- und Ausschalten von Pumpen<\/li>\n<li>ENERGIESPARENDER Pumpen-Betrieb: Bis zu 85% Energiereduzierung bei Pumpen-Betrieb mit wechselnder Belastung<\/li>\n<li>Sorgt f\u00fcr konstanten Wasserdruck in den Leitungen<\/li>\n<li>Intelligente Technik f\u00fcr optimalen Klima- und Umweltschutz<\/li>\n<li>Druckminderer-Funktion: reduziert den maximalen Pumpendruck auf den eingestellten Druck im Leitungssystem<\/li>\n<li>Wassergek\u00fchlter Inverter: kann auch bei eingeschr\u00e4nkter Luftk\u00fchlung eingesetzt werden<\/li>\n<li>Minimiert die durchschnittliche Ger\u00e4uschentwicklung<\/li>\n<li>Vermeidet gef\u00e4hrliche Druckschl\u00e4ge in den Wasserleitungen<\/li>\n<li>Erh\u00f6ht wesentlich die Lebensdauer der Pumpe und der Wasserleitungen<\/li>\n<li>Vermindert das \u00dcberschwemmungsrisiko durch undichte Wasserleitungen<\/li>\n<li>Zuverl\u00e4ssiger integrierter Trockenlaufschutz mit einstellbarem Auto-Start<\/li>\n<li>Built-in non-return valve<\/li>\n<li>Intelligent self-monitoring functions<\/li>\n<li>2*Kabel mit Stecker und Dose f\u00fcr schnelle und einfache Installation<\/li>\n<li>leicht zu Bedienen durch voreingestellte Standard-Werte\n<\/li>\n<\/ul>\n<\/div>","protected":false},"excerpt":{"rendered":"<p>INVERTER-Pumpensteuerung<br \/>\n  <b>Pmax. 10bar<\/p>\n<p>F\u00fcr eine hohe Energie-Ersparnis &amp; ein langes Pumpenleben!<\/b><\/p>","protected":false},"featured_media":32401,"comment_status":"open","ping_status":"closed","template":"","meta":[],"product_brand":[],"product_cat":[337,338,339,435,295,341,298,315],"product_tag":[],"class_list":{"0":"post-30333","1":"product","2":"type-product","3":"status-publish","4":"has-post-thumbnail","6":"product_cat-inverter-steuerung","7":"product_cat-230-volt-monophase","8":"product_cat-230v-230v-monophase","9":"product_cat-230-volt-dreiphasen","10":"product_cat-druckschalter","11":"product_cat-wasser-gekuehlt","12":"product_cat-druckschalter-einstellbar","13":"product_cat-inverter-pumpensteuerung-inverter-pumpe","15":"first","16":"instock","17":"taxable","18":"shipping-taxable","19":"purchasable","20":"product-type-simple"},"_links":{"self":[{"href":"https:\/\/testshop.igel.wovodo.de\/en\/wp-json\/wp\/v2\/product\/30333","targetHints":{"allow":["GET"]}}],"collection":[{"href":"https:\/\/testshop.igel.wovodo.de\/en\/wp-json\/wp\/v2\/product"}],"about":[{"href":"https:\/\/testshop.igel.wovodo.de\/en\/wp-json\/wp\/v2\/types\/product"}],"replies":[{"embeddable":true,"href":"https:\/\/testshop.igel.wovodo.de\/en\/wp-json\/wp\/v2\/comments?post=30333"}],"version-history":[{"count":1,"href":"https:\/\/testshop.igel.wovodo.de\/en\/wp-json\/wp\/v2\/product\/30333\/revisions"}],"predecessor-version":[{"id":34949,"href":"https:\/\/testshop.igel.wovodo.de\/en\/wp-json\/wp\/v2\/product\/30333\/revisions\/34949"}],"wp:featuredmedia":[{"embeddable":true,"href":"https:\/\/testshop.igel.wovodo.de\/en\/wp-json\/wp\/v2\/media\/32401"}],"wp:attachment":[{"href":"https:\/\/testshop.igel.wovodo.de\/en\/wp-json\/wp\/v2\/media?parent=30333"}],"wp:term":[{"taxonomy":"product_brand","embeddable":true,"href":"https:\/\/testshop.igel.wovodo.de\/en\/wp-json\/wp\/v2\/product_brand?post=30333"},{"taxonomy":"product_cat","embeddable":true,"href":"https:\/\/testshop.igel.wovodo.de\/en\/wp-json\/wp\/v2\/product_cat?post=30333"},{"taxonomy":"product_tag","embeddable":true,"href":"https:\/\/testshop.igel.wovodo.de\/en\/wp-json\/wp\/v2\/product_tag?post=30333"}],"curies":[{"name":"wp","href":"https:\/\/api.w.org\/{rel}","templated":true}]}}