{"id":30368,"date":"2024-10-31T14:08:48","date_gmt":"2024-10-31T13:08:48","guid":{"rendered":"https:\/\/testshop.igel.wovodo.de\/product\/4-tiefbrunnenpumpe-brunnen-star-370-7\/"},"modified":"2025-01-27T12:30:04","modified_gmt":"2025-01-27T11:30:04","slug":"4-tiefbrunnenpumpe-brunnen-star-370-7","status":"publish","type":"product","link":"https:\/\/testshop.igel.wovodo.de\/en\/product\/4-tiefbrunnenpumpe-brunnen-star-370-7\/","title":{"rendered":"4\u2033 Deep well pump BRUNNEN-STAR 370-7"},"content":{"rendered":"<div class=\"sale_application\">\n<ul>\n<li>4-Zoll Brunnenpumpe f\u00fcr eine Mindest-Schachtbreite von nur 110 mm | 370 Watt<\/li>\n<li>zur Hauswasserversorgung<\/li>\n<li>zur Bew\u00e4sserung<\/li>\n<li>zur Beregnung<\/li>\n<li>f\u00fcr Anwendungen im Umweltschutz<\/li>\n<li>bei Grundwasserabsenkung<\/li>\n<li>for filling containers<\/li>\n<\/ul><\/div>\n<div class=\"sale_description\">\n<p>Robuste, stabile Tiefbrunnenpumpe aus rostfreiem Edelsstahl f&uuml;r tiefe Brunnenbohrungen (bis ca 25m).<br \/>\n  Die maximale F&ouml;rdermenge dieser leistungsstarken 4-Zoll-Brunnenpumpe betr&auml;gt 4.200l\/h.<\/p>\n<p>Die Brunnenpumpe hat eine Schalterbox mit einem integrierten Kondensator. Der Kondensator ist so leicht zug\u00e4nglich und kann bei Bedarf auch ausgetauscht werden. Sehr praktisch!<\/p>\n<p>Mit dieser robusten Brunnenpumpe ist die F&ouml;rderung von Wasser aus extrem tiefen Bohrungen, Brunnen bzw. Wasserreservoirs kein Problem. Diese Brunnenpumpe f&ouml;rdert mit hohem Druck weiter an die Abnahmestelle. Dank der besonderen Bauweise f&ouml;rdert diese Tiefbrunnenpumpe wesentlich mehr Wasser als andere Pumpen mit vergleichbarem Energie-Verbrauch.<br \/>\n  Daher bezeichnen wir diese Pumpe als echte ENERGIE-SPARPUMPE!<\/p>\n<p>Noch mehr <b>Energie und Kosten sparen<\/b> Sie, wenn Sie Ihre Pumpe mit einem <b>effizienten<\/b> Pumpen-Inverter erg\u00e4nzen. Unterst\u00fctzen Sie mit intelligenter Technik den <b>Klima- und Umweltschutz, sparen Sie Stromkosten und sorgen teuren Reparaturen und Wartungsarbeiten<\/b> vor. Die Inverter-Steuerung sorgt f\u00fcr besonders schonenden Pumpenbetrieb frei von Druckschl\u00e4gen.<\/p>\n<p>Bitte beachten: F\u00fcr die richtige Funktion der INVERTER-Pumpensteuerung  MUSS ein Druckausdehnungsgef\u00e4\u00df \/Drucktank mit einem Mindestvolumen von 2L in der Druckleitung in unmittelbarer N\u00e4he der Steuerung vorhanden sein. Bei unserer Zubeh\u00f6r-Auswahl k\u00f6nnen Sie f\u00fcr einen kleinen Aufpreis einen hochwertigen Drucktank (2 oder 8L) mitbestellen.<\/p>\n<\/div>\n<h3>Many good reasons why you should buy this product:<\/h3>\n<div class=\"sale_motive\">\n<ul>\n<li>Material: Edelstahl, Messing, Gu\u00dfeisen<\/li>\n<li>gekapselter Elektromotor mit \u00d6ldauerschmierung (\u00f6l-gelagerter Motor)<\/li>\n<li>keine Ansaugung von Bodensediment durch seitliche Ansaugung<\/li>\n<li>durch wartungs- und leckfreie mechanische Dichtung hat die Pumpe viel h\u00f6here Lebensdauer als herk\u00f6mmliche Pumpen<\/li>\n<li>Ideal zur Gartenbew\u00e4sserung und -beregnung | Ideal zum Bef\u00fcllen von Beh\u00e4ltern<\/li>\n<\/ul>\n<\/div>","protected":false},"excerpt":{"rendered":"<p>Leistung: 370 Watt | max. F\u00f6rdermenge: 4,2 m\u00b3\/h | max. Druck: 3,2 bar<\/p>","protected":false},"featured_media":32615,"comment_status":"open","ping_status":"closed","template":"","meta":[],"product_brand":[],"product_cat":[204,407,215,305,299],"product_tag":[],"class_list":{"0":"post-30368","1":"product","2":"type-product","3":"status-publish","4":"has-post-thumbnail","6":"product_cat-brunnenpumpen","7":"product_cat-4-brunnenpumpen-brunnenpumpen-mit-druckschalter-inverter","8":"product_cat-4-brunnenpumpen","9":"product_cat-4-zoll-brunnenpumpen","10":"product_cat-klarwasserpumpe","12":"first","13":"instock","14":"taxable","15":"shipping-taxable","16":"purchasable","17":"product-type-simple"},"_links":{"self":[{"href":"https:\/\/testshop.igel.wovodo.de\/en\/wp-json\/wp\/v2\/product\/30368","targetHints":{"allow":["GET"]}}],"collection":[{"href":"https:\/\/testshop.igel.wovodo.de\/en\/wp-json\/wp\/v2\/product"}],"about":[{"href":"https:\/\/testshop.igel.wovodo.de\/en\/wp-json\/wp\/v2\/types\/product"}],"replies":[{"embeddable":true,"href":"https:\/\/testshop.igel.wovodo.de\/en\/wp-json\/wp\/v2\/comments?post=30368"}],"version-history":[{"count":1,"href":"https:\/\/testshop.igel.wovodo.de\/en\/wp-json\/wp\/v2\/product\/30368\/revisions"}],"predecessor-version":[{"id":34983,"href":"https:\/\/testshop.igel.wovodo.de\/en\/wp-json\/wp\/v2\/product\/30368\/revisions\/34983"}],"wp:featuredmedia":[{"embeddable":true,"href":"https:\/\/testshop.igel.wovodo.de\/en\/wp-json\/wp\/v2\/media\/32615"}],"wp:attachment":[{"href":"https:\/\/testshop.igel.wovodo.de\/en\/wp-json\/wp\/v2\/media?parent=30368"}],"wp:term":[{"taxonomy":"product_brand","embeddable":true,"href":"https:\/\/testshop.igel.wovodo.de\/en\/wp-json\/wp\/v2\/product_brand?post=30368"},{"taxonomy":"product_cat","embeddable":true,"href":"https:\/\/testshop.igel.wovodo.de\/en\/wp-json\/wp\/v2\/product_cat?post=30368"},{"taxonomy":"product_tag","embeddable":true,"href":"https:\/\/testshop.igel.wovodo.de\/en\/wp-json\/wp\/v2\/product_tag?post=30368"}],"curies":[{"name":"wp","href":"https:\/\/api.w.org\/{rel}","templated":true}]}}