{"id":30389,"date":"2024-10-31T14:08:59","date_gmt":"2024-10-31T13:08:59","guid":{"rendered":"https:\/\/testshop.igel.wovodo.de\/product\/dieselpumpe-diesel-profi-600-4-230v\/"},"modified":"2025-01-27T12:30:11","modified_gmt":"2025-01-27T11:30:11","slug":"dieselpumpe-diesel-profi-600-4-230v","status":"publish","type":"product","link":"https:\/\/testshop.igel.wovodo.de\/en\/product\/dieselpumpe-diesel-profi-600-4-230v\/","title":{"rendered":"Dieselpumpe Diesel Profi 600-4 &#8211; 230V"},"content":{"rendered":"<div class=\"sale_application\">\n<ul>\n<li>Bef\u00fcllen, Umpumpen, Umf\u00fcllen, Entleeren von Diesel- und Heiz\u00f6l-Tanks<\/li>\n<li><b>Pumpe ist nach erster Bef\u00fcllung \/ Entl\u00fcftung selbstansaugen<\/b><\/li>\n<\/ul>\n<\/div>\n<div class=\"sale_description\">\n<p>Kraftvolle Dieself\u00f6rderung mit unserer elektrischen <b>Diesel Profi 600-4 &#8211; 230V<\/b>. Untentbehrlich f\u00fcr jeden Fuhrpark, KFZ-Werkst\u00e4tten, Landwirtschaft, Autoverwertung usw! Wer viele Baumaschinen zu betanken hat, wird mit unserer Diesel-Pumpe seine Freude dran haben! Hiermit betanken Sie m\u00fchelos jegliche Art von Fahrzeugen und Maschinen. F\u00fcr diese Dieselpumpe ist auch das Umf\u00fcllen von Heiz\u00f6ltanks kein Problem.<br \/>\n<br \/>\nDie Motorleistung von 600W erm\u00f6glicht eine <strong>Durchflussmenge von 2400l\/h&nbsp;<\/strong>und eine <strong>maximale&nbsp;F\u00f6rderh\u00f6he von <\/strong><span style=\"color: black\"><strong>41m. <\/strong>Bitte beachten: Bei steigender F\u00f6rderh\u00f6he sinkt die F\u00f6rdermenge entsprechend.<\/span><\/p>\n<p><iframe src=\"https:\/\/www.youtube-nocookie.com\/embed\/o6fRRFBhbiw?rel=0\" title=\"YouTube video player\" allow=\"accelerometer; autoplay; clipboard-write; encrypted-media; gyroscope; picture-in-picture\" allowfullscreen=\"\" width=\"560\" height=\"315\" frameborder=\"0\"><\/iframe><\/p>\n<p><span style=\"color: black\">Alle Diesel-Pumpen sind <strong>EINZELST\u00dcCK-gepr\u00fcft <\/strong>auf Ihre Funktion.<\/span> Daher k\u00f6nnen Reste der Pr\u00fcffl\u00fcssigkeit in der Pumpe \/ Verpackung vorhanden sein.<\/p>\n<p><b>Note: <\/b>Die Dieselpumpe und die Saugleitung sind bei der Inbetriebnahme blasenfrei mit Diesel zu bef\u00fcllen. Ein R\u00fcckschlagventil <b>(NICHT im LIeferumfang enthalten)<\/b> muss unbedingt am Ende der Saugleitung montiert und dicht sein.\n<\/p>\n<\/div>\n<h3>Many good reasons why you should buy this product:<\/h3>\n<div class=\"sale_motive\">\n<ul>\n<li>Wir verwenden nur zuverl\u00e4ssige Bauteile, so dass SIE damit keine Probleme haben!<\/li>\n<li><b>Pumpe ist nach erster Bef\u00fcllung \/ Entl\u00fcftung selbstansaugen<\/b><\/li>\n<li>schwere, robuste, zuverl\u00e4ssige Qualit\u00e4t<\/li>\n<li>\"On\" and \"Off\" switch with safety device<\/li>\n<\/ul>\n<p><b><br \/>\n<\/b><\/div>","protected":false},"excerpt":{"rendered":"<p><span style=\"font-size: 11pt\">PROFI-Diesel-Pumpe 230 Volt mit 2 Alu-T\u00fcllen u. Schlauchschellen<br \/>\nmax. F\u00f6rdermenge 2400 l\/ h | max. F\u00f6rderh\u00f6he 41 m | max. F\u00f6rderdruck 4,1 bar<\/span>&nbsp;<\/p>\n<p><span style=\"font-size: 11pt\">Mit weiterer Zubeh\u00f6r-Auswahl!<\/span><\/p>","protected":false},"featured_media":32693,"comment_status":"open","ping_status":"closed","template":"","meta":[],"product_brand":[],"product_cat":[229,287],"product_tag":[],"class_list":{"0":"post-30389","1":"product","2":"type-product","3":"status-publish","4":"has-post-thumbnail","6":"product_cat-230v-pumpen","7":"product_cat-diesel-pumpen","9":"first","10":"instock","11":"taxable","12":"shipping-taxable","13":"purchasable","14":"product-type-simple"},"_links":{"self":[{"href":"https:\/\/testshop.igel.wovodo.de\/en\/wp-json\/wp\/v2\/product\/30389","targetHints":{"allow":["GET"]}}],"collection":[{"href":"https:\/\/testshop.igel.wovodo.de\/en\/wp-json\/wp\/v2\/product"}],"about":[{"href":"https:\/\/testshop.igel.wovodo.de\/en\/wp-json\/wp\/v2\/types\/product"}],"replies":[{"embeddable":true,"href":"https:\/\/testshop.igel.wovodo.de\/en\/wp-json\/wp\/v2\/comments?post=30389"}],"version-history":[{"count":3,"href":"https:\/\/testshop.igel.wovodo.de\/en\/wp-json\/wp\/v2\/product\/30389\/revisions"}],"predecessor-version":[{"id":38393,"href":"https:\/\/testshop.igel.wovodo.de\/en\/wp-json\/wp\/v2\/product\/30389\/revisions\/38393"}],"wp:featuredmedia":[{"embeddable":true,"href":"https:\/\/testshop.igel.wovodo.de\/en\/wp-json\/wp\/v2\/media\/32693"}],"wp:attachment":[{"href":"https:\/\/testshop.igel.wovodo.de\/en\/wp-json\/wp\/v2\/media?parent=30389"}],"wp:term":[{"taxonomy":"product_brand","embeddable":true,"href":"https:\/\/testshop.igel.wovodo.de\/en\/wp-json\/wp\/v2\/product_brand?post=30389"},{"taxonomy":"product_cat","embeddable":true,"href":"https:\/\/testshop.igel.wovodo.de\/en\/wp-json\/wp\/v2\/product_cat?post=30389"},{"taxonomy":"product_tag","embeddable":true,"href":"https:\/\/testshop.igel.wovodo.de\/en\/wp-json\/wp\/v2\/product_tag?post=30389"}],"curies":[{"name":"wp","href":"https:\/\/api.w.org\/{rel}","templated":true}]}}